{"id":13314,"date":"2024-02-06T10:32:52","date_gmt":"2024-02-06T10:32:52","guid":{"rendered":"https:\/\/evagrisdansa.com\/?page_id=13314"},"modified":"2024-10-08T09:00:43","modified_gmt":"2024-10-08T09:00:43","slug":"canto","status":"publish","type":"page","link":"https:\/\/evagrisdansa.com\/ca\/disciplinas\/canto\/","title":{"rendered":"Cant"},"content":{"rendered":"<div data-elementor-type=\"wp-page\" data-elementor-id=\"13314\" class=\"elementor elementor-13314\">\n\t\t\t\t\t\t<section class=\"elementor-section elementor-top-section elementor-element elementor-element-1116c2e elementor-section-full_width elementor-section-height-default elementor-section-height-default\" data-id=\"1116c2e\" data-element_type=\"section\" data-settings=\"{&quot;background_background&quot;:&quot;classic&quot;}\">\n\t\t\t\t\t\t<div class=\"elementor-container elementor-column-gap-no\">\n\t\t\t\t\t<div class=\"elementor-column elementor-col-100 elementor-top-column elementor-element elementor-element-b39798f\" data-id=\"b39798f\" data-element_type=\"column\" data-settings=\"{&quot;background_background&quot;:&quot;classic&quot;}\">\n\t\t\t<div class=\"elementor-widget-wrap elementor-element-populated\">\n\t\t\t\t\t\t<div class=\"elementor-element elementor-element-01f56f4 elementor-invisible elementor-widget elementor-widget-beatmove_core_custom_font\" data-id=\"01f56f4\" data-element_type=\"widget\" data-settings=\"{&quot;_animation&quot;:&quot;fadeIn&quot;}\" data-widget_type=\"beatmove_core_custom_font.default\">\n\t\t\t\t<div class=\"elementor-widget-container\">\n\t\t\t\t\t<h1 class=\"qodef-shortcode qodef-m  qodef-custom-font  qodef-custom-font-989 qodef-layout--simple\" style=\"color: #FFFFFF;font-family: Sora;font-size: 50px;line-height: 180px;letter-spacing: 0px;font-weight: 300;text-transform: uppercase\">\n\tClases de canto en Cornell\u00e1<!--<span class=\"qode--char-holder\">-->\n<!--\t\t<span class=\"qode--char-initial\">-->\n<!---->\n<!--\t\t<\/span>-->\n<!--\t\t<span class=\"qode--char-appeared\">-->\n<!---->\n<!--\t\t<\/span>-->\n<!--\t<\/span>-->\n<\/h1>\n\t\t\t\t<\/div>\n\t\t\t\t<\/div>\n\t\t\t\t\t<\/div>\n\t\t<\/div>\n\t\t\t\t\t<\/div>\n\t\t<\/section>\n\t\t\t\t<section class=\"elementor-section elementor-top-section elementor-element elementor-element-7712bb6 elementor-section-full_width qodef-elementor-content-grid elementor-section-stretched elementor-section-height-default elementor-section-height-default\" data-id=\"7712bb6\" data-element_type=\"section\" data-settings=\"{&quot;background_background&quot;:&quot;classic&quot;,&quot;stretch_section&quot;:&quot;section-stretched&quot;}\">\n\t\t\t\t\t\t<div class=\"elementor-container elementor-column-gap-no\">\n\t\t\t\t\t<div class=\"elementor-column elementor-col-100 elementor-top-column elementor-element elementor-element-eea6871\" data-id=\"eea6871\" data-element_type=\"column\">\n\t\t\t<div class=\"elementor-widget-wrap elementor-element-populated\">\n\t\t\t\t\t\t<div class=\"elementor-element elementor-element-7f3661c elementor-widget__width-initial elementor-widget elementor-widget-beatmove_core_section_title\" data-id=\"7f3661c\" data-element_type=\"widget\" data-widget_type=\"beatmove_core_section_title.default\">\n\t\t\t\t<div class=\"elementor-widget-container\">\n\t\t\t\t\t<div class=\"qodef-shortcode qodef-m  qodef-section-title qodef--has-appear qodef-alignment--center   qodef-title--colored\">\n\t\t\t<div class=\"qodef-m-text\" style=\"color: #000000\">\n\t\tEls nostres alumnes estudien el m\u00e8tode Functional Voice Training (FVT), fonamentat en uns principis que t&#039;ajuden a trobar la teva pr\u00f2pia t\u00e8cnica i aix\u00ed desenvolupar el sistema que s&#039;adapti millor a les teves caracter\u00edstiques anat\u00f2miques i interessos.\t<\/div>\n<\/div>\n\t\t\t\t<\/div>\n\t\t\t\t<\/div>\n\t\t\t\t<div class=\"elementor-element elementor-element-d7ccb1a elementor-widget__width-initial elementor-widget elementor-widget-beatmove_core_section_title\" data-id=\"d7ccb1a\" data-element_type=\"widget\" data-widget_type=\"beatmove_core_section_title.default\">\n\t\t\t\t<div class=\"elementor-widget-container\">\n\t\t\t\t\t<div class=\"qodef-shortcode qodef-m  qodef-section-title qodef--has-appear qodef-alignment--center   qodef-title--colored\">\n\t\t\t<div class=\"qodef-m-text\" style=\"color: #000000\">\n\t\tLes classes individuals ens permeten treballar amb cada alumne i els proporciona m\u00e9s control i coneixement sobre l&#039;aparell fonador. Estudiant la t\u00e8cnica i aplicant-la a un repertori de can\u00e7ons que el mateix alumne t\u00e9 la possibilitat d&#039;escollir, aconseguirem millorar les capacitats vocals de l&#039;alumne. \t<\/div>\n<\/div>\n\t\t\t\t<\/div>\n\t\t\t\t<\/div>\n\t\t\t\t\t<\/div>\n\t\t<\/div>\n\t\t\t\t\t<\/div>\n\t\t<\/section>\n\t\t\t\t<section class=\"elementor-section elementor-top-section elementor-element elementor-element-376e109 elementor-section-full_width elementor-section-stretched elementor-section-height-default elementor-section-height-default\" data-id=\"376e109\" data-element_type=\"section\" data-settings=\"{&quot;background_background&quot;:&quot;classic&quot;,&quot;stretch_section&quot;:&quot;section-stretched&quot;}\">\n\t\t\t\t\t\t<div class=\"elementor-container elementor-column-gap-no\">\n\t\t\t\t\t<div class=\"elementor-column elementor-col-100 elementor-top-column elementor-element elementor-element-f3c7dc2\" data-id=\"f3c7dc2\" data-element_type=\"column\">\n\t\t\t<div class=\"elementor-widget-wrap elementor-element-populated\">\n\t\t\t\t\t\t<div class=\"elementor-element elementor-element-c540c00 elementor-widget-mobile__width-inherit elementor-invisible elementor-widget elementor-widget-beatmove_core_custom_font\" data-id=\"c540c00\" data-element_type=\"widget\" data-settings=\"{&quot;_animation&quot;:&quot;fadeIn&quot;}\" data-widget_type=\"beatmove_core_custom_font.default\">\n\t\t\t\t<div class=\"elementor-widget-container\">\n\t\t\t\t\t<h2 class=\"qodef-shortcode qodef-m  qodef-custom-font  qodef-custom-font-110 qodef-layout--simple\" style=\"color: #000000;font-family: Sora;font-size: 40px;line-height: 180px;letter-spacing: 0px;font-weight: 300;text-transform: uppercase\">\n\tDescubre las mejores clases de canto para todos los niveles<!--<span class=\"qode--char-holder\">-->\n<!--\t\t<span class=\"qode--char-initial\">-->\n<!---->\n<!--\t\t<\/span>-->\n<!--\t\t<span class=\"qode--char-appeared\">-->\n<!---->\n<!--\t\t<\/span>-->\n<!--\t<\/span>-->\n<\/h2>\n\t\t\t\t<\/div>\n\t\t\t\t<\/div>\n\t\t\t\t<section class=\"elementor-section elementor-inner-section elementor-element elementor-element-e967a7b elementor-section-full_width elementor-section-height-default elementor-section-height-default\" data-id=\"e967a7b\" data-element_type=\"section\" data-settings=\"{&quot;background_background&quot;:&quot;classic&quot;}\">\n\t\t\t\t\t\t<div class=\"elementor-container elementor-column-gap-default\">\n\t\t\t\t\t<div class=\"elementor-column elementor-col-50 elementor-inner-column elementor-element elementor-element-389bae2\" data-id=\"389bae2\" data-element_type=\"column\">\n\t\t\t<div class=\"elementor-widget-wrap elementor-element-populated\">\n\t\t\t\t\t\t<div class=\"elementor-element elementor-element-fde0f25 elementor-widget elementor-widget-beatmove_core_banner\" data-id=\"fde0f25\" data-element_type=\"widget\" data-widget_type=\"beatmove_core_banner.default\">\n\t\t\t\t<div class=\"elementor-widget-container\">\n\t\t\t\t\t<div class=\"qodef-shortcode qodef-m  qodef-banner qodef-layout--link-overlay   qodef-custom-height--enabled   qodef-banner-276 qodef--masked qodef--hover-grain\" style=\"height: 400px\">\n\t<div class=\"qodef-m-image\">\n\t<img fetchpriority=\"high\" decoding=\"async\" width=\"7360\" height=\"4912\" src=\"https:\/\/evagrisdansa.com\/wp-content\/uploads\/2016\/04\/DSC_6933.jpg\" class=\"attachment-full size-full\" alt=\"\" srcset=\"https:\/\/evagrisdansa.com\/wp-content\/uploads\/2016\/04\/DSC_6933.jpg 7360w, https:\/\/evagrisdansa.com\/wp-content\/uploads\/2016\/04\/DSC_6933-300x200.jpg 300w, https:\/\/evagrisdansa.com\/wp-content\/uploads\/2016\/04\/DSC_6933-768x513.jpg 768w, https:\/\/evagrisdansa.com\/wp-content\/uploads\/2016\/04\/DSC_6933-1024x683.jpg 1024w, https:\/\/evagrisdansa.com\/wp-content\/uploads\/2016\/04\/DSC_6933-600x400.jpg 600w\" sizes=\"(max-width: 7360px) 100vw, 7360px\" \/><\/div>\n\t<div class=\"qodef-m-content\">\n\t\t<div class=\"qodef-m-content-inner\" style=\"background-color: #FFFFFF00;padding: 0 0 0 10%\">\n\t\t\t\t\t\t\t<h3 class=\"qodef-m-title\" style=\"color: #FFFFFF\">\n\t\tCorncanta\t<\/h3>\n\t\t\t\t\t<\/div>\n\t<\/div>\n\t<a itemprop=\"url\" href=\"\/ca\/disciplinas\/canto\/corncanta\/\" class=\"qodef-m-banner-link\" target=\"_self\"><\/a>\n\n<\/div>\n\t\t\t\t<\/div>\n\t\t\t\t<\/div>\n\t\t\t\t\t<\/div>\n\t\t<\/div>\n\t\t\t\t<div class=\"elementor-column elementor-col-50 elementor-inner-column elementor-element elementor-element-acde90d\" data-id=\"acde90d\" data-element_type=\"column\">\n\t\t\t<div class=\"elementor-widget-wrap elementor-element-populated\">\n\t\t\t\t\t\t<div class=\"elementor-element elementor-element-209f2ae elementor-widget elementor-widget-beatmove_core_banner\" data-id=\"209f2ae\" data-element_type=\"widget\" data-widget_type=\"beatmove_core_banner.default\">\n\t\t\t\t<div class=\"elementor-widget-container\">\n\t\t\t\t\t<div class=\"qodef-shortcode qodef-m  qodef-banner qodef-layout--link-overlay qodef-content-vertical-position--top  qodef-custom-height--enabled   qodef-banner-258  qodef--hover-grain\" style=\"height: 400px\">\n\t<div class=\"qodef-m-image\">\n\t<img decoding=\"async\" width=\"7360\" height=\"4912\" data-src=\"https:\/\/evagrisdansa.com\/wp-content\/uploads\/2016\/04\/DSC_6906.jpg\" class=\"attachment-full size-full lazyload\" alt=\"\" data-srcset=\"https:\/\/evagrisdansa.com\/wp-content\/uploads\/2016\/04\/DSC_6906.jpg 7360w, https:\/\/evagrisdansa.com\/wp-content\/uploads\/2016\/04\/DSC_6906-300x200.jpg 300w, https:\/\/evagrisdansa.com\/wp-content\/uploads\/2016\/04\/DSC_6906-768x513.jpg 768w, https:\/\/evagrisdansa.com\/wp-content\/uploads\/2016\/04\/DSC_6906-1024x683.jpg 1024w, https:\/\/evagrisdansa.com\/wp-content\/uploads\/2016\/04\/DSC_6906-600x400.jpg 600w\" data-sizes=\"(max-width: 7360px) 100vw, 7360px\" src=\"data:image\/svg+xml;base64,PHN2ZyB3aWR0aD0iMSIgaGVpZ2h0PSIxIiB4bWxucz0iaHR0cDovL3d3dy53My5vcmcvMjAwMC9zdmciPjwvc3ZnPg==\" style=\"--smush-placeholder-width: 7360px; --smush-placeholder-aspect-ratio: 7360\/4912;\" \/><\/div>\n\t<div class=\"qodef-m-content\">\n\t\t<div class=\"qodef-m-content-inner\" style=\"background-color: #FFFFFF00\">\n\t\t\t\t\t\t\t<h3 class=\"qodef-m-title\" style=\"color: #FFFFFF\">\n\t\tPrograma d&#039;estudis\t<\/h3>\n\t\t\t\t\t<\/div>\n\t<\/div>\n\t<a itemprop=\"url\" href=\"\/ca\/disciplinas\/canto\/programa-de-estudios\/\" class=\"qodef-m-banner-link\" target=\"_self\"><\/a>\n\n<\/div>\n\t\t\t\t<\/div>\n\t\t\t\t<\/div>\n\t\t\t\t\t<\/div>\n\t\t<\/div>\n\t\t\t\t\t<\/div>\n\t\t<\/section>\n\t\t\t\t\t<\/div>\n\t\t<\/div>\n\t\t\t\t\t<\/div>\n\t\t<\/section>\n\t\t\t\t<section class=\"elementor-section elementor-top-section elementor-element elementor-element-e1aea5e elementor-section-full_width qodef-elementor-content-grid elementor-section-height-default elementor-section-height-default\" data-id=\"e1aea5e\" data-element_type=\"section\" data-settings=\"{&quot;background_background&quot;:&quot;classic&quot;}\">\n\t\t\t\t\t\t<div class=\"elementor-container elementor-column-gap-default\">\n\t\t\t\t\t<div class=\"elementor-column elementor-col-100 elementor-top-column elementor-element elementor-element-682e60d\" data-id=\"682e60d\" data-element_type=\"column\" data-settings=\"{&quot;background_background&quot;:&quot;classic&quot;}\">\n\t\t\t<div class=\"elementor-widget-wrap elementor-element-populated\">\n\t\t\t\t\t\t<div class=\"elementor-element elementor-element-e8a5f8c elementor-widget elementor-widget-text-editor\" data-id=\"e8a5f8c\" data-element_type=\"widget\" data-widget_type=\"text-editor.default\">\n\t\t\t\t<div class=\"elementor-widget-container\">\n\t\t\t\t\t\t\t\t\t<h3 style=\"text-align: left;\">Contacta amb nosaltres<\/h3>\t\t\t\t\t\t\t\t<\/div>\n\t\t\t\t<\/div>\n\t\t\t\t<div class=\"elementor-element elementor-element-310d256 elementor-widget elementor-widget-wp-widget-beatmove_core_contact_form_7\" data-id=\"310d256\" data-element_type=\"widget\" data-widget_type=\"wp-widget-beatmove_core_contact_form_7.default\">\n\t\t\t\t<div class=\"elementor-widget-container\">\n\t\t\t\t\t\t\t\t<div class=\"qodef-contact-form-7\">\n\t\t\t\t\n<div class=\"wpcf7 no-js\" id=\"wpcf7-f6523-o1\" lang=\"es-ES\" dir=\"ltr\" data-wpcf7-id=\"6523\">\n<div class=\"screen-reader-response\"><p role=\"status\" aria-live=\"polite\" aria-atomic=\"true\"><\/p> <ul><\/ul><\/div>\n<form action=\"\/ca\/wp-json\/wp\/v2\/pages\/13314#wpcf7-f6523-o1\" method=\"post\" class=\"wpcf7-form init\" aria-label=\"Formulari de contacte\" novalidate=\"novalidate\" data-status=\"init\" data-trp-original-action=\"\/ca\/wp-json\/wp\/v2\/pages\/13314#wpcf7-f6523-o1\">\n<fieldset class=\"hidden-fields-container\"><input type=\"hidden\" name=\"_wpcf7\" value=\"6523\" \/><input type=\"hidden\" name=\"_wpcf7_version\" value=\"6.1\" \/><input type=\"hidden\" name=\"_wpcf7_locale\" value=\"es_ES\" \/><input type=\"hidden\" name=\"_wpcf7_unit_tag\" value=\"wpcf7-f6523-o1\" \/><input type=\"hidden\" name=\"_wpcf7_container_post\" value=\"0\" \/><input type=\"hidden\" name=\"_wpcf7_posted_data_hash\" value=\"\" \/>\n<\/fieldset>\n<label> El teu nom\n    <span class=\"wpcf7-form-control-wrap\" data-name=\"your-name\"><input size=\"40\" maxlength=\"400\" class=\"wpcf7-form-control wpcf7-text wpcf7-validates-as-required\" autocomplete=\"name\" aria-required=\"true\" aria-invalid=\"false\" value=\"\" type=\"text\" name=\"your-name\" \/><\/span> <\/label>\n\n<label> El teu correu electr\u00f2nic\n    <span class=\"wpcf7-form-control-wrap\" data-name=\"your-email\"><input size=\"40\" maxlength=\"400\" class=\"wpcf7-form-control wpcf7-email wpcf7-validates-as-required wpcf7-text wpcf7-validates-as-email\" autocomplete=\"email\" aria-required=\"true\" aria-invalid=\"false\" value=\"\" type=\"email\" name=\"your-email\" \/><\/span> <\/label>\n\n<label> Assumpte\n    <span class=\"wpcf7-form-control-wrap\" data-name=\"your-subject\"><input size=\"40\" maxlength=\"400\" class=\"wpcf7-form-control wpcf7-text wpcf7-validates-as-required\" aria-required=\"true\" aria-invalid=\"false\" value=\"\" type=\"text\" name=\"your-subject\" \/><\/span> <\/label>\n\n<label> El teu missatge (opcional)\n    <span class=\"wpcf7-form-control-wrap\" data-name=\"your-message\"><textarea cols=\"40\" rows=\"10\" maxlength=\"2000\" class=\"wpcf7-form-control wpcf7-textarea\" aria-invalid=\"false\" name=\"your-message\"><\/textarea><\/span> <\/label>\n\n<button class=\"wpcf7-form-control wpcf7-submit qodef-button qodef-size--normal qodef-layout--filled qodef-m\" type=\"submit\"><span class=\"qodef-m-text\">Enviar<\/span><\/button><div class=\"wpcf7-response-output\" aria-hidden=\"true\"><\/div>\n<input type=\"hidden\" name=\"trp-form-language\" value=\"ca\"\/><\/form>\n<\/div>\n\t\t\t<\/div>\n\t\t\t\t\t\t\t<\/div>\n\t\t\t\t<\/div>\n\t\t\t\t\t<\/div>\n\t\t<\/div>\n\t\t\t\t\t<\/div>\n\t\t<\/section>\n\t\t\t\t<\/div>","protected":false},"excerpt":{"rendered":"<p>Clases de canto en Cornell\u00e1 Nuestros alumnos estudian el m\u00e9todo Functional Voice Training (FVT), fundamentado en unos principios que te ayudan a encontrar tu propia t\u00e9cnica y as\u00ed desarrollar el [&hellip;]<\/p>","protected":false},"author":3,"featured_media":0,"parent":13212,"menu_order":2,"comment_status":"closed","ping_status":"closed","template":"page-full-width.php","meta":{"_joinchat":[],"footnotes":""},"class_list":["post-13314","page","type-page","status-publish","hentry"],"yoast_head":"<!-- This site is optimized with the Yoast SEO plugin v25.3.1 - https:\/\/yoast.com\/wordpress\/plugins\/seo\/ -->\n<title>Clases de canto en Cornell\u00e0 | Eva Gris<\/title>\n<meta name=\"description\" content=\"Descubre nuestras clases de canto dise\u00f1adas para mejorar tu t\u00e9cnica vocal, respiraci\u00f3n y presencia esc\u00e9nica. \u00a1Haz que tu voz brille!\" \/>\n<meta name=\"robots\" content=\"index, follow, max-snippet:-1, max-image-preview:large, max-video-preview:-1\" \/>\n<link rel=\"canonical\" href=\"https:\/\/evagrisdansa.com\/ca\/disciplinas\/canto\/\" \/>\n<meta property=\"og:locale\" content=\"ca_ES\" \/>\n<meta property=\"og:type\" content=\"article\" \/>\n<meta property=\"og:title\" content=\"Clases de canto en Cornell\u00e0 | Eva Gris\" \/>\n<meta property=\"og:description\" content=\"Descubre nuestras clases de canto dise\u00f1adas para mejorar tu t\u00e9cnica vocal, respiraci\u00f3n y presencia esc\u00e9nica. \u00a1Haz que tu voz brille!\" \/>\n<meta property=\"og:url\" content=\"https:\/\/evagrisdansa.com\/ca\/disciplinas\/canto\/\" \/>\n<meta property=\"og:site_name\" content=\"Eva Gris \u00b7 Escola de dansa i cant\" \/>\n<meta property=\"article:modified_time\" content=\"2024-10-08T09:00:43+00:00\" \/>\n<meta property=\"og:image\" content=\"https:\/\/evagrisdansa.com\/wp-content\/uploads\/2016\/04\/DSC_6933.jpg\" \/>\n<meta name=\"twitter:card\" content=\"summary_large_image\" \/>\n<meta name=\"twitter:label1\" content=\"Temps estimat de lectura\" \/>\n\t<meta name=\"twitter:data1\" content=\"1 minut\" \/>\n<script type=\"application\/ld+json\" class=\"yoast-schema-graph\">{\"@context\":\"https:\/\/schema.org\",\"@graph\":[{\"@type\":\"WebPage\",\"@id\":\"https:\/\/evagrisdansa.com\/disciplinas\/canto\/\",\"url\":\"https:\/\/evagrisdansa.com\/disciplinas\/canto\/\",\"name\":\"Clases de canto en Cornell\u00e0 | Eva Gris\",\"isPartOf\":{\"@id\":\"https:\/\/evagrisdansa.com\/#website\"},\"primaryImageOfPage\":{\"@id\":\"https:\/\/evagrisdansa.com\/disciplinas\/canto\/#primaryimage\"},\"image\":{\"@id\":\"https:\/\/evagrisdansa.com\/disciplinas\/canto\/#primaryimage\"},\"thumbnailUrl\":\"https:\/\/evagrisdansa.com\/wp-content\/uploads\/2016\/04\/DSC_6933.jpg\",\"datePublished\":\"2024-02-06T10:32:52+00:00\",\"dateModified\":\"2024-10-08T09:00:43+00:00\",\"description\":\"Descubre nuestras clases de canto dise\u00f1adas para mejorar tu t\u00e9cnica vocal, respiraci\u00f3n y presencia esc\u00e9nica. \u00a1Haz que tu voz brille!\",\"breadcrumb\":{\"@id\":\"https:\/\/evagrisdansa.com\/disciplinas\/canto\/#breadcrumb\"},\"inLanguage\":\"ca\",\"potentialAction\":[{\"@type\":\"ReadAction\",\"target\":[\"https:\/\/evagrisdansa.com\/disciplinas\/canto\/\"]}]},{\"@type\":\"ImageObject\",\"inLanguage\":\"ca\",\"@id\":\"https:\/\/evagrisdansa.com\/disciplinas\/canto\/#primaryimage\",\"url\":\"https:\/\/evagrisdansa.com\/wp-content\/uploads\/2016\/04\/DSC_6933.jpg\",\"contentUrl\":\"https:\/\/evagrisdansa.com\/wp-content\/uploads\/2016\/04\/DSC_6933.jpg\"},{\"@type\":\"BreadcrumbList\",\"@id\":\"https:\/\/evagrisdansa.com\/disciplinas\/canto\/#breadcrumb\",\"itemListElement\":[{\"@type\":\"ListItem\",\"position\":1,\"name\":\"Portada\",\"item\":\"https:\/\/evagrisdansa.com\/\"},{\"@type\":\"ListItem\",\"position\":2,\"name\":\"Disciplinas\",\"item\":\"https:\/\/evagrisdansa.com\/disciplinas\/\"},{\"@type\":\"ListItem\",\"position\":3,\"name\":\"Canto\"}]},{\"@type\":\"WebSite\",\"@id\":\"https:\/\/evagrisdansa.com\/#website\",\"url\":\"https:\/\/evagrisdansa.com\/\",\"name\":\"Eva Gris \u00b7 Escola de dansa i cant\",\"description\":\"Eva Gris \u00b7 Escuela de danza, canto y teatro musical en Cornell\u00e0\",\"potentialAction\":[{\"@type\":\"SearchAction\",\"target\":{\"@type\":\"EntryPoint\",\"urlTemplate\":\"https:\/\/evagrisdansa.com\/?s={search_term_string}\"},\"query-input\":{\"@type\":\"PropertyValueSpecification\",\"valueRequired\":true,\"valueName\":\"search_term_string\"}}],\"inLanguage\":\"ca\"}]}<\/script>\n<!-- \/ Yoast SEO plugin. -->","yoast_head_json":{"title":"Clases de canto en Cornell\u00e0 | Eva Gris","description":"Descubre nuestras clases de canto dise\u00f1adas para mejorar tu t\u00e9cnica vocal, respiraci\u00f3n y presencia esc\u00e9nica. \u00a1Haz que tu voz brille!","robots":{"index":"index","follow":"follow","max-snippet":"max-snippet:-1","max-image-preview":"max-image-preview:large","max-video-preview":"max-video-preview:-1"},"canonical":"https:\/\/evagrisdansa.com\/ca\/disciplinas\/canto\/","og_locale":"ca_ES","og_type":"article","og_title":"Clases de canto en Cornell\u00e0 | Eva Gris","og_description":"Descubre nuestras clases de canto dise\u00f1adas para mejorar tu t\u00e9cnica vocal, respiraci\u00f3n y presencia esc\u00e9nica. \u00a1Haz que tu voz brille!","og_url":"https:\/\/evagrisdansa.com\/ca\/disciplinas\/canto\/","og_site_name":"Eva Gris \u00b7 Escola de dansa i cant","article_modified_time":"2024-10-08T09:00:43+00:00","og_image":[{"url":"https:\/\/evagrisdansa.com\/wp-content\/uploads\/2016\/04\/DSC_6933.jpg","type":"","width":"","height":""}],"twitter_card":"summary_large_image","twitter_misc":{"Temps estimat de lectura":"1 minut"},"schema":{"@context":"https:\/\/schema.org","@graph":[{"@type":"WebPage","@id":"https:\/\/evagrisdansa.com\/disciplinas\/canto\/","url":"https:\/\/evagrisdansa.com\/disciplinas\/canto\/","name":"Clases de canto en Cornell\u00e0 | Eva Gris","isPartOf":{"@id":"https:\/\/evagrisdansa.com\/#website"},"primaryImageOfPage":{"@id":"https:\/\/evagrisdansa.com\/disciplinas\/canto\/#primaryimage"},"image":{"@id":"https:\/\/evagrisdansa.com\/disciplinas\/canto\/#primaryimage"},"thumbnailUrl":"https:\/\/evagrisdansa.com\/wp-content\/uploads\/2016\/04\/DSC_6933.jpg","datePublished":"2024-02-06T10:32:52+00:00","dateModified":"2024-10-08T09:00:43+00:00","description":"Descubre nuestras clases de canto dise\u00f1adas para mejorar tu t\u00e9cnica vocal, respiraci\u00f3n y presencia esc\u00e9nica. \u00a1Haz que tu voz brille!","breadcrumb":{"@id":"https:\/\/evagrisdansa.com\/disciplinas\/canto\/#breadcrumb"},"inLanguage":"ca","potentialAction":[{"@type":"ReadAction","target":["https:\/\/evagrisdansa.com\/disciplinas\/canto\/"]}]},{"@type":"ImageObject","inLanguage":"ca","@id":"https:\/\/evagrisdansa.com\/disciplinas\/canto\/#primaryimage","url":"https:\/\/evagrisdansa.com\/wp-content\/uploads\/2016\/04\/DSC_6933.jpg","contentUrl":"https:\/\/evagrisdansa.com\/wp-content\/uploads\/2016\/04\/DSC_6933.jpg"},{"@type":"BreadcrumbList","@id":"https:\/\/evagrisdansa.com\/disciplinas\/canto\/#breadcrumb","itemListElement":[{"@type":"ListItem","position":1,"name":"Portada","item":"https:\/\/evagrisdansa.com\/"},{"@type":"ListItem","position":2,"name":"Disciplinas","item":"https:\/\/evagrisdansa.com\/disciplinas\/"},{"@type":"ListItem","position":3,"name":"Canto"}]},{"@type":"WebSite","@id":"https:\/\/evagrisdansa.com\/#website","url":"https:\/\/evagrisdansa.com\/","name":"Eva Gris \u00b7 Escola de dansa i cant","description":"Eva Gris \u00b7 Escuela de danza, canto y teatro musical en Cornell\u00e0","potentialAction":[{"@type":"SearchAction","target":{"@type":"EntryPoint","urlTemplate":"https:\/\/evagrisdansa.com\/?s={search_term_string}"},"query-input":{"@type":"PropertyValueSpecification","valueRequired":true,"valueName":"search_term_string"}}],"inLanguage":"ca"}]}},"_links":{"self":[{"href":"https:\/\/evagrisdansa.com\/ca\/wp-json\/wp\/v2\/pages\/13314","targetHints":{"allow":["GET"]}}],"collection":[{"href":"https:\/\/evagrisdansa.com\/ca\/wp-json\/wp\/v2\/pages"}],"about":[{"href":"https:\/\/evagrisdansa.com\/ca\/wp-json\/wp\/v2\/types\/page"}],"author":[{"embeddable":true,"href":"https:\/\/evagrisdansa.com\/ca\/wp-json\/wp\/v2\/users\/3"}],"replies":[{"embeddable":true,"href":"https:\/\/evagrisdansa.com\/ca\/wp-json\/wp\/v2\/comments?post=13314"}],"version-history":[{"count":48,"href":"https:\/\/evagrisdansa.com\/ca\/wp-json\/wp\/v2\/pages\/13314\/revisions"}],"predecessor-version":[{"id":14746,"href":"https:\/\/evagrisdansa.com\/ca\/wp-json\/wp\/v2\/pages\/13314\/revisions\/14746"}],"up":[{"embeddable":true,"href":"https:\/\/evagrisdansa.com\/ca\/wp-json\/wp\/v2\/pages\/13212"}],"wp:attachment":[{"href":"https:\/\/evagrisdansa.com\/ca\/wp-json\/wp\/v2\/media?parent=13314"}],"curies":[{"name":"wp","href":"https:\/\/api.w.org\/{rel}","templated":true}]}}