{"id":13316,"date":"2024-02-24T19:59:56","date_gmt":"2024-02-24T19:59:56","guid":{"rendered":"https:\/\/evagrisdansa.com\/?page_id=13316"},"modified":"2024-10-08T10:12:05","modified_gmt":"2024-10-08T10:12:05","slug":"teatro","status":"publish","type":"page","link":"https:\/\/evagrisdansa.com\/ca\/disciplinas\/teatro\/","title":{"rendered":"Teatre"},"content":{"rendered":"<div data-elementor-type=\"wp-page\" data-elementor-id=\"13316\" class=\"elementor elementor-13316\">\n\t\t\t\t\t\t<section class=\"elementor-section elementor-top-section elementor-element elementor-element-e7449cb elementor-section-full_width elementor-section-height-default elementor-section-height-default\" data-id=\"e7449cb\" data-element_type=\"section\" id=\"display-h1-inline\" data-settings=\"{&quot;background_background&quot;:&quot;classic&quot;}\">\n\t\t\t\t\t\t<div class=\"elementor-container elementor-column-gap-no\">\n\t\t\t\t\t<div class=\"elementor-column elementor-col-100 elementor-top-column elementor-element elementor-element-4a78347\" data-id=\"4a78347\" data-element_type=\"column\" data-settings=\"{&quot;background_background&quot;:&quot;classic&quot;}\">\n\t\t\t<div class=\"elementor-widget-wrap elementor-element-populated\">\n\t\t\t\t\t\t<div class=\"elementor-element elementor-element-f682c6b elementor-widget elementor-widget-beatmove_core_custom_font\" data-id=\"f682c6b\" data-element_type=\"widget\" data-widget_type=\"beatmove_core_custom_font.default\">\n\t\t\t\t<div class=\"elementor-widget-container\">\n\t\t\t\t\t<h1 class=\"qodef-shortcode qodef-m  qodef-custom-font  qodef-custom-font-474 qodef-layout--simple\" style=\"color: #FFFFFF;font-family: Sora;font-size: 50px;line-height: 140px;letter-spacing: 0px;font-weight: 300;text-transform: uppercase\">\n\tClases de teatro musical en Cornell\u00e1<!--<span class=\"qode--char-holder\">-->\n<!--\t\t<span class=\"qode--char-initial\">-->\n<!---->\n<!--\t\t<\/span>-->\n<!--\t\t<span class=\"qode--char-appeared\">-->\n<!---->\n<!--\t\t<\/span>-->\n<!--\t<\/span>-->\n<\/h1>\n\t\t\t\t<\/div>\n\t\t\t\t<\/div>\n\t\t\t\t\t<\/div>\n\t\t<\/div>\n\t\t\t\t\t<\/div>\n\t\t<\/section>\n\t\t\t\t<section class=\"elementor-section elementor-top-section elementor-element elementor-element-64292e5 elementor-section-full_width qodef-elementor-content-grid elementor-section-stretched elementor-section-height-default elementor-section-height-default\" data-id=\"64292e5\" data-element_type=\"section\" data-settings=\"{&quot;background_background&quot;:&quot;classic&quot;,&quot;stretch_section&quot;:&quot;section-stretched&quot;}\">\n\t\t\t\t\t\t<div class=\"elementor-container elementor-column-gap-no\">\n\t\t\t\t\t<div class=\"elementor-column elementor-col-100 elementor-top-column elementor-element elementor-element-022f749\" data-id=\"022f749\" data-element_type=\"column\">\n\t\t\t<div class=\"elementor-widget-wrap elementor-element-populated\">\n\t\t\t\t\t\t<div class=\"elementor-element elementor-element-5054366 elementor-widget__width-initial elementor-widget elementor-widget-beatmove_core_section_title\" data-id=\"5054366\" data-element_type=\"widget\" data-widget_type=\"beatmove_core_section_title.default\">\n\t\t\t\t<div class=\"elementor-widget-container\">\n\t\t\t\t\t<div class=\"qodef-shortcode qodef-m  qodef-section-title qodef--has-appear qodef-alignment--center   qodef-title--colored\">\n\t\t\t<div class=\"qodef-m-text\" style=\"color: #000000\">\n\t\tEl teatre musical \u00e9s una forma de representaci\u00f3 teatral que combina can\u00e7ons, di\u00e0legs, actuacions i dansa. La hist\u00f2ria dun musical es transmet a trav\u00e9s de les paraules, la m\u00fasica, el moviment i els aspectes t\u00e8cnics de lentreteniment com un element \u00fanic.\t<\/div>\n<\/div>\n\t\t\t\t<\/div>\n\t\t\t\t<\/div>\n\t\t\t\t\t<\/div>\n\t\t<\/div>\n\t\t\t\t\t<\/div>\n\t\t<\/section>\n\t\t\t\t<section class=\"elementor-section elementor-top-section elementor-element elementor-element-85a8fe1 elementor-section-full_width qodef-elementor-content-grid elementor-section-stretched elementor-section-height-default elementor-section-height-default\" data-id=\"85a8fe1\" data-element_type=\"section\" data-settings=\"{&quot;background_background&quot;:&quot;classic&quot;,&quot;stretch_section&quot;:&quot;section-stretched&quot;}\">\n\t\t\t\t\t\t<div class=\"elementor-container elementor-column-gap-no\">\n\t\t\t\t\t<div class=\"elementor-column elementor-col-50 elementor-top-column elementor-element elementor-element-bb87683\" data-id=\"bb87683\" data-element_type=\"column\">\n\t\t\t<div class=\"elementor-widget-wrap elementor-element-populated\">\n\t\t\t\t\t\t<div class=\"elementor-element elementor-element-e7a9b04 elementor-widget__width-initial elementor-widget elementor-widget-beatmove_core_section_title\" data-id=\"e7a9b04\" data-element_type=\"widget\" data-widget_type=\"beatmove_core_section_title.default\">\n\t\t\t\t<div class=\"elementor-widget-container\">\n\t\t\t\t\t<div class=\"qodef-shortcode qodef-m  qodef-section-title qodef--has-appear qodef-alignment--left   qodef-title--colored\">\n\t\t\t<h2 class=\"qodef-m-text\" style=\"color: #FFFFFF\">\n\t\tDescubre las clases de teatro musical para todos los niveles y edades\t<\/h2>\n<\/div>\n\t\t\t\t<\/div>\n\t\t\t\t<\/div>\n\t\t\t\t<div class=\"elementor-element elementor-element-69b6c93 elementor-widget__width-initial elementor-widget elementor-widget-beatmove_core_section_title\" data-id=\"69b6c93\" data-element_type=\"widget\" data-widget_type=\"beatmove_core_section_title.default\">\n\t\t\t\t<div class=\"elementor-widget-container\">\n\t\t\t\t\t<div class=\"qodef-shortcode qodef-m  qodef-section-title qodef--has-appear qodef-alignment--left   qodef-title--colored\">\n\t\t\t<p class=\"qodef-m-text\" style=\"color: #FFFFFF\">\n\t\tTot i que el teatre musical se superposa amb altres formes teatrals com l&#039;\u00f2pera i la dansa, es pot distingir per la import\u00e0ncia que es d\u00f3na a la m\u00fasica en comparaci\u00f3 del di\u00e0leg, el moviment i altres elements art\u00edstics. Des de principis del segle XX, les obres de teatre musical han estat generalment anomenades: musicals.\t<\/p>\n<\/div>\n\t\t\t\t<\/div>\n\t\t\t\t<\/div>\n\t\t\t\t<div class=\"elementor-element elementor-element-d55251f elementor-widget__width-initial elementor-widget elementor-widget-beatmove_core_section_title\" data-id=\"d55251f\" data-element_type=\"widget\" data-widget_type=\"beatmove_core_section_title.default\">\n\t\t\t\t<div class=\"elementor-widget-container\">\n\t\t\t\t\t<div class=\"qodef-shortcode qodef-m  qodef-section-title qodef--has-appear qodef-alignment--left   qodef-title--colored\">\n\t\t\t<p class=\"qodef-m-text\" style=\"color: #FFFFFF\">\n\t\tTot i que la m\u00fasica ha estat part de les presentacions dram\u00e0tiques, el teatre musical modern va apar\u00e8ixer durant el segle XIX. Alguns dels musicals m\u00e9s famosos al llarg de les d\u00e8cades seg\u00fcents inclouen West Side Story (1957), Hair (1967), A Chorus Line (1975), Les Mis\u00e9rables 1985), The Phantom of the Opera (1986), Rent (1996) ) o Wicked (2003).\t<\/p>\n<\/div>\n\t\t\t\t<\/div>\n\t\t\t\t<\/div>\n\t\t\t\t\t<\/div>\n\t\t<\/div>\n\t\t\t\t<div class=\"elementor-column elementor-col-50 elementor-top-column elementor-element elementor-element-45a9cf7\" data-id=\"45a9cf7\" data-element_type=\"column\">\n\t\t\t<div class=\"elementor-widget-wrap elementor-element-populated\">\n\t\t\t\t\t\t<div class=\"elementor-element elementor-element-3cefc47 elementor-widget elementor-widget-beatmove_core_banner\" data-id=\"3cefc47\" data-element_type=\"widget\" data-widget_type=\"beatmove_core_banner.default\">\n\t\t\t\t<div class=\"elementor-widget-container\">\n\t\t\t\t\t<div class=\"qodef-shortcode qodef-m  qodef-banner qodef-layout--link-overlay   qodef-custom-height--enabled   qodef-banner-72 qodef--masked qodef--hover-grain\" style=\"height: 450px\">\n\t<div class=\"qodef-m-image\">\n\t<img fetchpriority=\"high\" decoding=\"async\" width=\"900\" height=\"600\" src=\"https:\/\/evagrisdansa.com\/wp-content\/uploads\/2017\/07\/viernes-17.30-a-19h-teatro-musical-juvenil.jpg\" class=\"attachment-full size-full\" alt=\"\" srcset=\"https:\/\/evagrisdansa.com\/wp-content\/uploads\/2017\/07\/viernes-17.30-a-19h-teatro-musical-juvenil.jpg 900w, https:\/\/evagrisdansa.com\/wp-content\/uploads\/2017\/07\/viernes-17.30-a-19h-teatro-musical-juvenil-300x200.jpg 300w, https:\/\/evagrisdansa.com\/wp-content\/uploads\/2017\/07\/viernes-17.30-a-19h-teatro-musical-juvenil-768x512.jpg 768w, https:\/\/evagrisdansa.com\/wp-content\/uploads\/2017\/07\/viernes-17.30-a-19h-teatro-musical-juvenil-600x400.jpg 600w\" sizes=\"(max-width: 900px) 100vw, 900px\" \/><\/div>\n\t<div class=\"qodef-m-content\">\n\t\t<div class=\"qodef-m-content-inner\" >\n\t\t\t\t\t\t\t\t\t\t\t<\/div>\n\t<\/div>\n\t<a itemprop=\"url\" href=\"#\" class=\"qodef-m-banner-link\" target=\"_self\"><\/a>\n\n<\/div>\n\t\t\t\t<\/div>\n\t\t\t\t<\/div>\n\t\t\t\t\t<\/div>\n\t\t<\/div>\n\t\t\t\t\t<\/div>\n\t\t<\/section>\n\t\t\t\t<section class=\"elementor-section elementor-top-section elementor-element elementor-element-62c7396 elementor-section-full_width elementor-section-stretched elementor-section-height-default elementor-section-height-default\" data-id=\"62c7396\" data-element_type=\"section\" data-settings=\"{&quot;background_background&quot;:&quot;classic&quot;,&quot;stretch_section&quot;:&quot;section-stretched&quot;}\">\n\t\t\t\t\t\t<div class=\"elementor-container elementor-column-gap-no\">\n\t\t\t\t\t<div class=\"elementor-column elementor-col-100 elementor-top-column elementor-element elementor-element-cceade6\" data-id=\"cceade6\" data-element_type=\"column\">\n\t\t\t<div class=\"elementor-widget-wrap elementor-element-populated\">\n\t\t\t\t\t\t<section class=\"elementor-section elementor-inner-section elementor-element elementor-element-3acf4a9 elementor-section-full_width elementor-section-height-default elementor-section-height-default\" data-id=\"3acf4a9\" data-element_type=\"section\" data-settings=\"{&quot;background_background&quot;:&quot;classic&quot;}\">\n\t\t\t\t\t\t<div class=\"elementor-container elementor-column-gap-default\">\n\t\t\t\t\t<div class=\"elementor-column elementor-col-100 elementor-inner-column elementor-element elementor-element-cf523e9\" data-id=\"cf523e9\" data-element_type=\"column\">\n\t\t\t<div class=\"elementor-widget-wrap elementor-element-populated\">\n\t\t\t\t\t\t<div class=\"elementor-element elementor-element-c0d62c6 elementor-widget elementor-widget-beatmove_core_banner\" data-id=\"c0d62c6\" data-element_type=\"widget\" data-widget_type=\"beatmove_core_banner.default\">\n\t\t\t\t<div class=\"elementor-widget-container\">\n\t\t\t\t\t<div class=\"qodef-shortcode qodef-m  qodef-banner qodef-layout--link-overlay   qodef-custom-height--enabled   qodef-banner-868 qodef--masked qodef--hover-grain\" style=\"height: 400px\">\n\t<div class=\"qodef-m-image\">\n\t<img decoding=\"async\" width=\"6016\" height=\"4016\" data-src=\"https:\/\/evagrisdansa.com\/wp-content\/uploads\/2018\/12\/DSC_6110.jpg\" class=\"attachment-full size-full lazyload\" alt=\"\" data-srcset=\"https:\/\/evagrisdansa.com\/wp-content\/uploads\/2018\/12\/DSC_6110.jpg 6016w, https:\/\/evagrisdansa.com\/wp-content\/uploads\/2018\/12\/DSC_6110-300x200.jpg 300w, https:\/\/evagrisdansa.com\/wp-content\/uploads\/2018\/12\/DSC_6110-768x513.jpg 768w, https:\/\/evagrisdansa.com\/wp-content\/uploads\/2018\/12\/DSC_6110-1024x684.jpg 1024w, https:\/\/evagrisdansa.com\/wp-content\/uploads\/2018\/12\/DSC_6110-600x400.jpg 600w\" data-sizes=\"(max-width: 6016px) 100vw, 6016px\" src=\"data:image\/svg+xml;base64,PHN2ZyB3aWR0aD0iMSIgaGVpZ2h0PSIxIiB4bWxucz0iaHR0cDovL3d3dy53My5vcmcvMjAwMC9zdmciPjwvc3ZnPg==\" style=\"--smush-placeholder-width: 6016px; --smush-placeholder-aspect-ratio: 6016\/4016;\" \/><\/div>\n\t<div class=\"qodef-m-content\">\n\t\t<div class=\"qodef-m-content-inner\" style=\"background-color: #FFFFFF00;padding: 0 0 0 10%\">\n\t\t\t\t\t\t\t<h3 class=\"qodef-m-title\" style=\"color: #FFFFFF\">\n\t\tPrograma d&#039;estudis\t<\/h3>\n\t\t\t\t\t<\/div>\n\t<\/div>\n\t<a itemprop=\"url\" href=\"\/ca\/disciplinas\/teatro\/programa-de-estudios\/\" class=\"qodef-m-banner-link\" target=\"_self\"><\/a>\n\n<\/div>\n\t\t\t\t<\/div>\n\t\t\t\t<\/div>\n\t\t\t\t\t<\/div>\n\t\t<\/div>\n\t\t\t\t\t<\/div>\n\t\t<\/section>\n\t\t\t\t\t<\/div>\n\t\t<\/div>\n\t\t\t\t\t<\/div>\n\t\t<\/section>\n\t\t\t\t<section class=\"elementor-section elementor-top-section elementor-element elementor-element-8787c20 elementor-section-full_width qodef-elementor-content-grid elementor-section-height-default elementor-section-height-default\" data-id=\"8787c20\" data-element_type=\"section\" data-settings=\"{&quot;background_background&quot;:&quot;classic&quot;}\">\n\t\t\t\t\t\t<div class=\"elementor-container elementor-column-gap-default\">\n\t\t\t\t\t<div class=\"elementor-column elementor-col-100 elementor-top-column elementor-element elementor-element-e0ac252\" data-id=\"e0ac252\" data-element_type=\"column\" data-settings=\"{&quot;background_background&quot;:&quot;classic&quot;}\">\n\t\t\t<div class=\"elementor-widget-wrap elementor-element-populated\">\n\t\t\t\t\t\t<div class=\"elementor-element elementor-element-1215b8e elementor-widget elementor-widget-text-editor\" data-id=\"1215b8e\" data-element_type=\"widget\" data-widget_type=\"text-editor.default\">\n\t\t\t\t<div class=\"elementor-widget-container\">\n\t\t\t\t\t\t\t\t\t<h3 style=\"text-align: left;\">Contacta amb nosaltres<\/h3>\t\t\t\t\t\t\t\t<\/div>\n\t\t\t\t<\/div>\n\t\t\t\t<div class=\"elementor-element elementor-element-1b1bd1d elementor-widget elementor-widget-wp-widget-beatmove_core_contact_form_7\" data-id=\"1b1bd1d\" data-element_type=\"widget\" data-widget_type=\"wp-widget-beatmove_core_contact_form_7.default\">\n\t\t\t\t<div class=\"elementor-widget-container\">\n\t\t\t\t\t\t\t\t<div class=\"qodef-contact-form-7\">\n\t\t\t\t\n<div class=\"wpcf7 no-js\" id=\"wpcf7-f6523-o1\" lang=\"es-ES\" dir=\"ltr\" data-wpcf7-id=\"6523\">\n<div class=\"screen-reader-response\"><p role=\"status\" aria-live=\"polite\" aria-atomic=\"true\"><\/p> <ul><\/ul><\/div>\n<form action=\"\/ca\/wp-json\/wp\/v2\/pages\/13316#wpcf7-f6523-o1\" method=\"post\" class=\"wpcf7-form init\" aria-label=\"Formulari de contacte\" novalidate=\"novalidate\" data-status=\"init\" data-trp-original-action=\"\/ca\/wp-json\/wp\/v2\/pages\/13316#wpcf7-f6523-o1\">\n<fieldset class=\"hidden-fields-container\"><input type=\"hidden\" name=\"_wpcf7\" value=\"6523\" \/><input type=\"hidden\" name=\"_wpcf7_version\" value=\"6.1\" \/><input type=\"hidden\" name=\"_wpcf7_locale\" value=\"es_ES\" \/><input type=\"hidden\" name=\"_wpcf7_unit_tag\" value=\"wpcf7-f6523-o1\" \/><input type=\"hidden\" name=\"_wpcf7_container_post\" value=\"0\" \/><input type=\"hidden\" name=\"_wpcf7_posted_data_hash\" value=\"\" \/>\n<\/fieldset>\n<label> El teu nom\n    <span class=\"wpcf7-form-control-wrap\" data-name=\"your-name\"><input size=\"40\" maxlength=\"400\" class=\"wpcf7-form-control wpcf7-text wpcf7-validates-as-required\" autocomplete=\"name\" aria-required=\"true\" aria-invalid=\"false\" value=\"\" type=\"text\" name=\"your-name\" \/><\/span> <\/label>\n\n<label> El teu correu electr\u00f2nic\n    <span class=\"wpcf7-form-control-wrap\" data-name=\"your-email\"><input size=\"40\" maxlength=\"400\" class=\"wpcf7-form-control wpcf7-email wpcf7-validates-as-required wpcf7-text wpcf7-validates-as-email\" autocomplete=\"email\" aria-required=\"true\" aria-invalid=\"false\" value=\"\" type=\"email\" name=\"your-email\" \/><\/span> <\/label>\n\n<label> Assumpte\n    <span class=\"wpcf7-form-control-wrap\" data-name=\"your-subject\"><input size=\"40\" maxlength=\"400\" class=\"wpcf7-form-control wpcf7-text wpcf7-validates-as-required\" aria-required=\"true\" aria-invalid=\"false\" value=\"\" type=\"text\" name=\"your-subject\" \/><\/span> <\/label>\n\n<label> El teu missatge (opcional)\n    <span class=\"wpcf7-form-control-wrap\" data-name=\"your-message\"><textarea cols=\"40\" rows=\"10\" maxlength=\"2000\" class=\"wpcf7-form-control wpcf7-textarea\" aria-invalid=\"false\" name=\"your-message\"><\/textarea><\/span> <\/label>\n\n<button class=\"wpcf7-form-control wpcf7-submit qodef-button qodef-size--normal qodef-layout--filled qodef-m\" type=\"submit\"><span class=\"qodef-m-text\">Enviar<\/span><\/button><div class=\"wpcf7-response-output\" aria-hidden=\"true\"><\/div>\n<input type=\"hidden\" name=\"trp-form-language\" value=\"ca\"\/><\/form>\n<\/div>\n\t\t\t<\/div>\n\t\t\t\t\t\t\t<\/div>\n\t\t\t\t<\/div>\n\t\t\t\t\t<\/div>\n\t\t<\/div>\n\t\t\t\t\t<\/div>\n\t\t<\/section>\n\t\t\t\t<\/div>","protected":false},"excerpt":{"rendered":"<p>Clases de teatro musical en Cornell\u00e1 El teatro musical es una forma de representaci\u00f3n teatral que combina canciones, di\u00e1logos, actuaciones y danza. La historia de un musical se transmite a [&hellip;]<\/p>","protected":false},"author":3,"featured_media":0,"parent":13212,"menu_order":2,"comment_status":"closed","ping_status":"closed","template":"page-full-width.php","meta":{"_joinchat":[],"footnotes":""},"class_list":["post-13316","page","type-page","status-publish","hentry"],"yoast_head":"<!-- This site is optimized with the Yoast SEO plugin v25.3.1 - https:\/\/yoast.com\/wordpress\/plugins\/seo\/ -->\n<title>Clases de teatro musical en Cornell\u00e0 | Eva Gris<\/title>\n<meta name=\"description\" content=\"Descubre nuestras clases de teatro musical, donde podr\u00e1s desarrollar tus habilidades actorales en un ambiente creativo y profesional. \u00a1Ap\u00fantate ya!\" \/>\n<meta name=\"robots\" content=\"index, follow, max-snippet:-1, max-image-preview:large, max-video-preview:-1\" \/>\n<link rel=\"canonical\" href=\"https:\/\/evagrisdansa.com\/ca\/disciplinas\/teatro\/\" \/>\n<meta property=\"og:locale\" content=\"ca_ES\" \/>\n<meta property=\"og:type\" content=\"article\" \/>\n<meta property=\"og:title\" content=\"Clases de teatro musical en Cornell\u00e0 | Eva Gris\" \/>\n<meta property=\"og:description\" content=\"Descubre nuestras clases de teatro musical, donde podr\u00e1s desarrollar tus habilidades actorales en un ambiente creativo y profesional. \u00a1Ap\u00fantate ya!\" \/>\n<meta property=\"og:url\" content=\"https:\/\/evagrisdansa.com\/ca\/disciplinas\/teatro\/\" \/>\n<meta property=\"og:site_name\" content=\"Eva Gris \u00b7 Escola de dansa i cant\" \/>\n<meta property=\"article:modified_time\" content=\"2024-10-08T10:12:05+00:00\" \/>\n<meta property=\"og:image\" content=\"https:\/\/evagrisdansa.com\/wp-content\/uploads\/2017\/07\/viernes-17.30-a-19h-teatro-musical-juvenil.jpg\" \/>\n<meta name=\"twitter:card\" content=\"summary_large_image\" \/>\n<meta name=\"twitter:label1\" content=\"Temps estimat de lectura\" \/>\n\t<meta name=\"twitter:data1\" content=\"2 minuts\" \/>\n<script type=\"application\/ld+json\" class=\"yoast-schema-graph\">{\"@context\":\"https:\/\/schema.org\",\"@graph\":[{\"@type\":\"WebPage\",\"@id\":\"https:\/\/evagrisdansa.com\/disciplinas\/teatro\/\",\"url\":\"https:\/\/evagrisdansa.com\/disciplinas\/teatro\/\",\"name\":\"Clases de teatro musical en Cornell\u00e0 | Eva Gris\",\"isPartOf\":{\"@id\":\"https:\/\/evagrisdansa.com\/#website\"},\"primaryImageOfPage\":{\"@id\":\"https:\/\/evagrisdansa.com\/disciplinas\/teatro\/#primaryimage\"},\"image\":{\"@id\":\"https:\/\/evagrisdansa.com\/disciplinas\/teatro\/#primaryimage\"},\"thumbnailUrl\":\"https:\/\/evagrisdansa.com\/wp-content\/uploads\/2017\/07\/viernes-17.30-a-19h-teatro-musical-juvenil.jpg\",\"datePublished\":\"2024-02-24T19:59:56+00:00\",\"dateModified\":\"2024-10-08T10:12:05+00:00\",\"description\":\"Descubre nuestras clases de teatro musical, donde podr\u00e1s desarrollar tus habilidades actorales en un ambiente creativo y profesional. \u00a1Ap\u00fantate ya!\",\"breadcrumb\":{\"@id\":\"https:\/\/evagrisdansa.com\/disciplinas\/teatro\/#breadcrumb\"},\"inLanguage\":\"ca\",\"potentialAction\":[{\"@type\":\"ReadAction\",\"target\":[\"https:\/\/evagrisdansa.com\/disciplinas\/teatro\/\"]}]},{\"@type\":\"ImageObject\",\"inLanguage\":\"ca\",\"@id\":\"https:\/\/evagrisdansa.com\/disciplinas\/teatro\/#primaryimage\",\"url\":\"https:\/\/evagrisdansa.com\/wp-content\/uploads\/2017\/07\/viernes-17.30-a-19h-teatro-musical-juvenil.jpg\",\"contentUrl\":\"https:\/\/evagrisdansa.com\/wp-content\/uploads\/2017\/07\/viernes-17.30-a-19h-teatro-musical-juvenil.jpg\"},{\"@type\":\"BreadcrumbList\",\"@id\":\"https:\/\/evagrisdansa.com\/disciplinas\/teatro\/#breadcrumb\",\"itemListElement\":[{\"@type\":\"ListItem\",\"position\":1,\"name\":\"Portada\",\"item\":\"https:\/\/evagrisdansa.com\/\"},{\"@type\":\"ListItem\",\"position\":2,\"name\":\"Disciplinas\",\"item\":\"https:\/\/evagrisdansa.com\/disciplinas\/\"},{\"@type\":\"ListItem\",\"position\":3,\"name\":\"Teatro\"}]},{\"@type\":\"WebSite\",\"@id\":\"https:\/\/evagrisdansa.com\/#website\",\"url\":\"https:\/\/evagrisdansa.com\/\",\"name\":\"Eva Gris \u00b7 Escola de dansa i cant\",\"description\":\"Eva Gris \u00b7 Escuela de danza, canto y teatro musical en Cornell\u00e0\",\"potentialAction\":[{\"@type\":\"SearchAction\",\"target\":{\"@type\":\"EntryPoint\",\"urlTemplate\":\"https:\/\/evagrisdansa.com\/?s={search_term_string}\"},\"query-input\":{\"@type\":\"PropertyValueSpecification\",\"valueRequired\":true,\"valueName\":\"search_term_string\"}}],\"inLanguage\":\"ca\"}]}<\/script>\n<!-- \/ Yoast SEO plugin. -->","yoast_head_json":{"title":"Clases de teatro musical en Cornell\u00e0 | Eva Gris","description":"Descubre nuestras clases de teatro musical, donde podr\u00e1s desarrollar tus habilidades actorales en un ambiente creativo y profesional. \u00a1Ap\u00fantate ya!","robots":{"index":"index","follow":"follow","max-snippet":"max-snippet:-1","max-image-preview":"max-image-preview:large","max-video-preview":"max-video-preview:-1"},"canonical":"https:\/\/evagrisdansa.com\/ca\/disciplinas\/teatro\/","og_locale":"ca_ES","og_type":"article","og_title":"Clases de teatro musical en Cornell\u00e0 | Eva Gris","og_description":"Descubre nuestras clases de teatro musical, donde podr\u00e1s desarrollar tus habilidades actorales en un ambiente creativo y profesional. \u00a1Ap\u00fantate ya!","og_url":"https:\/\/evagrisdansa.com\/ca\/disciplinas\/teatro\/","og_site_name":"Eva Gris \u00b7 Escola de dansa i cant","article_modified_time":"2024-10-08T10:12:05+00:00","og_image":[{"url":"https:\/\/evagrisdansa.com\/wp-content\/uploads\/2017\/07\/viernes-17.30-a-19h-teatro-musical-juvenil.jpg","type":"","width":"","height":""}],"twitter_card":"summary_large_image","twitter_misc":{"Temps estimat de lectura":"2 minuts"},"schema":{"@context":"https:\/\/schema.org","@graph":[{"@type":"WebPage","@id":"https:\/\/evagrisdansa.com\/disciplinas\/teatro\/","url":"https:\/\/evagrisdansa.com\/disciplinas\/teatro\/","name":"Clases de teatro musical en Cornell\u00e0 | Eva Gris","isPartOf":{"@id":"https:\/\/evagrisdansa.com\/#website"},"primaryImageOfPage":{"@id":"https:\/\/evagrisdansa.com\/disciplinas\/teatro\/#primaryimage"},"image":{"@id":"https:\/\/evagrisdansa.com\/disciplinas\/teatro\/#primaryimage"},"thumbnailUrl":"https:\/\/evagrisdansa.com\/wp-content\/uploads\/2017\/07\/viernes-17.30-a-19h-teatro-musical-juvenil.jpg","datePublished":"2024-02-24T19:59:56+00:00","dateModified":"2024-10-08T10:12:05+00:00","description":"Descubre nuestras clases de teatro musical, donde podr\u00e1s desarrollar tus habilidades actorales en un ambiente creativo y profesional. \u00a1Ap\u00fantate ya!","breadcrumb":{"@id":"https:\/\/evagrisdansa.com\/disciplinas\/teatro\/#breadcrumb"},"inLanguage":"ca","potentialAction":[{"@type":"ReadAction","target":["https:\/\/evagrisdansa.com\/disciplinas\/teatro\/"]}]},{"@type":"ImageObject","inLanguage":"ca","@id":"https:\/\/evagrisdansa.com\/disciplinas\/teatro\/#primaryimage","url":"https:\/\/evagrisdansa.com\/wp-content\/uploads\/2017\/07\/viernes-17.30-a-19h-teatro-musical-juvenil.jpg","contentUrl":"https:\/\/evagrisdansa.com\/wp-content\/uploads\/2017\/07\/viernes-17.30-a-19h-teatro-musical-juvenil.jpg"},{"@type":"BreadcrumbList","@id":"https:\/\/evagrisdansa.com\/disciplinas\/teatro\/#breadcrumb","itemListElement":[{"@type":"ListItem","position":1,"name":"Portada","item":"https:\/\/evagrisdansa.com\/"},{"@type":"ListItem","position":2,"name":"Disciplinas","item":"https:\/\/evagrisdansa.com\/disciplinas\/"},{"@type":"ListItem","position":3,"name":"Teatro"}]},{"@type":"WebSite","@id":"https:\/\/evagrisdansa.com\/#website","url":"https:\/\/evagrisdansa.com\/","name":"Eva Gris \u00b7 Escola de dansa i cant","description":"Eva Gris \u00b7 Escuela de danza, canto y teatro musical en Cornell\u00e0","potentialAction":[{"@type":"SearchAction","target":{"@type":"EntryPoint","urlTemplate":"https:\/\/evagrisdansa.com\/?s={search_term_string}"},"query-input":{"@type":"PropertyValueSpecification","valueRequired":true,"valueName":"search_term_string"}}],"inLanguage":"ca"}]}},"_links":{"self":[{"href":"https:\/\/evagrisdansa.com\/ca\/wp-json\/wp\/v2\/pages\/13316","targetHints":{"allow":["GET"]}}],"collection":[{"href":"https:\/\/evagrisdansa.com\/ca\/wp-json\/wp\/v2\/pages"}],"about":[{"href":"https:\/\/evagrisdansa.com\/ca\/wp-json\/wp\/v2\/types\/page"}],"author":[{"embeddable":true,"href":"https:\/\/evagrisdansa.com\/ca\/wp-json\/wp\/v2\/users\/3"}],"replies":[{"embeddable":true,"href":"https:\/\/evagrisdansa.com\/ca\/wp-json\/wp\/v2\/comments?post=13316"}],"version-history":[{"count":45,"href":"https:\/\/evagrisdansa.com\/ca\/wp-json\/wp\/v2\/pages\/13316\/revisions"}],"predecessor-version":[{"id":14787,"href":"https:\/\/evagrisdansa.com\/ca\/wp-json\/wp\/v2\/pages\/13316\/revisions\/14787"}],"up":[{"embeddable":true,"href":"https:\/\/evagrisdansa.com\/ca\/wp-json\/wp\/v2\/pages\/13212"}],"wp:attachment":[{"href":"https:\/\/evagrisdansa.com\/ca\/wp-json\/wp\/v2\/media?parent=13316"}],"curies":[{"name":"wp","href":"https:\/\/api.w.org\/{rel}","templated":true}]}}