{"id":14052,"date":"2024-02-27T17:22:03","date_gmt":"2024-02-27T17:22:03","guid":{"rendered":"https:\/\/evagrisdansa.com\/?page_id=14052"},"modified":"2024-10-08T09:07:58","modified_gmt":"2024-10-08T09:07:58","slug":"base-tecnica-y-pbt","status":"publish","type":"page","link":"https:\/\/evagrisdansa.com\/ca\/disciplinas\/danza\/base-tecnica-y-pbt\/","title":{"rendered":"Base t\u00e8cnica i PBT"},"content":{"rendered":"<div data-elementor-type=\"wp-page\" data-elementor-id=\"14052\" class=\"elementor elementor-14052\">\n\t\t\t\t\t\t<section class=\"elementor-section elementor-top-section elementor-element elementor-element-916639f elementor-section-full_width elementor-section-height-default elementor-section-height-default\" data-id=\"916639f\" data-element_type=\"section\" data-settings=\"{&quot;background_background&quot;:&quot;classic&quot;}\">\n\t\t\t\t\t\t<div class=\"elementor-container elementor-column-gap-no\">\n\t\t\t\t\t<div class=\"elementor-column elementor-col-100 elementor-top-column elementor-element elementor-element-d8eed9f\" data-id=\"d8eed9f\" data-element_type=\"column\" data-settings=\"{&quot;background_background&quot;:&quot;classic&quot;}\">\n\t\t\t<div class=\"elementor-widget-wrap elementor-element-populated\">\n\t\t\t\t\t\t<div class=\"elementor-element elementor-element-3b9e50e elementor-invisible elementor-widget elementor-widget-beatmove_core_custom_font\" data-id=\"3b9e50e\" data-element_type=\"widget\" data-settings=\"{&quot;_animation&quot;:&quot;fadeIn&quot;}\" data-widget_type=\"beatmove_core_custom_font.default\">\n\t\t\t\t<div class=\"elementor-widget-container\">\n\t\t\t\t\t<h1 class=\"qodef-shortcode qodef-m  qodef-custom-font  qodef-custom-font-561 qodef-layout--simple\" style=\"color: #FFFFFF;font-family: Sora;font-size: 50px;line-height: 160px;letter-spacing: 0px;font-weight: 300;text-transform: uppercase\">\n\tClases de base t\u00e9cnica para danza en Cornell\u00e1<!--<span class=\"qode--char-holder\">-->\n<!--\t\t<span class=\"qode--char-initial\">-->\n<!---->\n<!--\t\t<\/span>-->\n<!--\t\t<span class=\"qode--char-appeared\">-->\n<!---->\n<!--\t\t<\/span>-->\n<!--\t<\/span>-->\n<\/h1>\n\t\t\t\t<\/div>\n\t\t\t\t<\/div>\n\t\t\t\t\t<\/div>\n\t\t<\/div>\n\t\t\t\t\t<\/div>\n\t\t<\/section>\n\t\t\t\t<section class=\"elementor-section elementor-top-section elementor-element elementor-element-bdd297f elementor-section-full_width qodef-elementor-content-grid elementor-section-stretched elementor-section-height-default elementor-section-height-default\" data-id=\"bdd297f\" data-element_type=\"section\" data-settings=\"{&quot;stretch_section&quot;:&quot;section-stretched&quot;}\">\n\t\t\t\t\t\t<div class=\"elementor-container elementor-column-gap-no\">\n\t\t\t\t\t<div class=\"elementor-column elementor-col-50 elementor-top-column elementor-element elementor-element-169bc55\" data-id=\"169bc55\" data-element_type=\"column\">\n\t\t\t<div class=\"elementor-widget-wrap elementor-element-populated\">\n\t\t\t\t\t\t<div class=\"elementor-element elementor-element-c05a48d elementor-widget__width-initial elementor-widget elementor-widget-beatmove_core_section_title\" data-id=\"c05a48d\" data-element_type=\"widget\" data-widget_type=\"beatmove_core_section_title.default\">\n\t\t\t\t<div class=\"elementor-widget-container\">\n\t\t\t\t\t<div class=\"qodef-shortcode qodef-m  qodef-section-title qodef--has-appear qodef-alignment--left   qodef-title--colored\">\n\t\t\t<h2 class=\"qodef-m-text\" style=\"color: #000000\">\n\t\tLa importancia de una s\u00f3lida base t\u00e9cnica en la danza\t<\/h2>\n<\/div>\n\t\t\t\t<\/div>\n\t\t\t\t<\/div>\n\t\t\t\t<div class=\"elementor-element elementor-element-f7c58b3 elementor-widget__width-initial elementor-widget elementor-widget-beatmove_core_section_title\" data-id=\"f7c58b3\" data-element_type=\"widget\" data-widget_type=\"beatmove_core_section_title.default\">\n\t\t\t\t<div class=\"elementor-widget-container\">\n\t\t\t\t\t<div class=\"qodef-shortcode qodef-m  qodef-section-title qodef--has-appear qodef-alignment--left   qodef-title--colored\">\n\t\t\t<p class=\"qodef-m-text\" style=\"color: #000000\">\n\t\tLes classes de base t\u00e8cnica treballen l&#039;elasticitat, flexibilitat i col\u00b7locaci\u00f3 corporal. Els exercicis que es proposen estan destinats a un coneixement m\u00e9s gran del cos de la ballarina o el ballar\u00ed, a trav\u00e9s de l&#039;entrenament del cos com un instrument d&#039;expressi\u00f3 i corregint els mals h\u00e0bits posturals.\t<\/p>\n<\/div>\n\t\t\t\t<\/div>\n\t\t\t\t<\/div>\n\t\t\t\t<div class=\"elementor-element elementor-element-56ad283 elementor-widget__width-initial elementor-widget elementor-widget-beatmove_core_section_title\" data-id=\"56ad283\" data-element_type=\"widget\" data-widget_type=\"beatmove_core_section_title.default\">\n\t\t\t\t<div class=\"elementor-widget-container\">\n\t\t\t\t\t<div class=\"qodef-shortcode qodef-m  qodef-section-title qodef--has-appear qodef-alignment--left   qodef-title--colored\">\n\t\t\t<p class=\"qodef-m-text\" style=\"color: #000000\">\n\t\tAquest treball ajudar\u00e0 a aconseguir uns resultats m\u00e9s satisfactoris a qualsevol disciplina de dansa.\t<\/p>\n<\/div>\n\t\t\t\t<\/div>\n\t\t\t\t<\/div>\n\t\t\t\t\t<\/div>\n\t\t<\/div>\n\t\t\t\t<div class=\"elementor-column elementor-col-50 elementor-top-column elementor-element elementor-element-5d50411\" data-id=\"5d50411\" data-element_type=\"column\">\n\t\t\t<div class=\"elementor-widget-wrap elementor-element-populated\">\n\t\t\t\t\t\t<div class=\"elementor-element elementor-element-45cd33b elementor-widget elementor-widget-beatmove_core_banner\" data-id=\"45cd33b\" data-element_type=\"widget\" data-widget_type=\"beatmove_core_banner.default\">\n\t\t\t\t<div class=\"elementor-widget-container\">\n\t\t\t\t\t<div class=\"qodef-shortcode qodef-m  qodef-banner qodef-layout--link-overlay   qodef-custom-height--enabled   qodef-banner-373  qodef--hover-grain\" style=\"height: 450px\">\n\t<div class=\"qodef-m-image\">\n\t<img fetchpriority=\"high\" decoding=\"async\" width=\"1600\" height=\"1200\" src=\"https:\/\/evagrisdansa.com\/wp-content\/uploads\/2024\/03\/Eva-Gris-Dansa-Base-Tecnica-02.jpeg\" class=\"attachment-full size-full\" alt=\"\" srcset=\"https:\/\/evagrisdansa.com\/wp-content\/uploads\/2024\/03\/Eva-Gris-Dansa-Base-Tecnica-02.jpeg 1600w, https:\/\/evagrisdansa.com\/wp-content\/uploads\/2024\/03\/Eva-Gris-Dansa-Base-Tecnica-02-300x225.jpeg 300w, https:\/\/evagrisdansa.com\/wp-content\/uploads\/2024\/03\/Eva-Gris-Dansa-Base-Tecnica-02-1024x768.jpeg 1024w, https:\/\/evagrisdansa.com\/wp-content\/uploads\/2024\/03\/Eva-Gris-Dansa-Base-Tecnica-02-768x576.jpeg 768w, https:\/\/evagrisdansa.com\/wp-content\/uploads\/2024\/03\/Eva-Gris-Dansa-Base-Tecnica-02-1536x1152.jpeg 1536w\" sizes=\"(max-width: 1600px) 100vw, 1600px\" \/><\/div>\n\t<div class=\"qodef-m-content\">\n\t\t<div class=\"qodef-m-content-inner\" >\n\t\t\t\t\t\t\t\t\t\t\t<\/div>\n\t<\/div>\n\t<a itemprop=\"url\" href=\"#\" class=\"qodef-m-banner-link\" target=\"_self\"><\/a>\n\n<\/div>\n\t\t\t\t<\/div>\n\t\t\t\t<\/div>\n\t\t\t\t\t<\/div>\n\t\t<\/div>\n\t\t\t\t\t<\/div>\n\t\t<\/section>\n\t\t\t\t<section class=\"elementor-section elementor-top-section elementor-element elementor-element-4fda040 elementor-section-full_width qodef-elementor-content-grid elementor-section-height-default elementor-section-height-default\" data-id=\"4fda040\" data-element_type=\"section\" data-settings=\"{&quot;background_background&quot;:&quot;classic&quot;}\">\n\t\t\t\t\t\t<div class=\"elementor-container elementor-column-gap-default\">\n\t\t\t\t\t<div class=\"elementor-column elementor-col-100 elementor-top-column elementor-element elementor-element-5f91879\" data-id=\"5f91879\" data-element_type=\"column\" data-settings=\"{&quot;background_background&quot;:&quot;classic&quot;}\">\n\t\t\t<div class=\"elementor-widget-wrap elementor-element-populated\">\n\t\t\t\t\t\t<div class=\"elementor-element elementor-element-4451c8a elementor-widget elementor-widget-text-editor\" data-id=\"4451c8a\" data-element_type=\"widget\" data-widget_type=\"text-editor.default\">\n\t\t\t\t<div class=\"elementor-widget-container\">\n\t\t\t\t\t\t\t\t\t<h3 style=\"text-align: left;\">Contacta amb nosaltres<\/h3>\t\t\t\t\t\t\t\t<\/div>\n\t\t\t\t<\/div>\n\t\t\t\t<div class=\"elementor-element elementor-element-a210b17 elementor-widget elementor-widget-wp-widget-beatmove_core_contact_form_7\" data-id=\"a210b17\" data-element_type=\"widget\" data-widget_type=\"wp-widget-beatmove_core_contact_form_7.default\">\n\t\t\t\t<div class=\"elementor-widget-container\">\n\t\t\t\t\t\t\t\t<div class=\"qodef-contact-form-7\">\n\t\t\t\t\n<div class=\"wpcf7 no-js\" id=\"wpcf7-f6523-o1\" lang=\"es-ES\" dir=\"ltr\" data-wpcf7-id=\"6523\">\n<div class=\"screen-reader-response\"><p role=\"status\" aria-live=\"polite\" aria-atomic=\"true\"><\/p> <ul><\/ul><\/div>\n<form action=\"\/ca\/wp-json\/wp\/v2\/pages\/14052#wpcf7-f6523-o1\" method=\"post\" class=\"wpcf7-form init\" aria-label=\"Formulari de contacte\" novalidate=\"novalidate\" data-status=\"init\" data-trp-original-action=\"\/ca\/wp-json\/wp\/v2\/pages\/14052#wpcf7-f6523-o1\">\n<fieldset class=\"hidden-fields-container\"><input type=\"hidden\" name=\"_wpcf7\" value=\"6523\" \/><input type=\"hidden\" name=\"_wpcf7_version\" value=\"6.1\" \/><input type=\"hidden\" name=\"_wpcf7_locale\" value=\"es_ES\" \/><input type=\"hidden\" name=\"_wpcf7_unit_tag\" value=\"wpcf7-f6523-o1\" \/><input type=\"hidden\" name=\"_wpcf7_container_post\" value=\"0\" \/><input type=\"hidden\" name=\"_wpcf7_posted_data_hash\" value=\"\" \/>\n<\/fieldset>\n<label> El teu nom\n    <span class=\"wpcf7-form-control-wrap\" data-name=\"your-name\"><input size=\"40\" maxlength=\"400\" class=\"wpcf7-form-control wpcf7-text wpcf7-validates-as-required\" autocomplete=\"name\" aria-required=\"true\" aria-invalid=\"false\" value=\"\" type=\"text\" name=\"your-name\" \/><\/span> <\/label>\n\n<label> El teu correu electr\u00f2nic\n    <span class=\"wpcf7-form-control-wrap\" data-name=\"your-email\"><input size=\"40\" maxlength=\"400\" class=\"wpcf7-form-control wpcf7-email wpcf7-validates-as-required wpcf7-text wpcf7-validates-as-email\" autocomplete=\"email\" aria-required=\"true\" aria-invalid=\"false\" value=\"\" type=\"email\" name=\"your-email\" \/><\/span> <\/label>\n\n<label> Assumpte\n    <span class=\"wpcf7-form-control-wrap\" data-name=\"your-subject\"><input size=\"40\" maxlength=\"400\" class=\"wpcf7-form-control wpcf7-text wpcf7-validates-as-required\" aria-required=\"true\" aria-invalid=\"false\" value=\"\" type=\"text\" name=\"your-subject\" \/><\/span> <\/label>\n\n<label> El teu missatge (opcional)\n    <span class=\"wpcf7-form-control-wrap\" data-name=\"your-message\"><textarea cols=\"40\" rows=\"10\" maxlength=\"2000\" class=\"wpcf7-form-control wpcf7-textarea\" aria-invalid=\"false\" name=\"your-message\"><\/textarea><\/span> <\/label>\n\n<button class=\"wpcf7-form-control wpcf7-submit qodef-button qodef-size--normal qodef-layout--filled qodef-m\" type=\"submit\"><span class=\"qodef-m-text\">Enviar<\/span><\/button><div class=\"wpcf7-response-output\" aria-hidden=\"true\"><\/div>\n<input type=\"hidden\" name=\"trp-form-language\" value=\"ca\"\/><\/form>\n<\/div>\n\t\t\t<\/div>\n\t\t\t\t\t\t\t<\/div>\n\t\t\t\t<\/div>\n\t\t\t\t\t<\/div>\n\t\t<\/div>\n\t\t\t\t\t<\/div>\n\t\t<\/section>\n\t\t\t\t<\/div>","protected":false},"excerpt":{"rendered":"<p>Clases de base t\u00e9cnica para danza en Cornell\u00e1 La importancia de una s\u00f3lida base t\u00e9cnica en la danza Las clases de base t\u00e9cnica trabajan la elasticidad, la flexibilidad y la [&hellip;]<\/p>","protected":false},"author":3,"featured_media":0,"parent":13288,"menu_order":2,"comment_status":"closed","ping_status":"closed","template":"page-full-width.php","meta":{"_joinchat":[],"footnotes":""},"class_list":["post-14052","page","type-page","status-publish","hentry"],"yoast_head":"<!-- This site is optimized with the Yoast SEO plugin v25.3.1 - https:\/\/yoast.com\/wordpress\/plugins\/seo\/ -->\n<title>Base t\u00e9cnica y PBT en Cornell\u00e0 | Eva Gris<\/title>\n<meta name=\"description\" content=\"Mejora tu t\u00e9cnica con nuestras clases de base t\u00e9cnica y PBT. Fortalece tu cuerpo y perfecciona tu postura para avanzar en la danza. \u00a1Inscr\u00edbete ahora!\" \/>\n<meta name=\"robots\" content=\"index, follow, max-snippet:-1, max-image-preview:large, max-video-preview:-1\" \/>\n<link rel=\"canonical\" href=\"https:\/\/evagrisdansa.com\/ca\/disciplinas\/danza\/base-tecnica-y-pbt\/\" \/>\n<meta property=\"og:locale\" content=\"ca_ES\" \/>\n<meta property=\"og:type\" content=\"article\" \/>\n<meta property=\"og:title\" content=\"Base t\u00e9cnica y PBT en Cornell\u00e0 | Eva Gris\" \/>\n<meta property=\"og:description\" content=\"Mejora tu t\u00e9cnica con nuestras clases de base t\u00e9cnica y PBT. Fortalece tu cuerpo y perfecciona tu postura para avanzar en la danza. \u00a1Inscr\u00edbete ahora!\" \/>\n<meta property=\"og:url\" content=\"https:\/\/evagrisdansa.com\/ca\/disciplinas\/danza\/base-tecnica-y-pbt\/\" \/>\n<meta property=\"og:site_name\" content=\"Eva Gris \u00b7 Escola de dansa i cant\" \/>\n<meta property=\"article:modified_time\" content=\"2024-10-08T09:07:58+00:00\" \/>\n<meta property=\"og:image\" content=\"https:\/\/evagrisdansa.com\/wp-content\/uploads\/2024\/03\/Eva-Gris-Dansa-Base-Tecnica-02.jpeg\" \/>\n<meta name=\"twitter:card\" content=\"summary_large_image\" \/>\n<meta name=\"twitter:label1\" content=\"Temps estimat de lectura\" \/>\n\t<meta name=\"twitter:data1\" content=\"1 minut\" \/>\n<script type=\"application\/ld+json\" class=\"yoast-schema-graph\">{\"@context\":\"https:\/\/schema.org\",\"@graph\":[{\"@type\":\"WebPage\",\"@id\":\"https:\/\/evagrisdansa.com\/disciplinas\/danza\/base-tecnica-y-pbt\/\",\"url\":\"https:\/\/evagrisdansa.com\/disciplinas\/danza\/base-tecnica-y-pbt\/\",\"name\":\"Base t\u00e9cnica y PBT en Cornell\u00e0 | Eva Gris\",\"isPartOf\":{\"@id\":\"https:\/\/evagrisdansa.com\/#website\"},\"primaryImageOfPage\":{\"@id\":\"https:\/\/evagrisdansa.com\/disciplinas\/danza\/base-tecnica-y-pbt\/#primaryimage\"},\"image\":{\"@id\":\"https:\/\/evagrisdansa.com\/disciplinas\/danza\/base-tecnica-y-pbt\/#primaryimage\"},\"thumbnailUrl\":\"https:\/\/evagrisdansa.com\/wp-content\/uploads\/2024\/03\/Eva-Gris-Dansa-Base-Tecnica-02.jpeg\",\"datePublished\":\"2024-02-27T17:22:03+00:00\",\"dateModified\":\"2024-10-08T09:07:58+00:00\",\"description\":\"Mejora tu t\u00e9cnica con nuestras clases de base t\u00e9cnica y PBT. Fortalece tu cuerpo y perfecciona tu postura para avanzar en la danza. \u00a1Inscr\u00edbete ahora!\",\"breadcrumb\":{\"@id\":\"https:\/\/evagrisdansa.com\/disciplinas\/danza\/base-tecnica-y-pbt\/#breadcrumb\"},\"inLanguage\":\"ca\",\"potentialAction\":[{\"@type\":\"ReadAction\",\"target\":[\"https:\/\/evagrisdansa.com\/disciplinas\/danza\/base-tecnica-y-pbt\/\"]}]},{\"@type\":\"ImageObject\",\"inLanguage\":\"ca\",\"@id\":\"https:\/\/evagrisdansa.com\/disciplinas\/danza\/base-tecnica-y-pbt\/#primaryimage\",\"url\":\"https:\/\/evagrisdansa.com\/wp-content\/uploads\/2024\/03\/Eva-Gris-Dansa-Base-Tecnica-02.jpeg\",\"contentUrl\":\"https:\/\/evagrisdansa.com\/wp-content\/uploads\/2024\/03\/Eva-Gris-Dansa-Base-Tecnica-02.jpeg\"},{\"@type\":\"BreadcrumbList\",\"@id\":\"https:\/\/evagrisdansa.com\/disciplinas\/danza\/base-tecnica-y-pbt\/#breadcrumb\",\"itemListElement\":[{\"@type\":\"ListItem\",\"position\":1,\"name\":\"Portada\",\"item\":\"https:\/\/evagrisdansa.com\/\"},{\"@type\":\"ListItem\",\"position\":2,\"name\":\"Disciplinas\",\"item\":\"https:\/\/evagrisdansa.com\/disciplinas\/\"},{\"@type\":\"ListItem\",\"position\":3,\"name\":\"Danza\",\"item\":\"https:\/\/evagrisdansa.com\/disciplinas\/danza\/\"},{\"@type\":\"ListItem\",\"position\":4,\"name\":\"Base tecnica y PBT\"}]},{\"@type\":\"WebSite\",\"@id\":\"https:\/\/evagrisdansa.com\/#website\",\"url\":\"https:\/\/evagrisdansa.com\/\",\"name\":\"Eva Gris \u00b7 Escola de dansa i cant\",\"description\":\"Eva Gris \u00b7 Escuela de danza, canto y teatro musical en Cornell\u00e0\",\"potentialAction\":[{\"@type\":\"SearchAction\",\"target\":{\"@type\":\"EntryPoint\",\"urlTemplate\":\"https:\/\/evagrisdansa.com\/?s={search_term_string}\"},\"query-input\":{\"@type\":\"PropertyValueSpecification\",\"valueRequired\":true,\"valueName\":\"search_term_string\"}}],\"inLanguage\":\"ca\"}]}<\/script>\n<!-- \/ Yoast SEO plugin. -->","yoast_head_json":{"title":"Base t\u00e9cnica y PBT en Cornell\u00e0 | Eva Gris","description":"Mejora tu t\u00e9cnica con nuestras clases de base t\u00e9cnica y PBT. Fortalece tu cuerpo y perfecciona tu postura para avanzar en la danza. \u00a1Inscr\u00edbete ahora!","robots":{"index":"index","follow":"follow","max-snippet":"max-snippet:-1","max-image-preview":"max-image-preview:large","max-video-preview":"max-video-preview:-1"},"canonical":"https:\/\/evagrisdansa.com\/ca\/disciplinas\/danza\/base-tecnica-y-pbt\/","og_locale":"ca_ES","og_type":"article","og_title":"Base t\u00e9cnica y PBT en Cornell\u00e0 | Eva Gris","og_description":"Mejora tu t\u00e9cnica con nuestras clases de base t\u00e9cnica y PBT. Fortalece tu cuerpo y perfecciona tu postura para avanzar en la danza. \u00a1Inscr\u00edbete ahora!","og_url":"https:\/\/evagrisdansa.com\/ca\/disciplinas\/danza\/base-tecnica-y-pbt\/","og_site_name":"Eva Gris \u00b7 Escola de dansa i cant","article_modified_time":"2024-10-08T09:07:58+00:00","og_image":[{"url":"https:\/\/evagrisdansa.com\/wp-content\/uploads\/2024\/03\/Eva-Gris-Dansa-Base-Tecnica-02.jpeg","type":"","width":"","height":""}],"twitter_card":"summary_large_image","twitter_misc":{"Temps estimat de lectura":"1 minut"},"schema":{"@context":"https:\/\/schema.org","@graph":[{"@type":"WebPage","@id":"https:\/\/evagrisdansa.com\/disciplinas\/danza\/base-tecnica-y-pbt\/","url":"https:\/\/evagrisdansa.com\/disciplinas\/danza\/base-tecnica-y-pbt\/","name":"Base t\u00e9cnica y PBT en Cornell\u00e0 | Eva Gris","isPartOf":{"@id":"https:\/\/evagrisdansa.com\/#website"},"primaryImageOfPage":{"@id":"https:\/\/evagrisdansa.com\/disciplinas\/danza\/base-tecnica-y-pbt\/#primaryimage"},"image":{"@id":"https:\/\/evagrisdansa.com\/disciplinas\/danza\/base-tecnica-y-pbt\/#primaryimage"},"thumbnailUrl":"https:\/\/evagrisdansa.com\/wp-content\/uploads\/2024\/03\/Eva-Gris-Dansa-Base-Tecnica-02.jpeg","datePublished":"2024-02-27T17:22:03+00:00","dateModified":"2024-10-08T09:07:58+00:00","description":"Mejora tu t\u00e9cnica con nuestras clases de base t\u00e9cnica y PBT. Fortalece tu cuerpo y perfecciona tu postura para avanzar en la danza. \u00a1Inscr\u00edbete ahora!","breadcrumb":{"@id":"https:\/\/evagrisdansa.com\/disciplinas\/danza\/base-tecnica-y-pbt\/#breadcrumb"},"inLanguage":"ca","potentialAction":[{"@type":"ReadAction","target":["https:\/\/evagrisdansa.com\/disciplinas\/danza\/base-tecnica-y-pbt\/"]}]},{"@type":"ImageObject","inLanguage":"ca","@id":"https:\/\/evagrisdansa.com\/disciplinas\/danza\/base-tecnica-y-pbt\/#primaryimage","url":"https:\/\/evagrisdansa.com\/wp-content\/uploads\/2024\/03\/Eva-Gris-Dansa-Base-Tecnica-02.jpeg","contentUrl":"https:\/\/evagrisdansa.com\/wp-content\/uploads\/2024\/03\/Eva-Gris-Dansa-Base-Tecnica-02.jpeg"},{"@type":"BreadcrumbList","@id":"https:\/\/evagrisdansa.com\/disciplinas\/danza\/base-tecnica-y-pbt\/#breadcrumb","itemListElement":[{"@type":"ListItem","position":1,"name":"Portada","item":"https:\/\/evagrisdansa.com\/"},{"@type":"ListItem","position":2,"name":"Disciplinas","item":"https:\/\/evagrisdansa.com\/disciplinas\/"},{"@type":"ListItem","position":3,"name":"Danza","item":"https:\/\/evagrisdansa.com\/disciplinas\/danza\/"},{"@type":"ListItem","position":4,"name":"Base tecnica y PBT"}]},{"@type":"WebSite","@id":"https:\/\/evagrisdansa.com\/#website","url":"https:\/\/evagrisdansa.com\/","name":"Eva Gris \u00b7 Escola de dansa i cant","description":"Eva Gris \u00b7 Escuela de danza, canto y teatro musical en Cornell\u00e0","potentialAction":[{"@type":"SearchAction","target":{"@type":"EntryPoint","urlTemplate":"https:\/\/evagrisdansa.com\/?s={search_term_string}"},"query-input":{"@type":"PropertyValueSpecification","valueRequired":true,"valueName":"search_term_string"}}],"inLanguage":"ca"}]}},"_links":{"self":[{"href":"https:\/\/evagrisdansa.com\/ca\/wp-json\/wp\/v2\/pages\/14052","targetHints":{"allow":["GET"]}}],"collection":[{"href":"https:\/\/evagrisdansa.com\/ca\/wp-json\/wp\/v2\/pages"}],"about":[{"href":"https:\/\/evagrisdansa.com\/ca\/wp-json\/wp\/v2\/types\/page"}],"author":[{"embeddable":true,"href":"https:\/\/evagrisdansa.com\/ca\/wp-json\/wp\/v2\/users\/3"}],"replies":[{"embeddable":true,"href":"https:\/\/evagrisdansa.com\/ca\/wp-json\/wp\/v2\/comments?post=14052"}],"version-history":[{"count":21,"href":"https:\/\/evagrisdansa.com\/ca\/wp-json\/wp\/v2\/pages\/14052\/revisions"}],"predecessor-version":[{"id":14752,"href":"https:\/\/evagrisdansa.com\/ca\/wp-json\/wp\/v2\/pages\/14052\/revisions\/14752"}],"up":[{"embeddable":true,"href":"https:\/\/evagrisdansa.com\/ca\/wp-json\/wp\/v2\/pages\/13288"}],"wp:attachment":[{"href":"https:\/\/evagrisdansa.com\/ca\/wp-json\/wp\/v2\/media?parent=14052"}],"curies":[{"name":"wp","href":"https:\/\/api.w.org\/{rel}","templated":true}]}}