{"id":14057,"date":"2024-02-27T17:24:03","date_gmt":"2024-02-27T17:24:03","guid":{"rendered":"https:\/\/evagrisdansa.com\/?page_id=14057"},"modified":"2024-10-08T09:39:20","modified_gmt":"2024-10-08T09:39:20","slug":"danza-urbana","status":"publish","type":"page","link":"https:\/\/evagrisdansa.com\/ca\/disciplinas\/danza\/danza-urbana\/","title":{"rendered":"Dansa urbana"},"content":{"rendered":"<div data-elementor-type=\"wp-page\" data-elementor-id=\"14057\" class=\"elementor elementor-14057\">\n\t\t\t\t\t\t<section class=\"elementor-section elementor-top-section elementor-element elementor-element-916639f elementor-section-full_width elementor-section-height-default elementor-section-height-default\" data-id=\"916639f\" data-element_type=\"section\" data-settings=\"{&quot;background_background&quot;:&quot;classic&quot;}\">\n\t\t\t\t\t\t<div class=\"elementor-container elementor-column-gap-no\">\n\t\t\t\t\t<div class=\"elementor-column elementor-col-100 elementor-top-column elementor-element elementor-element-d8eed9f\" data-id=\"d8eed9f\" data-element_type=\"column\" data-settings=\"{&quot;background_background&quot;:&quot;classic&quot;}\">\n\t\t\t<div class=\"elementor-widget-wrap elementor-element-populated\">\n\t\t\t\t\t\t<div class=\"elementor-element elementor-element-3b9e50e elementor-invisible elementor-widget elementor-widget-beatmove_core_custom_font\" data-id=\"3b9e50e\" data-element_type=\"widget\" data-settings=\"{&quot;_animation&quot;:&quot;fadeIn&quot;}\" data-widget_type=\"beatmove_core_custom_font.default\">\n\t\t\t\t<div class=\"elementor-widget-container\">\n\t\t\t\t\t<h1 class=\"qodef-shortcode qodef-m  qodef-custom-font  qodef-custom-font-66 qodef-layout--simple\" style=\"color: #FFFFFF;font-family: Sora;font-size: 50px;line-height: 140px;letter-spacing: 0px;font-weight: 300;text-transform: uppercase\">\n\tClases de danza Urbana en Cornell\u00e1<!--<span class=\"qode--char-holder\">-->\n<!--\t\t<span class=\"qode--char-initial\">-->\n<!---->\n<!--\t\t<\/span>-->\n<!--\t\t<span class=\"qode--char-appeared\">-->\n<!---->\n<!--\t\t<\/span>-->\n<!--\t<\/span>-->\n<\/h1>\n\t\t\t\t<\/div>\n\t\t\t\t<\/div>\n\t\t\t\t\t<\/div>\n\t\t<\/div>\n\t\t\t\t\t<\/div>\n\t\t<\/section>\n\t\t\t\t<section class=\"elementor-section elementor-top-section elementor-element elementor-element-63ee5f3 elementor-section-full_width qodef-elementor-content-grid elementor-section-stretched elementor-section-height-default elementor-section-height-default\" data-id=\"63ee5f3\" data-element_type=\"section\" data-settings=\"{&quot;background_background&quot;:&quot;classic&quot;,&quot;stretch_section&quot;:&quot;section-stretched&quot;}\">\n\t\t\t\t\t\t<div class=\"elementor-container elementor-column-gap-no\">\n\t\t\t\t\t<div class=\"elementor-column elementor-col-50 elementor-top-column elementor-element elementor-element-a9217f2\" data-id=\"a9217f2\" data-element_type=\"column\">\n\t\t\t<div class=\"elementor-widget-wrap elementor-element-populated\">\n\t\t\t\t\t\t<div class=\"elementor-element elementor-element-4b8a8ee elementor-widget__width-initial elementor-widget elementor-widget-beatmove_core_section_title\" data-id=\"4b8a8ee\" data-element_type=\"widget\" data-widget_type=\"beatmove_core_section_title.default\">\n\t\t\t\t<div class=\"elementor-widget-container\">\n\t\t\t\t\t<div class=\"qodef-shortcode qodef-m  qodef-section-title qodef--has-appear qodef-alignment--left   qodef-title--colored\">\n\t\t\t<h2 class=\"qodef-m-text\" style=\"color: #FFFFFF\">\n\t\tDisciplinas y estilos de danza urbana para todos los niveles\t<\/h2>\n<\/div>\n\t\t\t\t<\/div>\n\t\t\t\t<\/div>\n\t\t\t\t<div class=\"elementor-element elementor-element-2c6ceb8 elementor-widget__width-initial elementor-widget elementor-widget-beatmove_core_section_title\" data-id=\"2c6ceb8\" data-element_type=\"widget\" data-widget_type=\"beatmove_core_section_title.default\">\n\t\t\t\t<div class=\"elementor-widget-container\">\n\t\t\t\t\t<div class=\"qodef-shortcode qodef-m  qodef-section-title qodef--has-appear qodef-alignment--left   qodef-title--colored\">\n\t\t\t<p class=\"qodef-m-text\" style=\"color: #FFFFFF\">\n\t\t\u00c9s un estil de dansa que va evolucionar fora dels estudis de ball, en qualsevol espai obert com a carrers o festes de ball. El terme es fa servir per descriure les danses en el context urb\u00e0, sovint improvisades i de naturalesa social, fomentant la interacci\u00f3 i el contacte amb els espectadors i altres ballarins. Aquest tipus de dansa prioritza l&#039;actitud i la coordinaci\u00f3 i compr\u00e8n nombrosos estils m\u00e9s especialitzats segons la forma.\t<\/p>\n<\/div>\n\t\t\t\t<\/div>\n\t\t\t\t<\/div>\n\t\t\t\t\t<\/div>\n\t\t<\/div>\n\t\t\t\t<div class=\"elementor-column elementor-col-50 elementor-top-column elementor-element elementor-element-62f7a57\" data-id=\"62f7a57\" data-element_type=\"column\">\n\t\t\t<div class=\"elementor-widget-wrap elementor-element-populated\">\n\t\t\t\t\t\t<div class=\"elementor-element elementor-element-9212882 elementor-widget elementor-widget-beatmove_core_banner\" data-id=\"9212882\" data-element_type=\"widget\" data-widget_type=\"beatmove_core_banner.default\">\n\t\t\t\t<div class=\"elementor-widget-container\">\n\t\t\t\t\t<div class=\"qodef-shortcode qodef-m  qodef-banner qodef-layout--link-overlay   qodef-custom-height--enabled   qodef-banner-841  qodef--hover-grain\" style=\"height: 450px\">\n\t<div class=\"qodef-m-image\">\n\t<img fetchpriority=\"high\" decoding=\"async\" width=\"800\" height=\"534\" src=\"https:\/\/evagrisdansa.com\/wp-content\/uploads\/2024\/02\/Eva-Gris-Escola-Dansa-Hip-Hop-min.jpg\" class=\"attachment-full size-full\" alt=\"\" srcset=\"https:\/\/evagrisdansa.com\/wp-content\/uploads\/2024\/02\/Eva-Gris-Escola-Dansa-Hip-Hop-min.jpg 800w, https:\/\/evagrisdansa.com\/wp-content\/uploads\/2024\/02\/Eva-Gris-Escola-Dansa-Hip-Hop-min-300x200.jpg 300w, https:\/\/evagrisdansa.com\/wp-content\/uploads\/2024\/02\/Eva-Gris-Escola-Dansa-Hip-Hop-min-768x513.jpg 768w\" sizes=\"(max-width: 800px) 100vw, 800px\" \/><\/div>\n\t<div class=\"qodef-m-content\">\n\t\t<div class=\"qodef-m-content-inner\" >\n\t\t\t\t\t\t\t\t\t\t\t<\/div>\n\t<\/div>\n\t<a itemprop=\"url\" href=\"#\" class=\"qodef-m-banner-link\" target=\"_self\"><\/a>\n\n<\/div>\n\t\t\t\t<\/div>\n\t\t\t\t<\/div>\n\t\t\t\t\t<\/div>\n\t\t<\/div>\n\t\t\t\t\t<\/div>\n\t\t<\/section>\n\t\t\t\t<section class=\"elementor-section elementor-top-section elementor-element elementor-element-4fda040 elementor-section-full_width qodef-elementor-content-grid elementor-section-height-default elementor-section-height-default\" data-id=\"4fda040\" data-element_type=\"section\" data-settings=\"{&quot;background_background&quot;:&quot;classic&quot;}\">\n\t\t\t\t\t\t<div class=\"elementor-container elementor-column-gap-default\">\n\t\t\t\t\t<div class=\"elementor-column elementor-col-100 elementor-top-column elementor-element elementor-element-5f91879\" data-id=\"5f91879\" data-element_type=\"column\" data-settings=\"{&quot;background_background&quot;:&quot;classic&quot;}\">\n\t\t\t<div class=\"elementor-widget-wrap elementor-element-populated\">\n\t\t\t\t\t\t<div class=\"elementor-element elementor-element-4451c8a elementor-widget elementor-widget-text-editor\" data-id=\"4451c8a\" data-element_type=\"widget\" data-widget_type=\"text-editor.default\">\n\t\t\t\t<div class=\"elementor-widget-container\">\n\t\t\t\t\t\t\t\t\t<h3 style=\"text-align: left;\">Contacta amb nosaltres<\/h3>\t\t\t\t\t\t\t\t<\/div>\n\t\t\t\t<\/div>\n\t\t\t\t<div class=\"elementor-element elementor-element-a210b17 elementor-widget elementor-widget-wp-widget-beatmove_core_contact_form_7\" data-id=\"a210b17\" data-element_type=\"widget\" data-widget_type=\"wp-widget-beatmove_core_contact_form_7.default\">\n\t\t\t\t<div class=\"elementor-widget-container\">\n\t\t\t\t\t\t\t\t<div class=\"qodef-contact-form-7\">\n\t\t\t\t\n<div class=\"wpcf7 no-js\" id=\"wpcf7-f6523-o1\" lang=\"es-ES\" dir=\"ltr\" data-wpcf7-id=\"6523\">\n<div class=\"screen-reader-response\"><p role=\"status\" aria-live=\"polite\" aria-atomic=\"true\"><\/p> <ul><\/ul><\/div>\n<form action=\"\/ca\/wp-json\/wp\/v2\/pages\/14057#wpcf7-f6523-o1\" method=\"post\" class=\"wpcf7-form init\" aria-label=\"Formulari de contacte\" novalidate=\"novalidate\" data-status=\"init\" data-trp-original-action=\"\/ca\/wp-json\/wp\/v2\/pages\/14057#wpcf7-f6523-o1\">\n<fieldset class=\"hidden-fields-container\"><input type=\"hidden\" name=\"_wpcf7\" value=\"6523\" \/><input type=\"hidden\" name=\"_wpcf7_version\" value=\"6.1\" \/><input type=\"hidden\" name=\"_wpcf7_locale\" value=\"es_ES\" \/><input type=\"hidden\" name=\"_wpcf7_unit_tag\" value=\"wpcf7-f6523-o1\" \/><input type=\"hidden\" name=\"_wpcf7_container_post\" value=\"0\" \/><input type=\"hidden\" name=\"_wpcf7_posted_data_hash\" value=\"\" \/>\n<\/fieldset>\n<label> El teu nom\n    <span class=\"wpcf7-form-control-wrap\" data-name=\"your-name\"><input size=\"40\" maxlength=\"400\" class=\"wpcf7-form-control wpcf7-text wpcf7-validates-as-required\" autocomplete=\"name\" aria-required=\"true\" aria-invalid=\"false\" value=\"\" type=\"text\" name=\"your-name\" \/><\/span> <\/label>\n\n<label> El teu correu electr\u00f2nic\n    <span class=\"wpcf7-form-control-wrap\" data-name=\"your-email\"><input size=\"40\" maxlength=\"400\" class=\"wpcf7-form-control wpcf7-email wpcf7-validates-as-required wpcf7-text wpcf7-validates-as-email\" autocomplete=\"email\" aria-required=\"true\" aria-invalid=\"false\" value=\"\" type=\"email\" name=\"your-email\" \/><\/span> <\/label>\n\n<label> Assumpte\n    <span class=\"wpcf7-form-control-wrap\" data-name=\"your-subject\"><input size=\"40\" maxlength=\"400\" class=\"wpcf7-form-control wpcf7-text wpcf7-validates-as-required\" aria-required=\"true\" aria-invalid=\"false\" value=\"\" type=\"text\" name=\"your-subject\" \/><\/span> <\/label>\n\n<label> El teu missatge (opcional)\n    <span class=\"wpcf7-form-control-wrap\" data-name=\"your-message\"><textarea cols=\"40\" rows=\"10\" maxlength=\"2000\" class=\"wpcf7-form-control wpcf7-textarea\" aria-invalid=\"false\" name=\"your-message\"><\/textarea><\/span> <\/label>\n\n<button class=\"wpcf7-form-control wpcf7-submit qodef-button qodef-size--normal qodef-layout--filled qodef-m\" type=\"submit\"><span class=\"qodef-m-text\">Enviar<\/span><\/button><div class=\"wpcf7-response-output\" aria-hidden=\"true\"><\/div>\n<input type=\"hidden\" name=\"trp-form-language\" value=\"ca\"\/><\/form>\n<\/div>\n\t\t\t<\/div>\n\t\t\t\t\t\t\t<\/div>\n\t\t\t\t<\/div>\n\t\t\t\t\t<\/div>\n\t\t<\/div>\n\t\t\t\t\t<\/div>\n\t\t<\/section>\n\t\t\t\t<\/div>","protected":false},"excerpt":{"rendered":"<p>Clases de danza Urbana en Cornell\u00e1 Disciplinas y estilos de danza urbana para todos los niveles Es un estilo de danza que evolucion\u00f3 fuera de los estudios de baile, en [&hellip;]<\/p>","protected":false},"author":3,"featured_media":0,"parent":13288,"menu_order":2,"comment_status":"closed","ping_status":"closed","template":"page-full-width.php","meta":{"_joinchat":[],"footnotes":""},"class_list":["post-14057","page","type-page","status-publish","hentry"],"yoast_head":"<!-- This site is optimized with the Yoast SEO plugin v25.3.1 - https:\/\/yoast.com\/wordpress\/plugins\/seo\/ -->\n<title>Clases de danza urbana en Cornell\u00e0 | Eva Gris<\/title>\n<meta name=\"description\" content=\"Baila al ritmo de la calle con nuestras clases de danza urbana. Aprender\u00e1s movimientos frescos y modernos. \u00a1\u00danete a la energ\u00eda del baile urbano!\" \/>\n<meta name=\"robots\" content=\"index, follow, max-snippet:-1, max-image-preview:large, max-video-preview:-1\" \/>\n<link rel=\"canonical\" href=\"https:\/\/evagrisdansa.com\/ca\/disciplinas\/danza\/danza-urbana\/\" \/>\n<meta property=\"og:locale\" content=\"ca_ES\" \/>\n<meta property=\"og:type\" content=\"article\" \/>\n<meta property=\"og:title\" content=\"Clases de danza urbana en Cornell\u00e0 | Eva Gris\" \/>\n<meta property=\"og:description\" content=\"Baila al ritmo de la calle con nuestras clases de danza urbana. Aprender\u00e1s movimientos frescos y modernos. \u00a1\u00danete a la energ\u00eda del baile urbano!\" \/>\n<meta property=\"og:url\" content=\"https:\/\/evagrisdansa.com\/ca\/disciplinas\/danza\/danza-urbana\/\" \/>\n<meta property=\"og:site_name\" content=\"Eva Gris \u00b7 Escola de dansa i cant\" \/>\n<meta property=\"article:modified_time\" content=\"2024-10-08T09:39:20+00:00\" \/>\n<meta property=\"og:image\" content=\"https:\/\/evagrisdansa.com\/wp-content\/uploads\/2024\/02\/Eva-Gris-Escola-Dansa-Hip-Hop-min.jpg\" \/>\n<meta name=\"twitter:card\" content=\"summary_large_image\" \/>\n<meta name=\"twitter:label1\" content=\"Temps estimat de lectura\" \/>\n\t<meta name=\"twitter:data1\" content=\"1 minut\" \/>\n<script type=\"application\/ld+json\" class=\"yoast-schema-graph\">{\"@context\":\"https:\/\/schema.org\",\"@graph\":[{\"@type\":\"WebPage\",\"@id\":\"https:\/\/evagrisdansa.com\/disciplinas\/danza\/danza-urbana\/\",\"url\":\"https:\/\/evagrisdansa.com\/disciplinas\/danza\/danza-urbana\/\",\"name\":\"Clases de danza urbana en Cornell\u00e0 | Eva Gris\",\"isPartOf\":{\"@id\":\"https:\/\/evagrisdansa.com\/#website\"},\"primaryImageOfPage\":{\"@id\":\"https:\/\/evagrisdansa.com\/disciplinas\/danza\/danza-urbana\/#primaryimage\"},\"image\":{\"@id\":\"https:\/\/evagrisdansa.com\/disciplinas\/danza\/danza-urbana\/#primaryimage\"},\"thumbnailUrl\":\"https:\/\/evagrisdansa.com\/wp-content\/uploads\/2024\/02\/Eva-Gris-Escola-Dansa-Hip-Hop-min.jpg\",\"datePublished\":\"2024-02-27T17:24:03+00:00\",\"dateModified\":\"2024-10-08T09:39:20+00:00\",\"description\":\"Baila al ritmo de la calle con nuestras clases de danza urbana. Aprender\u00e1s movimientos frescos y modernos. \u00a1\u00danete a la energ\u00eda del baile urbano!\",\"breadcrumb\":{\"@id\":\"https:\/\/evagrisdansa.com\/disciplinas\/danza\/danza-urbana\/#breadcrumb\"},\"inLanguage\":\"ca\",\"potentialAction\":[{\"@type\":\"ReadAction\",\"target\":[\"https:\/\/evagrisdansa.com\/disciplinas\/danza\/danza-urbana\/\"]}]},{\"@type\":\"ImageObject\",\"inLanguage\":\"ca\",\"@id\":\"https:\/\/evagrisdansa.com\/disciplinas\/danza\/danza-urbana\/#primaryimage\",\"url\":\"https:\/\/evagrisdansa.com\/wp-content\/uploads\/2024\/02\/Eva-Gris-Escola-Dansa-Hip-Hop-min.jpg\",\"contentUrl\":\"https:\/\/evagrisdansa.com\/wp-content\/uploads\/2024\/02\/Eva-Gris-Escola-Dansa-Hip-Hop-min.jpg\"},{\"@type\":\"BreadcrumbList\",\"@id\":\"https:\/\/evagrisdansa.com\/disciplinas\/danza\/danza-urbana\/#breadcrumb\",\"itemListElement\":[{\"@type\":\"ListItem\",\"position\":1,\"name\":\"Portada\",\"item\":\"https:\/\/evagrisdansa.com\/\"},{\"@type\":\"ListItem\",\"position\":2,\"name\":\"Disciplinas\",\"item\":\"https:\/\/evagrisdansa.com\/disciplinas\/\"},{\"@type\":\"ListItem\",\"position\":3,\"name\":\"Danza\",\"item\":\"https:\/\/evagrisdansa.com\/disciplinas\/danza\/\"},{\"@type\":\"ListItem\",\"position\":4,\"name\":\"Danza urbana\"}]},{\"@type\":\"WebSite\",\"@id\":\"https:\/\/evagrisdansa.com\/#website\",\"url\":\"https:\/\/evagrisdansa.com\/\",\"name\":\"Eva Gris \u00b7 Escola de dansa i cant\",\"description\":\"Eva Gris \u00b7 Escuela de danza, canto y teatro musical en Cornell\u00e0\",\"potentialAction\":[{\"@type\":\"SearchAction\",\"target\":{\"@type\":\"EntryPoint\",\"urlTemplate\":\"https:\/\/evagrisdansa.com\/?s={search_term_string}\"},\"query-input\":{\"@type\":\"PropertyValueSpecification\",\"valueRequired\":true,\"valueName\":\"search_term_string\"}}],\"inLanguage\":\"ca\"}]}<\/script>\n<!-- \/ Yoast SEO plugin. -->","yoast_head_json":{"title":"Clases de danza urbana en Cornell\u00e0 | Eva Gris","description":"Baila al ritmo de la calle con nuestras clases de danza urbana. Aprender\u00e1s movimientos frescos y modernos. \u00a1\u00danete a la energ\u00eda del baile urbano!","robots":{"index":"index","follow":"follow","max-snippet":"max-snippet:-1","max-image-preview":"max-image-preview:large","max-video-preview":"max-video-preview:-1"},"canonical":"https:\/\/evagrisdansa.com\/ca\/disciplinas\/danza\/danza-urbana\/","og_locale":"ca_ES","og_type":"article","og_title":"Clases de danza urbana en Cornell\u00e0 | Eva Gris","og_description":"Baila al ritmo de la calle con nuestras clases de danza urbana. Aprender\u00e1s movimientos frescos y modernos. \u00a1\u00danete a la energ\u00eda del baile urbano!","og_url":"https:\/\/evagrisdansa.com\/ca\/disciplinas\/danza\/danza-urbana\/","og_site_name":"Eva Gris \u00b7 Escola de dansa i cant","article_modified_time":"2024-10-08T09:39:20+00:00","og_image":[{"url":"https:\/\/evagrisdansa.com\/wp-content\/uploads\/2024\/02\/Eva-Gris-Escola-Dansa-Hip-Hop-min.jpg","type":"","width":"","height":""}],"twitter_card":"summary_large_image","twitter_misc":{"Temps estimat de lectura":"1 minut"},"schema":{"@context":"https:\/\/schema.org","@graph":[{"@type":"WebPage","@id":"https:\/\/evagrisdansa.com\/disciplinas\/danza\/danza-urbana\/","url":"https:\/\/evagrisdansa.com\/disciplinas\/danza\/danza-urbana\/","name":"Clases de danza urbana en Cornell\u00e0 | Eva Gris","isPartOf":{"@id":"https:\/\/evagrisdansa.com\/#website"},"primaryImageOfPage":{"@id":"https:\/\/evagrisdansa.com\/disciplinas\/danza\/danza-urbana\/#primaryimage"},"image":{"@id":"https:\/\/evagrisdansa.com\/disciplinas\/danza\/danza-urbana\/#primaryimage"},"thumbnailUrl":"https:\/\/evagrisdansa.com\/wp-content\/uploads\/2024\/02\/Eva-Gris-Escola-Dansa-Hip-Hop-min.jpg","datePublished":"2024-02-27T17:24:03+00:00","dateModified":"2024-10-08T09:39:20+00:00","description":"Baila al ritmo de la calle con nuestras clases de danza urbana. Aprender\u00e1s movimientos frescos y modernos. \u00a1\u00danete a la energ\u00eda del baile urbano!","breadcrumb":{"@id":"https:\/\/evagrisdansa.com\/disciplinas\/danza\/danza-urbana\/#breadcrumb"},"inLanguage":"ca","potentialAction":[{"@type":"ReadAction","target":["https:\/\/evagrisdansa.com\/disciplinas\/danza\/danza-urbana\/"]}]},{"@type":"ImageObject","inLanguage":"ca","@id":"https:\/\/evagrisdansa.com\/disciplinas\/danza\/danza-urbana\/#primaryimage","url":"https:\/\/evagrisdansa.com\/wp-content\/uploads\/2024\/02\/Eva-Gris-Escola-Dansa-Hip-Hop-min.jpg","contentUrl":"https:\/\/evagrisdansa.com\/wp-content\/uploads\/2024\/02\/Eva-Gris-Escola-Dansa-Hip-Hop-min.jpg"},{"@type":"BreadcrumbList","@id":"https:\/\/evagrisdansa.com\/disciplinas\/danza\/danza-urbana\/#breadcrumb","itemListElement":[{"@type":"ListItem","position":1,"name":"Portada","item":"https:\/\/evagrisdansa.com\/"},{"@type":"ListItem","position":2,"name":"Disciplinas","item":"https:\/\/evagrisdansa.com\/disciplinas\/"},{"@type":"ListItem","position":3,"name":"Danza","item":"https:\/\/evagrisdansa.com\/disciplinas\/danza\/"},{"@type":"ListItem","position":4,"name":"Danza urbana"}]},{"@type":"WebSite","@id":"https:\/\/evagrisdansa.com\/#website","url":"https:\/\/evagrisdansa.com\/","name":"Eva Gris \u00b7 Escola de dansa i cant","description":"Eva Gris \u00b7 Escuela de danza, canto y teatro musical en Cornell\u00e0","potentialAction":[{"@type":"SearchAction","target":{"@type":"EntryPoint","urlTemplate":"https:\/\/evagrisdansa.com\/?s={search_term_string}"},"query-input":{"@type":"PropertyValueSpecification","valueRequired":true,"valueName":"search_term_string"}}],"inLanguage":"ca"}]}},"_links":{"self":[{"href":"https:\/\/evagrisdansa.com\/ca\/wp-json\/wp\/v2\/pages\/14057","targetHints":{"allow":["GET"]}}],"collection":[{"href":"https:\/\/evagrisdansa.com\/ca\/wp-json\/wp\/v2\/pages"}],"about":[{"href":"https:\/\/evagrisdansa.com\/ca\/wp-json\/wp\/v2\/types\/page"}],"author":[{"embeddable":true,"href":"https:\/\/evagrisdansa.com\/ca\/wp-json\/wp\/v2\/users\/3"}],"replies":[{"embeddable":true,"href":"https:\/\/evagrisdansa.com\/ca\/wp-json\/wp\/v2\/comments?post=14057"}],"version-history":[{"count":23,"href":"https:\/\/evagrisdansa.com\/ca\/wp-json\/wp\/v2\/pages\/14057\/revisions"}],"predecessor-version":[{"id":14768,"href":"https:\/\/evagrisdansa.com\/ca\/wp-json\/wp\/v2\/pages\/14057\/revisions\/14768"}],"up":[{"embeddable":true,"href":"https:\/\/evagrisdansa.com\/ca\/wp-json\/wp\/v2\/pages\/13288"}],"wp:attachment":[{"href":"https:\/\/evagrisdansa.com\/ca\/wp-json\/wp\/v2\/media?parent=14057"}],"curies":[{"name":"wp","href":"https:\/\/api.w.org\/{rel}","templated":true}]}}