{"id":14114,"date":"2024-02-27T18:37:46","date_gmt":"2024-02-27T18:37:46","guid":{"rendered":"https:\/\/evagrisdansa.com\/?page_id=14114"},"modified":"2024-10-08T09:45:25","modified_gmt":"2024-10-08T09:45:25","slug":"programa-de-estudios","status":"publish","type":"page","link":"https:\/\/evagrisdansa.com\/ca\/disciplinas\/canto\/programa-de-estudios\/","title":{"rendered":"Programa d&#039;estudis"},"content":{"rendered":"<div data-elementor-type=\"wp-page\" data-elementor-id=\"14114\" class=\"elementor elementor-14114\">\n\t\t\t\t\t\t<section class=\"elementor-section elementor-top-section elementor-element elementor-element-1116c2e elementor-section-full_width elementor-section-height-default elementor-section-height-default\" data-id=\"1116c2e\" data-element_type=\"section\" data-settings=\"{&quot;background_background&quot;:&quot;classic&quot;}\">\n\t\t\t\t\t\t<div class=\"elementor-container elementor-column-gap-no\">\n\t\t\t\t\t<div class=\"elementor-column elementor-col-100 elementor-top-column elementor-element elementor-element-b39798f\" data-id=\"b39798f\" data-element_type=\"column\" data-settings=\"{&quot;background_background&quot;:&quot;classic&quot;}\">\n\t\t\t<div class=\"elementor-widget-wrap elementor-element-populated\">\n\t\t\t\t\t\t<div class=\"elementor-element elementor-element-01f56f4 elementor-invisible elementor-widget elementor-widget-beatmove_core_custom_font\" data-id=\"01f56f4\" data-element_type=\"widget\" data-settings=\"{&quot;_animation&quot;:&quot;fadeIn&quot;}\" data-widget_type=\"beatmove_core_custom_font.default\">\n\t\t\t\t<div class=\"elementor-widget-container\">\n\t\t\t\t\t<h1 class=\"qodef-shortcode qodef-m  qodef-custom-font  qodef-custom-font-983 qodef-layout--simple\" style=\"color: #FFFFFF;font-family: Sora;font-size: 50px;line-height: 140px;letter-spacing: 0px;font-weight: 300;text-transform: uppercase\">\n\tPrograma de estudios de canto<!--<span class=\"qode--char-holder\">-->\n<!--\t\t<span class=\"qode--char-initial\">-->\n<!---->\n<!--\t\t<\/span>-->\n<!--\t\t<span class=\"qode--char-appeared\">-->\n<!---->\n<!--\t\t<\/span>-->\n<!--\t<\/span>-->\n<\/h1>\n\t\t\t\t<\/div>\n\t\t\t\t<\/div>\n\t\t\t\t\t<\/div>\n\t\t<\/div>\n\t\t\t\t\t<\/div>\n\t\t<\/section>\n\t\t\t\t<section class=\"elementor-section elementor-top-section elementor-element elementor-element-088aa44 elementor-section-full_width qodef-elementor-content-grid elementor-section-stretched elementor-section-height-default elementor-section-height-default\" data-id=\"088aa44\" data-element_type=\"section\" data-settings=\"{&quot;background_background&quot;:&quot;classic&quot;,&quot;stretch_section&quot;:&quot;section-stretched&quot;}\">\n\t\t\t\t\t\t<div class=\"elementor-container elementor-column-gap-no\">\n\t\t\t\t\t<div class=\"elementor-column elementor-col-100 elementor-top-column elementor-element elementor-element-510ad96\" data-id=\"510ad96\" data-element_type=\"column\">\n\t\t\t<div class=\"elementor-widget-wrap elementor-element-populated\">\n\t\t\t\t\t\t<section class=\"elementor-section elementor-inner-section elementor-element elementor-element-074ef8f elementor-section-full_width elementor-section-height-default elementor-section-height-default\" data-id=\"074ef8f\" data-element_type=\"section\">\n\t\t\t\t\t\t<div class=\"elementor-container elementor-column-gap-default\">\n\t\t\t\t\t<div class=\"elementor-column elementor-col-33 elementor-inner-column elementor-element elementor-element-454a0cd\" data-id=\"454a0cd\" data-element_type=\"column\">\n\t\t\t<div class=\"elementor-widget-wrap elementor-element-populated\">\n\t\t\t\t\t\t<div class=\"elementor-element elementor-element-2e2ee4d elementor-widget elementor-widget-beatmove_core_icon_with_text\" data-id=\"2e2ee4d\" data-element_type=\"widget\" data-widget_type=\"beatmove_core_icon_with_text.default\">\n\t\t\t\t<div class=\"elementor-widget-container\">\n\t\t\t\t\t<div class=\"qodef-shortcode qodef-m  qodef-icon-with-text  qodef-layout--top qodef--custom-icon  qodef-alignment--left\">\n\t<div class=\"qodef-m-icon-wrapper\">\n\t\t\t\t\t\t\t<\/div>\n\t<div class=\"qodef-m-content\">\n\t\t\t<h2 class=\"qodef-m-title\" style=\"margin-top: 25px;color: #000000\">\n\t\t\t\t\t<span class=\"qodef-m-title-text\">Iniciaci\u00f3<\/span>\n\t\t\t<\/h2>\n\t\t\t<p class=\"qodef-m-text\" style=\"margin-top: 15px;color: #000000\">Classes particulars d&#039;iniciaci\u00f3 fins a perfeccionament de la t\u00e8cnica Functional Voice Training (FVT).<\/p>\n\t<\/div>\n<\/div>\n\t\t\t\t<\/div>\n\t\t\t\t<\/div>\n\t\t\t\t\t<\/div>\n\t\t<\/div>\n\t\t\t\t<div class=\"elementor-column elementor-col-33 elementor-inner-column elementor-element elementor-element-0c4128c\" data-id=\"0c4128c\" data-element_type=\"column\">\n\t\t\t<div class=\"elementor-widget-wrap elementor-element-populated\">\n\t\t\t\t\t\t<div class=\"elementor-element elementor-element-2d98741 elementor-widget elementor-widget-beatmove_core_icon_with_text\" data-id=\"2d98741\" data-element_type=\"widget\" data-widget_type=\"beatmove_core_icon_with_text.default\">\n\t\t\t\t<div class=\"elementor-widget-container\">\n\t\t\t\t\t<div class=\"qodef-shortcode qodef-m  qodef-icon-with-text  qodef-layout--top qodef--custom-icon  qodef-alignment--left\">\n\t<div class=\"qodef-m-icon-wrapper\">\n\t\t\t\t\t\t\t<\/div>\n\t<div class=\"qodef-m-content\">\n\t\t\t<h2 class=\"qodef-m-title\" style=\"margin-top: 25px;color: #000000\">\n\t\t\t\t\t<span class=\"qodef-m-title-text\">Classes redu\u00efdes<\/span>\n\t\t\t<\/h2>\n\t\t\t<p class=\"qodef-m-text\" style=\"margin-top: 15px;color: #000000\">Classes en grup de dues persones: t\u00e8cnica vocal Voice Craft i creaci\u00f3 d&#039;harm\u00f2nies i duets.<\/p>\n\t<\/div>\n<\/div>\n\t\t\t\t<\/div>\n\t\t\t\t<\/div>\n\t\t\t\t\t<\/div>\n\t\t<\/div>\n\t\t\t\t<div class=\"elementor-column elementor-col-33 elementor-inner-column elementor-element elementor-element-96ba136\" data-id=\"96ba136\" data-element_type=\"column\">\n\t\t\t<div class=\"elementor-widget-wrap elementor-element-populated\">\n\t\t\t\t\t\t<div class=\"elementor-element elementor-element-6e943fa elementor-widget elementor-widget-beatmove_core_icon_with_text\" data-id=\"6e943fa\" data-element_type=\"widget\" data-widget_type=\"beatmove_core_icon_with_text.default\">\n\t\t\t\t<div class=\"elementor-widget-container\">\n\t\t\t\t\t<div class=\"qodef-shortcode qodef-m  qodef-icon-with-text  qodef-layout--top qodef--custom-icon  qodef-alignment--left\">\n\t<div class=\"qodef-m-icon-wrapper\">\n\t\t\t\t\t\t\t<\/div>\n\t<div class=\"qodef-m-content\">\n\t\t\t<h2 class=\"qodef-m-title\" style=\"margin-top: 25px;color: #000000\">\n\t\t\t\t\t<span class=\"qodef-m-title-text\">Pianista<\/span>\n\t\t\t<\/h2>\n\t\t\t<p class=\"qodef-m-text\" style=\"margin-top: 15px;color: #000000\">Repertori amb pianista, introducci\u00f3 al llenguatge musical. Improvisaci\u00f3 vocal. Aprenentatge de maneres, escales i nomenclatura anglosaxona.<\/p>\n\t<\/div>\n<\/div>\n\t\t\t\t<\/div>\n\t\t\t\t<\/div>\n\t\t\t\t\t<\/div>\n\t\t<\/div>\n\t\t\t\t\t<\/div>\n\t\t<\/section>\n\t\t\t\t<section class=\"elementor-section elementor-inner-section elementor-element elementor-element-2a69b03 elementor-section-full_width elementor-section-height-default elementor-section-height-default\" data-id=\"2a69b03\" data-element_type=\"section\">\n\t\t\t\t\t\t<div class=\"elementor-container elementor-column-gap-default\">\n\t\t\t\t\t<div class=\"elementor-column elementor-col-33 elementor-inner-column elementor-element elementor-element-050deee\" data-id=\"050deee\" data-element_type=\"column\">\n\t\t\t<div class=\"elementor-widget-wrap elementor-element-populated\">\n\t\t\t\t\t\t<div class=\"elementor-element elementor-element-6b099e8 elementor-widget elementor-widget-beatmove_core_icon_with_text\" data-id=\"6b099e8\" data-element_type=\"widget\" data-widget_type=\"beatmove_core_icon_with_text.default\">\n\t\t\t\t<div class=\"elementor-widget-container\">\n\t\t\t\t\t<div class=\"qodef-shortcode qodef-m  qodef-icon-with-text  qodef-layout--top qodef--custom-icon  qodef-alignment--left\">\n\t<div class=\"qodef-m-icon-wrapper\">\n\t\t\t\t\t\t\t<\/div>\n\t<div class=\"qodef-m-content\">\n\t\t\t<h2 class=\"qodef-m-title\" style=\"margin-top: 25px;color: #000000\">\n\t\t\t\t\t<span class=\"qodef-m-title-text\">Grup Coral<\/span>\n\t\t\t<\/h2>\n\t\t\t<p class=\"qodef-m-text\" style=\"margin-top: 15px;color: #000000\">Format per un m\u00e0xim de 15 persones, on es treballaran can\u00e7ons gospel i pop-rock. <\/p>\n\t<\/div>\n<\/div>\n\t\t\t\t<\/div>\n\t\t\t\t<\/div>\n\t\t\t\t\t<\/div>\n\t\t<\/div>\n\t\t\t\t<div class=\"elementor-column elementor-col-33 elementor-inner-column elementor-element elementor-element-4578a45\" data-id=\"4578a45\" data-element_type=\"column\">\n\t\t\t<div class=\"elementor-widget-wrap elementor-element-populated\">\n\t\t\t\t\t\t<div class=\"elementor-element elementor-element-0e24704 elementor-widget elementor-widget-beatmove_core_icon_with_text\" data-id=\"0e24704\" data-element_type=\"widget\" data-widget_type=\"beatmove_core_icon_with_text.default\">\n\t\t\t\t<div class=\"elementor-widget-container\">\n\t\t\t\t\t<div class=\"qodef-shortcode qodef-m  qodef-icon-with-text  qodef-layout--top qodef--custom-icon  qodef-alignment--left\">\n\t<div class=\"qodef-m-icon-wrapper\">\n\t\t\t\t\t\t\t<\/div>\n\t<div class=\"qodef-m-content\">\n\t\t\t<h2 class=\"qodef-m-title\" style=\"margin-top: 25px;color: #000000\">\n\t\t\t\t\t<span class=\"qodef-m-title-text\">Masterclass<\/span>\n\t\t\t<\/h2>\n\t\t\t<p class=\"qodef-m-text\" style=\"margin-top: 15px;color: #000000\">Masterclass de professors convidats, posada en escena i cerca de c\u00e0stings.<\/p>\n\t<\/div>\n<\/div>\n\t\t\t\t<\/div>\n\t\t\t\t<\/div>\n\t\t\t\t\t<\/div>\n\t\t<\/div>\n\t\t\t\t<div class=\"elementor-column elementor-col-33 elementor-inner-column elementor-element elementor-element-a8afafc elementor-hidden-tablet elementor-hidden-mobile\" data-id=\"a8afafc\" data-element_type=\"column\">\n\t\t\t<div class=\"elementor-widget-wrap\">\n\t\t\t\t\t\t\t<\/div>\n\t\t<\/div>\n\t\t\t\t\t<\/div>\n\t\t<\/section>\n\t\t\t\t\t<\/div>\n\t\t<\/div>\n\t\t\t\t\t<\/div>\n\t\t<\/section>\n\t\t\t\t<section class=\"elementor-section elementor-top-section elementor-element elementor-element-e1aea5e elementor-section-full_width qodef-elementor-content-grid elementor-section-height-default elementor-section-height-default\" data-id=\"e1aea5e\" data-element_type=\"section\" data-settings=\"{&quot;background_background&quot;:&quot;classic&quot;}\">\n\t\t\t\t\t\t<div class=\"elementor-container elementor-column-gap-default\">\n\t\t\t\t\t<div class=\"elementor-column elementor-col-100 elementor-top-column elementor-element elementor-element-682e60d\" data-id=\"682e60d\" data-element_type=\"column\" data-settings=\"{&quot;background_background&quot;:&quot;classic&quot;}\">\n\t\t\t<div class=\"elementor-widget-wrap elementor-element-populated\">\n\t\t\t\t\t\t<div class=\"elementor-element elementor-element-e8a5f8c elementor-widget elementor-widget-text-editor\" data-id=\"e8a5f8c\" data-element_type=\"widget\" data-widget_type=\"text-editor.default\">\n\t\t\t\t<div class=\"elementor-widget-container\">\n\t\t\t\t\t\t\t\t\t<h3 style=\"text-align: left;\">Contacta amb nosaltres<\/h3>\t\t\t\t\t\t\t\t<\/div>\n\t\t\t\t<\/div>\n\t\t\t\t<div class=\"elementor-element elementor-element-310d256 elementor-widget elementor-widget-wp-widget-beatmove_core_contact_form_7\" data-id=\"310d256\" data-element_type=\"widget\" data-widget_type=\"wp-widget-beatmove_core_contact_form_7.default\">\n\t\t\t\t<div class=\"elementor-widget-container\">\n\t\t\t\t\t\t\t\t<div class=\"qodef-contact-form-7\">\n\t\t\t\t\n<div class=\"wpcf7 no-js\" id=\"wpcf7-f6523-o1\" lang=\"es-ES\" dir=\"ltr\" data-wpcf7-id=\"6523\">\n<div class=\"screen-reader-response\"><p role=\"status\" aria-live=\"polite\" aria-atomic=\"true\"><\/p> <ul><\/ul><\/div>\n<form action=\"\/ca\/wp-json\/wp\/v2\/pages\/14114#wpcf7-f6523-o1\" method=\"post\" class=\"wpcf7-form init\" aria-label=\"Formulari de contacte\" novalidate=\"novalidate\" data-status=\"init\" data-trp-original-action=\"\/ca\/wp-json\/wp\/v2\/pages\/14114#wpcf7-f6523-o1\">\n<fieldset class=\"hidden-fields-container\"><input type=\"hidden\" name=\"_wpcf7\" value=\"6523\" \/><input type=\"hidden\" name=\"_wpcf7_version\" value=\"6.1\" \/><input type=\"hidden\" name=\"_wpcf7_locale\" value=\"es_ES\" \/><input type=\"hidden\" name=\"_wpcf7_unit_tag\" value=\"wpcf7-f6523-o1\" \/><input type=\"hidden\" name=\"_wpcf7_container_post\" value=\"0\" \/><input type=\"hidden\" name=\"_wpcf7_posted_data_hash\" value=\"\" \/>\n<\/fieldset>\n<label> El teu nom\n    <span class=\"wpcf7-form-control-wrap\" data-name=\"your-name\"><input size=\"40\" maxlength=\"400\" class=\"wpcf7-form-control wpcf7-text wpcf7-validates-as-required\" autocomplete=\"name\" aria-required=\"true\" aria-invalid=\"false\" value=\"\" type=\"text\" name=\"your-name\" \/><\/span> <\/label>\n\n<label> El teu correu electr\u00f2nic\n    <span class=\"wpcf7-form-control-wrap\" data-name=\"your-email\"><input size=\"40\" maxlength=\"400\" class=\"wpcf7-form-control wpcf7-email wpcf7-validates-as-required wpcf7-text wpcf7-validates-as-email\" autocomplete=\"email\" aria-required=\"true\" aria-invalid=\"false\" value=\"\" type=\"email\" name=\"your-email\" \/><\/span> <\/label>\n\n<label> Assumpte\n    <span class=\"wpcf7-form-control-wrap\" data-name=\"your-subject\"><input size=\"40\" maxlength=\"400\" class=\"wpcf7-form-control wpcf7-text wpcf7-validates-as-required\" aria-required=\"true\" aria-invalid=\"false\" value=\"\" type=\"text\" name=\"your-subject\" \/><\/span> <\/label>\n\n<label> El teu missatge (opcional)\n    <span class=\"wpcf7-form-control-wrap\" data-name=\"your-message\"><textarea cols=\"40\" rows=\"10\" maxlength=\"2000\" class=\"wpcf7-form-control wpcf7-textarea\" aria-invalid=\"false\" name=\"your-message\"><\/textarea><\/span> <\/label>\n\n<button class=\"wpcf7-form-control wpcf7-submit qodef-button qodef-size--normal qodef-layout--filled qodef-m\" type=\"submit\"><span class=\"qodef-m-text\">Enviar<\/span><\/button><div class=\"wpcf7-response-output\" aria-hidden=\"true\"><\/div>\n<input type=\"hidden\" name=\"trp-form-language\" value=\"ca\"\/><\/form>\n<\/div>\n\t\t\t<\/div>\n\t\t\t\t\t\t\t<\/div>\n\t\t\t\t<\/div>\n\t\t\t\t\t<\/div>\n\t\t<\/div>\n\t\t\t\t\t<\/div>\n\t\t<\/section>\n\t\t\t\t<\/div>","protected":false},"excerpt":{"rendered":"<p>Programa de estudios de canto Iniciaci\u00f3n Clases particulares de iniciaci\u00f3n hasta perfeccionamiento de la t\u00e9cnica Functional Voice Training (FVT). Clases reducidas Clases en grupo de dos personas: t\u00e9cnica vocal Voice [&hellip;]<\/p>","protected":false},"author":3,"featured_media":0,"parent":13314,"menu_order":2,"comment_status":"closed","ping_status":"closed","template":"page-full-width.php","meta":{"_joinchat":[],"footnotes":""},"class_list":["post-14114","page","type-page","status-publish","hentry"],"yoast_head":"<!-- This site is optimized with the Yoast SEO plugin v25.3.1 - https:\/\/yoast.com\/wordpress\/plugins\/seo\/ -->\n<title>Programa de estudios de canto en Cornell\u00e0 | Eva Gris<\/title>\n<meta name=\"description\" content=\"Descubre el programa de estudios de canto, dise\u00f1ado para desarrollar tu voz y presencia esc\u00e9nica de manera integral. \u00a1Empieza a cantar con confianza!\" \/>\n<meta name=\"robots\" content=\"index, follow, max-snippet:-1, max-image-preview:large, max-video-preview:-1\" \/>\n<link rel=\"canonical\" href=\"https:\/\/evagrisdansa.com\/ca\/disciplinas\/canto\/programa-de-estudios\/\" \/>\n<meta property=\"og:locale\" content=\"ca_ES\" \/>\n<meta property=\"og:type\" content=\"article\" \/>\n<meta property=\"og:title\" content=\"Programa de estudios de canto en Cornell\u00e0 | Eva Gris\" \/>\n<meta property=\"og:description\" content=\"Descubre el programa de estudios de canto, dise\u00f1ado para desarrollar tu voz y presencia esc\u00e9nica de manera integral. \u00a1Empieza a cantar con confianza!\" \/>\n<meta property=\"og:url\" content=\"https:\/\/evagrisdansa.com\/ca\/disciplinas\/canto\/programa-de-estudios\/\" \/>\n<meta property=\"og:site_name\" content=\"Eva Gris \u00b7 Escola de dansa i cant\" \/>\n<meta property=\"article:modified_time\" content=\"2024-10-08T09:45:25+00:00\" \/>\n<meta name=\"twitter:card\" content=\"summary_large_image\" \/>\n<meta name=\"twitter:label1\" content=\"Temps estimat de lectura\" \/>\n\t<meta name=\"twitter:data1\" content=\"1 minut\" \/>\n<script type=\"application\/ld+json\" class=\"yoast-schema-graph\">{\"@context\":\"https:\/\/schema.org\",\"@graph\":[{\"@type\":\"WebPage\",\"@id\":\"https:\/\/evagrisdansa.com\/disciplinas\/canto\/programa-de-estudios\/\",\"url\":\"https:\/\/evagrisdansa.com\/disciplinas\/canto\/programa-de-estudios\/\",\"name\":\"Programa de estudios de canto en Cornell\u00e0 | Eva Gris\",\"isPartOf\":{\"@id\":\"https:\/\/evagrisdansa.com\/#website\"},\"datePublished\":\"2024-02-27T18:37:46+00:00\",\"dateModified\":\"2024-10-08T09:45:25+00:00\",\"description\":\"Descubre el programa de estudios de canto, dise\u00f1ado para desarrollar tu voz y presencia esc\u00e9nica de manera integral. \u00a1Empieza a cantar con confianza!\",\"breadcrumb\":{\"@id\":\"https:\/\/evagrisdansa.com\/disciplinas\/canto\/programa-de-estudios\/#breadcrumb\"},\"inLanguage\":\"ca\",\"potentialAction\":[{\"@type\":\"ReadAction\",\"target\":[\"https:\/\/evagrisdansa.com\/disciplinas\/canto\/programa-de-estudios\/\"]}]},{\"@type\":\"BreadcrumbList\",\"@id\":\"https:\/\/evagrisdansa.com\/disciplinas\/canto\/programa-de-estudios\/#breadcrumb\",\"itemListElement\":[{\"@type\":\"ListItem\",\"position\":1,\"name\":\"Portada\",\"item\":\"https:\/\/evagrisdansa.com\/\"},{\"@type\":\"ListItem\",\"position\":2,\"name\":\"Disciplinas\",\"item\":\"https:\/\/evagrisdansa.com\/disciplinas\/\"},{\"@type\":\"ListItem\",\"position\":3,\"name\":\"Canto\",\"item\":\"https:\/\/evagrisdansa.com\/disciplinas\/canto\/\"},{\"@type\":\"ListItem\",\"position\":4,\"name\":\"Programa de estudios\"}]},{\"@type\":\"WebSite\",\"@id\":\"https:\/\/evagrisdansa.com\/#website\",\"url\":\"https:\/\/evagrisdansa.com\/\",\"name\":\"Eva Gris \u00b7 Escola de dansa i cant\",\"description\":\"Eva Gris \u00b7 Escuela de danza, canto y teatro musical en Cornell\u00e0\",\"potentialAction\":[{\"@type\":\"SearchAction\",\"target\":{\"@type\":\"EntryPoint\",\"urlTemplate\":\"https:\/\/evagrisdansa.com\/?s={search_term_string}\"},\"query-input\":{\"@type\":\"PropertyValueSpecification\",\"valueRequired\":true,\"valueName\":\"search_term_string\"}}],\"inLanguage\":\"ca\"}]}<\/script>\n<!-- \/ Yoast SEO plugin. -->","yoast_head_json":{"title":"Programa de estudios de canto en Cornell\u00e0 | Eva Gris","description":"Descubre el programa de estudios de canto, dise\u00f1ado para desarrollar tu voz y presencia esc\u00e9nica de manera integral. \u00a1Empieza a cantar con confianza!","robots":{"index":"index","follow":"follow","max-snippet":"max-snippet:-1","max-image-preview":"max-image-preview:large","max-video-preview":"max-video-preview:-1"},"canonical":"https:\/\/evagrisdansa.com\/ca\/disciplinas\/canto\/programa-de-estudios\/","og_locale":"ca_ES","og_type":"article","og_title":"Programa de estudios de canto en Cornell\u00e0 | Eva Gris","og_description":"Descubre el programa de estudios de canto, dise\u00f1ado para desarrollar tu voz y presencia esc\u00e9nica de manera integral. \u00a1Empieza a cantar con confianza!","og_url":"https:\/\/evagrisdansa.com\/ca\/disciplinas\/canto\/programa-de-estudios\/","og_site_name":"Eva Gris \u00b7 Escola de dansa i cant","article_modified_time":"2024-10-08T09:45:25+00:00","twitter_card":"summary_large_image","twitter_misc":{"Temps estimat de lectura":"1 minut"},"schema":{"@context":"https:\/\/schema.org","@graph":[{"@type":"WebPage","@id":"https:\/\/evagrisdansa.com\/disciplinas\/canto\/programa-de-estudios\/","url":"https:\/\/evagrisdansa.com\/disciplinas\/canto\/programa-de-estudios\/","name":"Programa de estudios de canto en Cornell\u00e0 | Eva Gris","isPartOf":{"@id":"https:\/\/evagrisdansa.com\/#website"},"datePublished":"2024-02-27T18:37:46+00:00","dateModified":"2024-10-08T09:45:25+00:00","description":"Descubre el programa de estudios de canto, dise\u00f1ado para desarrollar tu voz y presencia esc\u00e9nica de manera integral. \u00a1Empieza a cantar con confianza!","breadcrumb":{"@id":"https:\/\/evagrisdansa.com\/disciplinas\/canto\/programa-de-estudios\/#breadcrumb"},"inLanguage":"ca","potentialAction":[{"@type":"ReadAction","target":["https:\/\/evagrisdansa.com\/disciplinas\/canto\/programa-de-estudios\/"]}]},{"@type":"BreadcrumbList","@id":"https:\/\/evagrisdansa.com\/disciplinas\/canto\/programa-de-estudios\/#breadcrumb","itemListElement":[{"@type":"ListItem","position":1,"name":"Portada","item":"https:\/\/evagrisdansa.com\/"},{"@type":"ListItem","position":2,"name":"Disciplinas","item":"https:\/\/evagrisdansa.com\/disciplinas\/"},{"@type":"ListItem","position":3,"name":"Canto","item":"https:\/\/evagrisdansa.com\/disciplinas\/canto\/"},{"@type":"ListItem","position":4,"name":"Programa de estudios"}]},{"@type":"WebSite","@id":"https:\/\/evagrisdansa.com\/#website","url":"https:\/\/evagrisdansa.com\/","name":"Eva Gris \u00b7 Escola de dansa i cant","description":"Eva Gris \u00b7 Escuela de danza, canto y teatro musical en Cornell\u00e0","potentialAction":[{"@type":"SearchAction","target":{"@type":"EntryPoint","urlTemplate":"https:\/\/evagrisdansa.com\/?s={search_term_string}"},"query-input":{"@type":"PropertyValueSpecification","valueRequired":true,"valueName":"search_term_string"}}],"inLanguage":"ca"}]}},"_links":{"self":[{"href":"https:\/\/evagrisdansa.com\/ca\/wp-json\/wp\/v2\/pages\/14114","targetHints":{"allow":["GET"]}}],"collection":[{"href":"https:\/\/evagrisdansa.com\/ca\/wp-json\/wp\/v2\/pages"}],"about":[{"href":"https:\/\/evagrisdansa.com\/ca\/wp-json\/wp\/v2\/types\/page"}],"author":[{"embeddable":true,"href":"https:\/\/evagrisdansa.com\/ca\/wp-json\/wp\/v2\/users\/3"}],"replies":[{"embeddable":true,"href":"https:\/\/evagrisdansa.com\/ca\/wp-json\/wp\/v2\/comments?post=14114"}],"version-history":[{"count":32,"href":"https:\/\/evagrisdansa.com\/ca\/wp-json\/wp\/v2\/pages\/14114\/revisions"}],"predecessor-version":[{"id":14771,"href":"https:\/\/evagrisdansa.com\/ca\/wp-json\/wp\/v2\/pages\/14114\/revisions\/14771"}],"up":[{"embeddable":true,"href":"https:\/\/evagrisdansa.com\/ca\/wp-json\/wp\/v2\/pages\/13314"}],"wp:attachment":[{"href":"https:\/\/evagrisdansa.com\/ca\/wp-json\/wp\/v2\/media?parent=14114"}],"curies":[{"name":"wp","href":"https:\/\/api.w.org\/{rel}","templated":true}]}}