{"id":14116,"date":"2024-02-27T18:38:52","date_gmt":"2024-02-27T18:38:52","guid":{"rendered":"https:\/\/evagrisdansa.com\/?page_id=14116"},"modified":"2024-10-08T08:51:28","modified_gmt":"2024-10-08T08:51:28","slug":"corncanta","status":"publish","type":"page","link":"https:\/\/evagrisdansa.com\/ca\/disciplinas\/canto\/corncanta\/","title":{"rendered":"Corncanta"},"content":{"rendered":"<div data-elementor-type=\"wp-page\" data-elementor-id=\"14116\" class=\"elementor elementor-14116\">\n\t\t\t\t\t\t<section class=\"elementor-section elementor-top-section elementor-element elementor-element-1116c2e elementor-section-full_width elementor-section-height-default elementor-section-height-default\" data-id=\"1116c2e\" data-element_type=\"section\" data-settings=\"{&quot;background_background&quot;:&quot;classic&quot;}\">\n\t\t\t\t\t\t<div class=\"elementor-container elementor-column-gap-no\">\n\t\t\t\t\t<div class=\"elementor-column elementor-col-100 elementor-top-column elementor-element elementor-element-b39798f\" data-id=\"b39798f\" data-element_type=\"column\" data-settings=\"{&quot;background_background&quot;:&quot;classic&quot;}\">\n\t\t\t<div class=\"elementor-widget-wrap elementor-element-populated\">\n\t\t\t\t\t\t<div class=\"elementor-element elementor-element-01f56f4 elementor-invisible elementor-widget elementor-widget-beatmove_core_custom_font\" data-id=\"01f56f4\" data-element_type=\"widget\" data-settings=\"{&quot;_animation&quot;:&quot;fadeIn&quot;}\" data-widget_type=\"beatmove_core_custom_font.default\">\n\t\t\t\t<div class=\"elementor-widget-container\">\n\t\t\t\t\t<h1 class=\"qodef-shortcode qodef-m  qodef-custom-font  qodef-custom-font-179 qodef-layout--simple\" style=\"color: #FFFFFF;font-family: Sora;font-size: 50px;line-height: 180px;letter-spacing: 0px;font-weight: 300;text-transform: uppercase\">\n\tCorncanta: concierto para nuestros alumnos<!--<span class=\"qode--char-holder\">-->\n<!--\t\t<span class=\"qode--char-initial\">-->\n<!---->\n<!--\t\t<\/span>-->\n<!--\t\t<span class=\"qode--char-appeared\">-->\n<!---->\n<!--\t\t<\/span>-->\n<!--\t<\/span>-->\n<\/h1>\n\t\t\t\t<\/div>\n\t\t\t\t<\/div>\n\t\t\t\t\t<\/div>\n\t\t<\/div>\n\t\t\t\t\t<\/div>\n\t\t<\/section>\n\t\t\t\t<section class=\"elementor-section elementor-top-section elementor-element elementor-element-b51b77b elementor-section-full_width qodef-elementor-content-grid elementor-section-stretched elementor-section-height-default elementor-section-height-default\" data-id=\"b51b77b\" data-element_type=\"section\" data-settings=\"{&quot;background_background&quot;:&quot;classic&quot;,&quot;stretch_section&quot;:&quot;section-stretched&quot;}\">\n\t\t\t\t\t\t<div class=\"elementor-container elementor-column-gap-no\">\n\t\t\t\t\t<div class=\"elementor-column elementor-col-100 elementor-top-column elementor-element elementor-element-47bfe93\" data-id=\"47bfe93\" data-element_type=\"column\">\n\t\t\t<div class=\"elementor-widget-wrap elementor-element-populated\">\n\t\t\t\t\t\t<div class=\"elementor-element elementor-element-223e8da elementor-widget__width-initial elementor-widget elementor-widget-beatmove_core_section_title\" data-id=\"223e8da\" data-element_type=\"widget\" data-widget_type=\"beatmove_core_section_title.default\">\n\t\t\t\t<div class=\"elementor-widget-container\">\n\t\t\t\t\t<div class=\"qodef-shortcode qodef-m  qodef-section-title qodef--has-appear qodef-alignment--center   qodef-title--colored\">\n\t\t\t<h2 class=\"qodef-m-text\" style=\"color: #FFFFFF\">\n\t\tFestival musical de referencia en las fiestas de Cornell\u00e1\t<\/h2>\n<\/div>\n\t\t\t\t<\/div>\n\t\t\t\t<\/div>\n\t\t\t\t<div class=\"elementor-element elementor-element-a95bb68 elementor-widget__width-initial elementor-widget elementor-widget-beatmove_core_section_title\" data-id=\"a95bb68\" data-element_type=\"widget\" data-widget_type=\"beatmove_core_section_title.default\">\n\t\t\t\t<div class=\"elementor-widget-container\">\n\t\t\t\t\t<div class=\"qodef-shortcode qodef-m  qodef-section-title qodef--has-appear qodef-alignment--center   qodef-title--colored\">\n\t\t\t<div class=\"qodef-m-text\" style=\"color: #FFFFFF\">\n\t\tDes de l&#039;any 2006 l&#039;escola, en col\u00b7laboraci\u00f3 amb l&#039;Ajuntament de Cornell\u00e0 de Llobregat, fa un concert en el marc de la Festa Major de Cornell\u00e0.\t<\/div>\n<\/div>\n\t\t\t\t<\/div>\n\t\t\t\t<\/div>\n\t\t\t\t\t<\/div>\n\t\t<\/div>\n\t\t\t\t\t<\/div>\n\t\t<\/section>\n\t\t\t\t<section class=\"elementor-section elementor-top-section elementor-element elementor-element-47d2040 elementor-section-full_width qodef-elementor-content-grid elementor-section-stretched elementor-section-height-default elementor-section-height-default\" data-id=\"47d2040\" data-element_type=\"section\" data-settings=\"{&quot;stretch_section&quot;:&quot;section-stretched&quot;}\">\n\t\t\t\t\t\t<div class=\"elementor-container elementor-column-gap-no\">\n\t\t\t\t\t<div class=\"elementor-column elementor-col-50 elementor-top-column elementor-element elementor-element-513257e\" data-id=\"513257e\" data-element_type=\"column\">\n\t\t\t<div class=\"elementor-widget-wrap elementor-element-populated\">\n\t\t\t\t\t\t<div class=\"elementor-element elementor-element-fd2c25d elementor-widget__width-initial elementor-widget elementor-widget-beatmove_core_section_title\" data-id=\"fd2c25d\" data-element_type=\"widget\" data-widget_type=\"beatmove_core_section_title.default\">\n\t\t\t\t<div class=\"elementor-widget-container\">\n\t\t\t\t\t<div class=\"qodef-shortcode qodef-m  qodef-section-title qodef--has-appear qodef-alignment--left   qodef-title--colored\">\n\t\t\t<p class=\"qodef-m-text\" style=\"color: #000000\">\n\t\tEls nostres alumnes de cant es preparen durant el curs per presentar un concert de qualitat al final de curs, on s&#039;exposen al p\u00fablic i es familiaritzen amb el m\u00f3n de l&#039;espectacle. \u00c9s una manera de fer un treball constant durant el curs, de manera que cada alumne s&#039;exigeix m\u00e9s a si mateix i es familiaritzen amb el m\u00f3n de la m\u00fasica i el que requereix un espectacle.\t<\/p>\n<\/div>\n\t\t\t\t<\/div>\n\t\t\t\t<\/div>\n\t\t\t\t\t<\/div>\n\t\t<\/div>\n\t\t\t\t<div class=\"elementor-column elementor-col-50 elementor-top-column elementor-element elementor-element-041da75\" data-id=\"041da75\" data-element_type=\"column\">\n\t\t\t<div class=\"elementor-widget-wrap elementor-element-populated\">\n\t\t\t\t\t\t<div class=\"elementor-element elementor-element-4e3e736 elementor-widget elementor-widget-beatmove_core_banner\" data-id=\"4e3e736\" data-element_type=\"widget\" data-widget_type=\"beatmove_core_banner.default\">\n\t\t\t\t<div class=\"elementor-widget-container\">\n\t\t\t\t\t<div class=\"qodef-shortcode qodef-m  qodef-banner qodef-layout--link-overlay   qodef-custom-height--enabled   qodef-banner-887  qodef--hover-grain\" style=\"height: 450px\">\n\t<div class=\"qodef-m-image\">\n\t<img fetchpriority=\"high\" decoding=\"async\" width=\"7360\" height=\"4912\" src=\"https:\/\/evagrisdansa.com\/wp-content\/uploads\/2016\/04\/DSC_6933.jpg\" class=\"attachment-full size-full\" alt=\"\" srcset=\"https:\/\/evagrisdansa.com\/wp-content\/uploads\/2016\/04\/DSC_6933.jpg 7360w, https:\/\/evagrisdansa.com\/wp-content\/uploads\/2016\/04\/DSC_6933-300x200.jpg 300w, https:\/\/evagrisdansa.com\/wp-content\/uploads\/2016\/04\/DSC_6933-768x513.jpg 768w, https:\/\/evagrisdansa.com\/wp-content\/uploads\/2016\/04\/DSC_6933-1024x683.jpg 1024w, https:\/\/evagrisdansa.com\/wp-content\/uploads\/2016\/04\/DSC_6933-600x400.jpg 600w\" sizes=\"(max-width: 7360px) 100vw, 7360px\" \/><\/div>\n\t<div class=\"qodef-m-content\">\n\t\t<div class=\"qodef-m-content-inner\" >\n\t\t\t\t\t\t\t\t\t\t\t<\/div>\n\t<\/div>\n\t<a itemprop=\"url\" href=\"#\" class=\"qodef-m-banner-link\" target=\"_self\"><\/a>\n\n<\/div>\n\t\t\t\t<\/div>\n\t\t\t\t<\/div>\n\t\t\t\t\t<\/div>\n\t\t<\/div>\n\t\t\t\t\t<\/div>\n\t\t<\/section>\n\t\t\t\t<section class=\"elementor-section elementor-top-section elementor-element elementor-element-60b499f elementor-section-full_width elementor-section-stretched elementor-section-height-default elementor-section-height-default\" data-id=\"60b499f\" data-element_type=\"section\" data-settings=\"{&quot;background_background&quot;:&quot;classic&quot;,&quot;stretch_section&quot;:&quot;section-stretched&quot;}\">\n\t\t\t\t\t\t<div class=\"elementor-container elementor-column-gap-no\">\n\t\t\t\t\t<div class=\"elementor-column elementor-col-100 elementor-top-column elementor-element elementor-element-79ad784\" data-id=\"79ad784\" data-element_type=\"column\">\n\t\t\t<div class=\"elementor-widget-wrap elementor-element-populated\">\n\t\t\t\t\t\t<section class=\"elementor-section elementor-inner-section elementor-element elementor-element-e87c7bf elementor-section-full_width elementor-section-height-default elementor-section-height-default\" data-id=\"e87c7bf\" data-element_type=\"section\" data-settings=\"{&quot;background_background&quot;:&quot;classic&quot;}\">\n\t\t\t\t\t\t<div class=\"elementor-container elementor-column-gap-default\">\n\t\t\t\t\t<div class=\"elementor-column elementor-col-100 elementor-inner-column elementor-element elementor-element-6331cf1\" data-id=\"6331cf1\" data-element_type=\"column\">\n\t\t\t<div class=\"elementor-widget-wrap elementor-element-populated\">\n\t\t\t\t\t\t<div class=\"elementor-element elementor-element-afe61da elementor-widget elementor-widget-text-editor\" data-id=\"afe61da\" data-element_type=\"widget\" data-widget_type=\"text-editor.default\">\n\t\t\t\t<div class=\"elementor-widget-container\">\n\t\t\t\t\t\t\t\t\t<h3>Inscriu-te a Corncanta!<\/h3>\t\t\t\t\t\t\t\t<\/div>\n\t\t\t\t<\/div>\n\t\t\t\t<div class=\"elementor-element elementor-element-e71332d elementor-widget__width-initial elementor-widget elementor-widget-beatmove_core_section_title\" data-id=\"e71332d\" data-element_type=\"widget\" data-widget_type=\"beatmove_core_section_title.default\">\n\t\t\t\t<div class=\"elementor-widget-container\">\n\t\t\t\t\t<div class=\"qodef-shortcode qodef-m  qodef-section-title qodef--has-appear qodef-alignment--center   qodef-title--colored\">\n\t\t\t<div class=\"qodef-m-text\" style=\"color: #000000\">\n\t\tPots apuntar-te a l&#039;edici\u00f3 2024 de Corncanta emplenant el seg\u00fcent formulari (inscripcions fins el 15 d&#039;abril):\t<\/div>\n<\/div>\n\t\t\t\t<\/div>\n\t\t\t\t<\/div>\n\t\t\t\t<div class=\"elementor-element elementor-element-6aae99d elementor-widget elementor-widget-beatmove_core_button\" data-id=\"6aae99d\" data-element_type=\"widget\" data-widget_type=\"beatmove_core_button.default\">\n\t\t\t\t<div class=\"elementor-widget-container\">\n\t\t\t\t\t<a class=\"qodef-shortcode qodef-m  qodef-button qodef-layout--textual  qodef-html--link\" href=\"https:\/\/docs.google.com\/forms\/d\/e\/1FAIpQLSdynITV5tbY2p4DoneZ8U8p2hkdCkanVM5Kgvm-U6aUpRu28A\/viewform\" target=\"_blank\"  style=\"color: #000000\">\n\t<span class=\"qodef-m-text\">Formulari Corncanta 2024<\/span><svg class=\"qodef-svg--custom-arrow qodef-m-arrow\" xmlns=\"http:\/\/www.w3.org\/2000\/svg\" width=\"14.2\" height=\"14.2\" viewbox=\"0 0 14.2 14.2\"><g><path d=\"M13.2 9V1h-8M13.4.8.7 13.5\"\/><path d=\"M13.2 9V1h-8M13.4.8.7 13.5\"\/><\/g><g><path d=\"M13.2 9V1h-8M13.4.8.7 13.5\"\/><path d=\"M13.2 9V1h-8M13.4.8.7 13.5\"\/><\/g><\/svg><\/a>\n\t\t\t\t<\/div>\n\t\t\t\t<\/div>\n\t\t\t\t\t<\/div>\n\t\t<\/div>\n\t\t\t\t\t<\/div>\n\t\t<\/section>\n\t\t\t\t\t<\/div>\n\t\t<\/div>\n\t\t\t\t\t<\/div>\n\t\t<\/section>\n\t\t\t\t<section class=\"elementor-section elementor-top-section elementor-element elementor-element-e1aea5e elementor-section-full_width qodef-elementor-content-grid elementor-section-height-default elementor-section-height-default\" data-id=\"e1aea5e\" data-element_type=\"section\" data-settings=\"{&quot;background_background&quot;:&quot;classic&quot;}\">\n\t\t\t\t\t\t<div class=\"elementor-container elementor-column-gap-default\">\n\t\t\t\t\t<div class=\"elementor-column elementor-col-100 elementor-top-column elementor-element elementor-element-682e60d\" data-id=\"682e60d\" data-element_type=\"column\" data-settings=\"{&quot;background_background&quot;:&quot;classic&quot;}\">\n\t\t\t<div class=\"elementor-widget-wrap elementor-element-populated\">\n\t\t\t\t\t\t<div class=\"elementor-element elementor-element-e8a5f8c elementor-widget elementor-widget-text-editor\" data-id=\"e8a5f8c\" data-element_type=\"widget\" data-widget_type=\"text-editor.default\">\n\t\t\t\t<div class=\"elementor-widget-container\">\n\t\t\t\t\t\t\t\t\t<h3 style=\"text-align: left;\">Contacta amb nosaltres<\/h3>\t\t\t\t\t\t\t\t<\/div>\n\t\t\t\t<\/div>\n\t\t\t\t<div class=\"elementor-element elementor-element-310d256 elementor-widget elementor-widget-wp-widget-beatmove_core_contact_form_7\" data-id=\"310d256\" data-element_type=\"widget\" data-widget_type=\"wp-widget-beatmove_core_contact_form_7.default\">\n\t\t\t\t<div class=\"elementor-widget-container\">\n\t\t\t\t\t\t\t\t<div class=\"qodef-contact-form-7\">\n\t\t\t\t\n<div class=\"wpcf7 no-js\" id=\"wpcf7-f6523-o1\" lang=\"es-ES\" dir=\"ltr\" data-wpcf7-id=\"6523\">\n<div class=\"screen-reader-response\"><p role=\"status\" aria-live=\"polite\" aria-atomic=\"true\"><\/p> <ul><\/ul><\/div>\n<form action=\"\/ca\/wp-json\/wp\/v2\/pages\/14116#wpcf7-f6523-o1\" method=\"post\" class=\"wpcf7-form init\" aria-label=\"Formulari de contacte\" novalidate=\"novalidate\" data-status=\"init\" data-trp-original-action=\"\/ca\/wp-json\/wp\/v2\/pages\/14116#wpcf7-f6523-o1\">\n<fieldset class=\"hidden-fields-container\"><input type=\"hidden\" name=\"_wpcf7\" value=\"6523\" \/><input type=\"hidden\" name=\"_wpcf7_version\" value=\"6.1\" \/><input type=\"hidden\" name=\"_wpcf7_locale\" value=\"es_ES\" \/><input type=\"hidden\" name=\"_wpcf7_unit_tag\" value=\"wpcf7-f6523-o1\" \/><input type=\"hidden\" name=\"_wpcf7_container_post\" value=\"0\" \/><input type=\"hidden\" name=\"_wpcf7_posted_data_hash\" value=\"\" \/>\n<\/fieldset>\n<label> El teu nom\n    <span class=\"wpcf7-form-control-wrap\" data-name=\"your-name\"><input size=\"40\" maxlength=\"400\" class=\"wpcf7-form-control wpcf7-text wpcf7-validates-as-required\" autocomplete=\"name\" aria-required=\"true\" aria-invalid=\"false\" value=\"\" type=\"text\" name=\"your-name\" \/><\/span> <\/label>\n\n<label> El teu correu electr\u00f2nic\n    <span class=\"wpcf7-form-control-wrap\" data-name=\"your-email\"><input size=\"40\" maxlength=\"400\" class=\"wpcf7-form-control wpcf7-email wpcf7-validates-as-required wpcf7-text wpcf7-validates-as-email\" autocomplete=\"email\" aria-required=\"true\" aria-invalid=\"false\" value=\"\" type=\"email\" name=\"your-email\" \/><\/span> <\/label>\n\n<label> Assumpte\n    <span class=\"wpcf7-form-control-wrap\" data-name=\"your-subject\"><input size=\"40\" maxlength=\"400\" class=\"wpcf7-form-control wpcf7-text wpcf7-validates-as-required\" aria-required=\"true\" aria-invalid=\"false\" value=\"\" type=\"text\" name=\"your-subject\" \/><\/span> <\/label>\n\n<label> El teu missatge (opcional)\n    <span class=\"wpcf7-form-control-wrap\" data-name=\"your-message\"><textarea cols=\"40\" rows=\"10\" maxlength=\"2000\" class=\"wpcf7-form-control wpcf7-textarea\" aria-invalid=\"false\" name=\"your-message\"><\/textarea><\/span> <\/label>\n\n<button class=\"wpcf7-form-control wpcf7-submit qodef-button qodef-size--normal qodef-layout--filled qodef-m\" type=\"submit\"><span class=\"qodef-m-text\">Enviar<\/span><\/button><div class=\"wpcf7-response-output\" aria-hidden=\"true\"><\/div>\n<input type=\"hidden\" name=\"trp-form-language\" value=\"ca\"\/><\/form>\n<\/div>\n\t\t\t<\/div>\n\t\t\t\t\t\t\t<\/div>\n\t\t\t\t<\/div>\n\t\t\t\t\t<\/div>\n\t\t<\/div>\n\t\t\t\t\t<\/div>\n\t\t<\/section>\n\t\t\t\t<\/div>","protected":false},"excerpt":{"rendered":"<p>Corncanta: concierto para nuestros alumnos Festival musical de referencia en las fiestas de Cornell\u00e1 Desde el a\u00f1o 2006 la escuela, en colaboraci\u00f3n con el Ayuntamiento de Cornell\u00e1 de Llobregat, realiza [&hellip;]<\/p>","protected":false},"author":3,"featured_media":0,"parent":13314,"menu_order":2,"comment_status":"closed","ping_status":"closed","template":"page-full-width.php","meta":{"_joinchat":[],"footnotes":""},"class_list":["post-14116","page","type-page","status-publish","hentry"],"yoast_head":"<!-- This site is optimized with the Yoast SEO plugin v25.3.1 - https:\/\/yoast.com\/wordpress\/plugins\/seo\/ -->\n<title>Festival de cantantes Corncanta | Eva Gris<\/title>\n<meta name=\"description\" content=\"\u00a1Vive una experiencia \u00fanica en el festival Corncanta! Un evento organizado por nuestra escuela que destaca el talento de nuestros alumnos.\" \/>\n<meta name=\"robots\" content=\"index, follow, max-snippet:-1, max-image-preview:large, max-video-preview:-1\" \/>\n<link rel=\"canonical\" href=\"https:\/\/evagrisdansa.com\/ca\/disciplinas\/canto\/corncanta\/\" \/>\n<meta property=\"og:locale\" content=\"ca_ES\" \/>\n<meta property=\"og:type\" content=\"article\" \/>\n<meta property=\"og:title\" content=\"Festival de cantantes Corncanta | Eva Gris\" \/>\n<meta property=\"og:description\" content=\"\u00a1Vive una experiencia \u00fanica en el festival Corncanta! Un evento organizado por nuestra escuela que destaca el talento de nuestros alumnos.\" \/>\n<meta property=\"og:url\" content=\"https:\/\/evagrisdansa.com\/ca\/disciplinas\/canto\/corncanta\/\" \/>\n<meta property=\"og:site_name\" content=\"Eva Gris \u00b7 Escola de dansa i cant\" \/>\n<meta property=\"article:modified_time\" content=\"2024-10-08T08:51:28+00:00\" \/>\n<meta property=\"og:image\" content=\"https:\/\/evagrisdansa.com\/wp-content\/uploads\/2016\/04\/DSC_6933.jpg\" \/>\n<meta name=\"twitter:card\" content=\"summary_large_image\" \/>\n<meta name=\"twitter:label1\" content=\"Temps estimat de lectura\" \/>\n\t<meta name=\"twitter:data1\" content=\"1 minut\" \/>\n<script type=\"application\/ld+json\" class=\"yoast-schema-graph\">{\"@context\":\"https:\/\/schema.org\",\"@graph\":[{\"@type\":\"WebPage\",\"@id\":\"https:\/\/evagrisdansa.com\/disciplinas\/canto\/corncanta\/\",\"url\":\"https:\/\/evagrisdansa.com\/disciplinas\/canto\/corncanta\/\",\"name\":\"Festival de cantantes Corncanta | Eva Gris\",\"isPartOf\":{\"@id\":\"https:\/\/evagrisdansa.com\/#website\"},\"primaryImageOfPage\":{\"@id\":\"https:\/\/evagrisdansa.com\/disciplinas\/canto\/corncanta\/#primaryimage\"},\"image\":{\"@id\":\"https:\/\/evagrisdansa.com\/disciplinas\/canto\/corncanta\/#primaryimage\"},\"thumbnailUrl\":\"https:\/\/evagrisdansa.com\/wp-content\/uploads\/2016\/04\/DSC_6933.jpg\",\"datePublished\":\"2024-02-27T18:38:52+00:00\",\"dateModified\":\"2024-10-08T08:51:28+00:00\",\"description\":\"\u00a1Vive una experiencia \u00fanica en el festival Corncanta! Un evento organizado por nuestra escuela que destaca el talento de nuestros alumnos.\",\"breadcrumb\":{\"@id\":\"https:\/\/evagrisdansa.com\/disciplinas\/canto\/corncanta\/#breadcrumb\"},\"inLanguage\":\"ca\",\"potentialAction\":[{\"@type\":\"ReadAction\",\"target\":[\"https:\/\/evagrisdansa.com\/disciplinas\/canto\/corncanta\/\"]}]},{\"@type\":\"ImageObject\",\"inLanguage\":\"ca\",\"@id\":\"https:\/\/evagrisdansa.com\/disciplinas\/canto\/corncanta\/#primaryimage\",\"url\":\"https:\/\/evagrisdansa.com\/wp-content\/uploads\/2016\/04\/DSC_6933.jpg\",\"contentUrl\":\"https:\/\/evagrisdansa.com\/wp-content\/uploads\/2016\/04\/DSC_6933.jpg\"},{\"@type\":\"BreadcrumbList\",\"@id\":\"https:\/\/evagrisdansa.com\/disciplinas\/canto\/corncanta\/#breadcrumb\",\"itemListElement\":[{\"@type\":\"ListItem\",\"position\":1,\"name\":\"Portada\",\"item\":\"https:\/\/evagrisdansa.com\/\"},{\"@type\":\"ListItem\",\"position\":2,\"name\":\"Disciplinas\",\"item\":\"https:\/\/evagrisdansa.com\/disciplinas\/\"},{\"@type\":\"ListItem\",\"position\":3,\"name\":\"Canto\",\"item\":\"https:\/\/evagrisdansa.com\/disciplinas\/canto\/\"},{\"@type\":\"ListItem\",\"position\":4,\"name\":\"Corncanta\"}]},{\"@type\":\"WebSite\",\"@id\":\"https:\/\/evagrisdansa.com\/#website\",\"url\":\"https:\/\/evagrisdansa.com\/\",\"name\":\"Eva Gris \u00b7 Escola de dansa i cant\",\"description\":\"Eva Gris \u00b7 Escuela de danza, canto y teatro musical en Cornell\u00e0\",\"potentialAction\":[{\"@type\":\"SearchAction\",\"target\":{\"@type\":\"EntryPoint\",\"urlTemplate\":\"https:\/\/evagrisdansa.com\/?s={search_term_string}\"},\"query-input\":{\"@type\":\"PropertyValueSpecification\",\"valueRequired\":true,\"valueName\":\"search_term_string\"}}],\"inLanguage\":\"ca\"}]}<\/script>\n<!-- \/ Yoast SEO plugin. -->","yoast_head_json":{"title":"Festival de cantantes Corncanta | Eva Gris","description":"\u00a1Vive una experiencia \u00fanica en el festival Corncanta! Un evento organizado por nuestra escuela que destaca el talento de nuestros alumnos.","robots":{"index":"index","follow":"follow","max-snippet":"max-snippet:-1","max-image-preview":"max-image-preview:large","max-video-preview":"max-video-preview:-1"},"canonical":"https:\/\/evagrisdansa.com\/ca\/disciplinas\/canto\/corncanta\/","og_locale":"ca_ES","og_type":"article","og_title":"Festival de cantantes Corncanta | Eva Gris","og_description":"\u00a1Vive una experiencia \u00fanica en el festival Corncanta! Un evento organizado por nuestra escuela que destaca el talento de nuestros alumnos.","og_url":"https:\/\/evagrisdansa.com\/ca\/disciplinas\/canto\/corncanta\/","og_site_name":"Eva Gris \u00b7 Escola de dansa i cant","article_modified_time":"2024-10-08T08:51:28+00:00","og_image":[{"url":"https:\/\/evagrisdansa.com\/wp-content\/uploads\/2016\/04\/DSC_6933.jpg","type":"","width":"","height":""}],"twitter_card":"summary_large_image","twitter_misc":{"Temps estimat de lectura":"1 minut"},"schema":{"@context":"https:\/\/schema.org","@graph":[{"@type":"WebPage","@id":"https:\/\/evagrisdansa.com\/disciplinas\/canto\/corncanta\/","url":"https:\/\/evagrisdansa.com\/disciplinas\/canto\/corncanta\/","name":"Festival de cantantes Corncanta | Eva Gris","isPartOf":{"@id":"https:\/\/evagrisdansa.com\/#website"},"primaryImageOfPage":{"@id":"https:\/\/evagrisdansa.com\/disciplinas\/canto\/corncanta\/#primaryimage"},"image":{"@id":"https:\/\/evagrisdansa.com\/disciplinas\/canto\/corncanta\/#primaryimage"},"thumbnailUrl":"https:\/\/evagrisdansa.com\/wp-content\/uploads\/2016\/04\/DSC_6933.jpg","datePublished":"2024-02-27T18:38:52+00:00","dateModified":"2024-10-08T08:51:28+00:00","description":"\u00a1Vive una experiencia \u00fanica en el festival Corncanta! Un evento organizado por nuestra escuela que destaca el talento de nuestros alumnos.","breadcrumb":{"@id":"https:\/\/evagrisdansa.com\/disciplinas\/canto\/corncanta\/#breadcrumb"},"inLanguage":"ca","potentialAction":[{"@type":"ReadAction","target":["https:\/\/evagrisdansa.com\/disciplinas\/canto\/corncanta\/"]}]},{"@type":"ImageObject","inLanguage":"ca","@id":"https:\/\/evagrisdansa.com\/disciplinas\/canto\/corncanta\/#primaryimage","url":"https:\/\/evagrisdansa.com\/wp-content\/uploads\/2016\/04\/DSC_6933.jpg","contentUrl":"https:\/\/evagrisdansa.com\/wp-content\/uploads\/2016\/04\/DSC_6933.jpg"},{"@type":"BreadcrumbList","@id":"https:\/\/evagrisdansa.com\/disciplinas\/canto\/corncanta\/#breadcrumb","itemListElement":[{"@type":"ListItem","position":1,"name":"Portada","item":"https:\/\/evagrisdansa.com\/"},{"@type":"ListItem","position":2,"name":"Disciplinas","item":"https:\/\/evagrisdansa.com\/disciplinas\/"},{"@type":"ListItem","position":3,"name":"Canto","item":"https:\/\/evagrisdansa.com\/disciplinas\/canto\/"},{"@type":"ListItem","position":4,"name":"Corncanta"}]},{"@type":"WebSite","@id":"https:\/\/evagrisdansa.com\/#website","url":"https:\/\/evagrisdansa.com\/","name":"Eva Gris \u00b7 Escola de dansa i cant","description":"Eva Gris \u00b7 Escuela de danza, canto y teatro musical en Cornell\u00e0","potentialAction":[{"@type":"SearchAction","target":{"@type":"EntryPoint","urlTemplate":"https:\/\/evagrisdansa.com\/?s={search_term_string}"},"query-input":{"@type":"PropertyValueSpecification","valueRequired":true,"valueName":"search_term_string"}}],"inLanguage":"ca"}]}},"_links":{"self":[{"href":"https:\/\/evagrisdansa.com\/ca\/wp-json\/wp\/v2\/pages\/14116","targetHints":{"allow":["GET"]}}],"collection":[{"href":"https:\/\/evagrisdansa.com\/ca\/wp-json\/wp\/v2\/pages"}],"about":[{"href":"https:\/\/evagrisdansa.com\/ca\/wp-json\/wp\/v2\/types\/page"}],"author":[{"embeddable":true,"href":"https:\/\/evagrisdansa.com\/ca\/wp-json\/wp\/v2\/users\/3"}],"replies":[{"embeddable":true,"href":"https:\/\/evagrisdansa.com\/ca\/wp-json\/wp\/v2\/comments?post=14116"}],"version-history":[{"count":23,"href":"https:\/\/evagrisdansa.com\/ca\/wp-json\/wp\/v2\/pages\/14116\/revisions"}],"predecessor-version":[{"id":14737,"href":"https:\/\/evagrisdansa.com\/ca\/wp-json\/wp\/v2\/pages\/14116\/revisions\/14737"}],"up":[{"embeddable":true,"href":"https:\/\/evagrisdansa.com\/ca\/wp-json\/wp\/v2\/pages\/13314"}],"wp:attachment":[{"href":"https:\/\/evagrisdansa.com\/ca\/wp-json\/wp\/v2\/media?parent=14116"}],"curies":[{"name":"wp","href":"https:\/\/api.w.org\/{rel}","templated":true}]}}