{"id":4788,"date":"2016-04-12T16:43:17","date_gmt":"2016-04-12T16:43:17","guid":{"rendered":"http:\/\/evagrisdansa.com\/?page_id=4788"},"modified":"2020-07-27T08:14:27","modified_gmt":"2020-07-27T08:14:27","slug":"cia-m-de-musical","status":"publish","type":"page","link":"https:\/\/evagrisdansa.com\/ca\/cia-m-de-musical\/","title":{"rendered":"Cia. M de Musical"},"content":{"rendered":"<p>[vc_row][vc_column width=\u00bb1\/4&#8243;][us_image image=\u00bb5024&#8243; size=\u00bbmedium\u00bb align=\u00bbleft\u00bb animate=\u00bbafb\u00bb animate_delay=\u00bb\u00bb][\/vc_column][vc_column width=\u00bb3\/4&#8243;][vc_column_text]<strong>M de Musical<\/strong> es la compa\u00f1\u00eda de Teatro Musical fundada por la escuela en 2014. Tiene el prop\u00f3sito de dirigir a los alumnos a un \u00e1mbito profesional por el medio de la creaci\u00f3n y representaci\u00f3n de obras.<\/p>\n<p>Un buen ensayo, da paso a una buena obra: DRACS. La obra surge de la necesidad de manifestar el talento de j\u00f3venes actores, que se embarcan en un espect\u00e1culo familiar.[\/vc_column_text][\/vc_column][\/vc_row][vc_row][vc_column width=\u00bb1\/2&#8243;][us_image_slider ids=\u00bb5027,5025,5026&#8243; orderby=\u00bbrand\u00bb][\/vc_column][vc_column width=\u00bb1\/2&#8243;][vc_video link=\u00bbhttps:\/\/www.youtube.com\/watch?v=x_gzWi_afQk\u00bb][\/vc_column][\/vc_row]<\/p>","protected":false},"excerpt":{"rendered":"<p>[vc_row][vc_column width=\u00bb1\/4&#8243;][us_image image=\u00bb5024&#8243; size=\u00bbmedium\u00bb align=\u00bbleft\u00bb animate=\u00bbafb\u00bb animate_delay=\u00bb\u00bb][\/vc_column][vc_column width=\u00bb3\/4&#8243;][vc_column_text]M de Musical es la compa\u00f1\u00eda de Teatro Musical fundada por la escuela en 2014. Tiene el prop\u00f3sito de dirigir a los alumnos [&hellip;]<\/p>","protected":false},"author":1,"featured_media":0,"parent":0,"menu_order":0,"comment_status":"closed","ping_status":"closed","template":"","meta":{"_joinchat":[],"footnotes":""},"class_list":["post-4788","page","type-page","status-publish","hentry"],"yoast_head":"<!-- This site is optimized with the Yoast SEO plugin v25.3.1 - https:\/\/yoast.com\/wordpress\/plugins\/seo\/ -->\n<title>Cia. M de Musical - Eva Gris \u00b7 Escola de dansa i cant<\/title>\n<meta name=\"robots\" content=\"index, follow, max-snippet:-1, max-image-preview:large, max-video-preview:-1\" \/>\n<link rel=\"canonical\" href=\"https:\/\/evagrisdansa.com\/ca\/cia-m-de-musical\/\" \/>\n<meta property=\"og:locale\" content=\"ca_ES\" \/>\n<meta property=\"og:type\" content=\"article\" \/>\n<meta property=\"og:title\" content=\"Cia. M de Musical - Eva Gris \u00b7 Escola de dansa i cant\" \/>\n<meta property=\"og:description\" content=\"[vc_row][vc_column width=\u00bb1\/4&#8243;][us_image image=\u00bb5024&#8243; size=\u00bbmedium\u00bb align=\u00bbleft\u00bb animate=\u00bbafb\u00bb animate_delay=\u00bb\u00bb][\/vc_column][vc_column width=\u00bb3\/4&#8243;][vc_column_text]M de Musical es la compa\u00f1\u00eda de Teatro Musical fundada por la escuela en 2014. Tiene el prop\u00f3sito de dirigir a los alumnos [&hellip;]\" \/>\n<meta property=\"og:url\" content=\"https:\/\/evagrisdansa.com\/ca\/cia-m-de-musical\/\" \/>\n<meta property=\"og:site_name\" content=\"Eva Gris \u00b7 Escola de dansa i cant\" \/>\n<meta property=\"article:modified_time\" content=\"2020-07-27T08:14:27+00:00\" \/>\n<meta name=\"twitter:card\" content=\"summary_large_image\" \/>\n<meta name=\"twitter:label1\" content=\"Temps estimat de lectura\" \/>\n\t<meta name=\"twitter:data1\" content=\"1 minut\" \/>\n<script type=\"application\/ld+json\" class=\"yoast-schema-graph\">{\"@context\":\"https:\/\/schema.org\",\"@graph\":[{\"@type\":\"WebPage\",\"@id\":\"https:\/\/evagrisdansa.com\/cia-m-de-musical\/\",\"url\":\"https:\/\/evagrisdansa.com\/cia-m-de-musical\/\",\"name\":\"Cia. M de Musical - Eva Gris \u00b7 Escola de dansa i cant\",\"isPartOf\":{\"@id\":\"https:\/\/evagrisdansa.com\/#website\"},\"datePublished\":\"2016-04-12T16:43:17+00:00\",\"dateModified\":\"2020-07-27T08:14:27+00:00\",\"breadcrumb\":{\"@id\":\"https:\/\/evagrisdansa.com\/cia-m-de-musical\/#breadcrumb\"},\"inLanguage\":\"ca\",\"potentialAction\":[{\"@type\":\"ReadAction\",\"target\":[\"https:\/\/evagrisdansa.com\/cia-m-de-musical\/\"]}]},{\"@type\":\"BreadcrumbList\",\"@id\":\"https:\/\/evagrisdansa.com\/cia-m-de-musical\/#breadcrumb\",\"itemListElement\":[{\"@type\":\"ListItem\",\"position\":1,\"name\":\"Portada\",\"item\":\"https:\/\/evagrisdansa.com\/\"},{\"@type\":\"ListItem\",\"position\":2,\"name\":\"Cia. M de Musical\"}]},{\"@type\":\"WebSite\",\"@id\":\"https:\/\/evagrisdansa.com\/#website\",\"url\":\"https:\/\/evagrisdansa.com\/\",\"name\":\"Eva Gris \u00b7 Escola de dansa i cant\",\"description\":\"Eva Gris \u00b7 Escuela de danza, canto y teatro musical en Cornell\u00e0\",\"potentialAction\":[{\"@type\":\"SearchAction\",\"target\":{\"@type\":\"EntryPoint\",\"urlTemplate\":\"https:\/\/evagrisdansa.com\/?s={search_term_string}\"},\"query-input\":{\"@type\":\"PropertyValueSpecification\",\"valueRequired\":true,\"valueName\":\"search_term_string\"}}],\"inLanguage\":\"ca\"}]}<\/script>\n<!-- \/ Yoast SEO plugin. -->","yoast_head_json":{"title":"Cia. M de Musical - Eva Gris \u00b7 Escola de dansa i cant","robots":{"index":"index","follow":"follow","max-snippet":"max-snippet:-1","max-image-preview":"max-image-preview:large","max-video-preview":"max-video-preview:-1"},"canonical":"https:\/\/evagrisdansa.com\/ca\/cia-m-de-musical\/","og_locale":"ca_ES","og_type":"article","og_title":"Cia. M de Musical - Eva Gris \u00b7 Escola de dansa i cant","og_description":"[vc_row][vc_column width=\u00bb1\/4&#8243;][us_image image=\u00bb5024&#8243; size=\u00bbmedium\u00bb align=\u00bbleft\u00bb animate=\u00bbafb\u00bb animate_delay=\u00bb\u00bb][\/vc_column][vc_column width=\u00bb3\/4&#8243;][vc_column_text]M de Musical es la compa\u00f1\u00eda de Teatro Musical fundada por la escuela en 2014. Tiene el prop\u00f3sito de dirigir a los alumnos [&hellip;]","og_url":"https:\/\/evagrisdansa.com\/ca\/cia-m-de-musical\/","og_site_name":"Eva Gris \u00b7 Escola de dansa i cant","article_modified_time":"2020-07-27T08:14:27+00:00","twitter_card":"summary_large_image","twitter_misc":{"Temps estimat de lectura":"1 minut"},"schema":{"@context":"https:\/\/schema.org","@graph":[{"@type":"WebPage","@id":"https:\/\/evagrisdansa.com\/cia-m-de-musical\/","url":"https:\/\/evagrisdansa.com\/cia-m-de-musical\/","name":"Cia. M de Musical - Eva Gris \u00b7 Escola de dansa i cant","isPartOf":{"@id":"https:\/\/evagrisdansa.com\/#website"},"datePublished":"2016-04-12T16:43:17+00:00","dateModified":"2020-07-27T08:14:27+00:00","breadcrumb":{"@id":"https:\/\/evagrisdansa.com\/cia-m-de-musical\/#breadcrumb"},"inLanguage":"ca","potentialAction":[{"@type":"ReadAction","target":["https:\/\/evagrisdansa.com\/cia-m-de-musical\/"]}]},{"@type":"BreadcrumbList","@id":"https:\/\/evagrisdansa.com\/cia-m-de-musical\/#breadcrumb","itemListElement":[{"@type":"ListItem","position":1,"name":"Portada","item":"https:\/\/evagrisdansa.com\/"},{"@type":"ListItem","position":2,"name":"Cia. M de Musical"}]},{"@type":"WebSite","@id":"https:\/\/evagrisdansa.com\/#website","url":"https:\/\/evagrisdansa.com\/","name":"Eva Gris \u00b7 Escola de dansa i cant","description":"Eva Gris \u00b7 Escuela de danza, canto y teatro musical en Cornell\u00e0","potentialAction":[{"@type":"SearchAction","target":{"@type":"EntryPoint","urlTemplate":"https:\/\/evagrisdansa.com\/?s={search_term_string}"},"query-input":{"@type":"PropertyValueSpecification","valueRequired":true,"valueName":"search_term_string"}}],"inLanguage":"ca"}]}},"_links":{"self":[{"href":"https:\/\/evagrisdansa.com\/ca\/wp-json\/wp\/v2\/pages\/4788","targetHints":{"allow":["GET"]}}],"collection":[{"href":"https:\/\/evagrisdansa.com\/ca\/wp-json\/wp\/v2\/pages"}],"about":[{"href":"https:\/\/evagrisdansa.com\/ca\/wp-json\/wp\/v2\/types\/page"}],"author":[{"embeddable":true,"href":"https:\/\/evagrisdansa.com\/ca\/wp-json\/wp\/v2\/users\/1"}],"replies":[{"embeddable":true,"href":"https:\/\/evagrisdansa.com\/ca\/wp-json\/wp\/v2\/comments?post=4788"}],"version-history":[{"count":14,"href":"https:\/\/evagrisdansa.com\/ca\/wp-json\/wp\/v2\/pages\/4788\/revisions"}],"predecessor-version":[{"id":6275,"href":"https:\/\/evagrisdansa.com\/ca\/wp-json\/wp\/v2\/pages\/4788\/revisions\/6275"}],"wp:attachment":[{"href":"https:\/\/evagrisdansa.com\/ca\/wp-json\/wp\/v2\/media?parent=4788"}],"curies":[{"name":"wp","href":"https:\/\/api.w.org\/{rel}","templated":true}]}}