{"id":6425,"date":"2020-07-28T07:39:00","date_gmt":"2020-07-28T07:39:00","guid":{"rendered":"http:\/\/evagrisdansa.com\/?page_id=6425"},"modified":"2024-09-23T06:10:39","modified_gmt":"2024-09-23T06:10:39","slug":"politica-de-privacidad","status":"publish","type":"page","link":"https:\/\/evagrisdansa.com\/ca\/politica-de-privacidad\/","title":{"rendered":"Pol\u00edtica de privadesa"},"content":{"rendered":"<div data-elementor-type=\"wp-page\" data-elementor-id=\"6425\" class=\"elementor elementor-6425\">\n\t\t\t\t<div class=\"elementor-element elementor-element-1655b2d7 e-flex e-con-boxed e-con e-parent\" data-id=\"1655b2d7\" data-element_type=\"container\">\n\t\t\t\t\t<div class=\"e-con-inner\">\n\t\t\t\t<div class=\"elementor-element elementor-element-35c47e35 elementor-widget elementor-widget-text-editor\" data-id=\"35c47e35\" data-element_type=\"widget\" data-widget_type=\"text-editor.default\">\n\t\t\t\t<div class=\"elementor-widget-container\">\n\t\t\t\t\t\t\t\t\t\n<h1><b>POL\u00cdTICA DE PRIVACITAT<\/b><\/h1>\n<p>\u00a0<\/p>\n<p><span style=\"font-weight: 400;\">L&#039;objectiu d&#039;aquesta pol\u00edtica \u00e9s informar els interessats sobre els diferents tractaments realitzats per aquesta organitzaci\u00f3 mitjan\u00e7ant la p\u00e0gina web i que afectin les dades personals de conformitat amb el que estableix el Reglament (UE) 2016\/679 del Parlament Europeu i del Consell de 27 d&#039;abril del 2016 ia la Llei Org\u00e0nica 3\/2018, del 5 de desembre, de Protecci\u00f3 de Dades Personals i garantia dels drets digitals.<\/span><\/p>\n<p><br \/><b><\/b><\/p>\n<h4><b>1. IDENTIFICACI\u00d3 I DADES DE CONTACTE DEL RESPONSABLE<\/b><\/h4>\n<p><span style=\"font-weight: 400;\">EVA GRIS BOSCH, domiciliada a CARRER D&#039;EDUARD GIBERT I RIERA N\u00daM. 32 (08940 CORNELLA DE LLOBREGAT) BARCELONA, amb NIF 46617416G, tel\u00e8fon de contacte 933770946 i correu electr\u00f2nic <\/span><span style=\"font-weight: 400;\">evagris@hotmail.com<\/span><span style=\"font-weight: 400;\">\u00a0<\/span><\/p>\n<p><br \/><b><\/b><\/p>\n<h4><b>2. FINALITATS DEL TRACTAMENT DE LES SEVES DADES PERSONALS\u00a0<\/b><\/h4>\n<p>\u00a0<\/p>\n<p><b>USUARIS\/NAVEGANTS DE LA P\u00c0GINA WEB DEL RESPONSABLE<\/b><\/p>\n<p><span style=\"font-weight: 400;\">Tractarem les dades de car\u00e0cter personal facilitades per a:<\/span><\/p>\n<p>\u00a0<\/p>\n<ul>\n<li style=\"font-weight: 400;\" aria-level=\"1\"><span style=\"font-weight: 400;\">Atendre les sol\u00b7licituds, queixes i incid\u00e8ncies traslladades a trav\u00e9s dels nostres canals de contacte incorporats a la p\u00e0gina web.\u00a0<\/span><\/li>\n<li style=\"font-weight: 400;\" aria-level=\"1\"><span style=\"font-weight: 400;\">Entendre el comportament del navegant dins de la web per tal de detectar possibles atacs inform\u00e0tics a la nostra web.<\/span><\/li>\n<li style=\"font-weight: 400;\" aria-level=\"1\"><span style=\"font-weight: 400;\">Complir les obligacions legals que ens resultin directament aplicables i regulin la nostra activitat.\u00a0<\/span><\/li>\n<li style=\"font-weight: 400;\" aria-level=\"1\"><span style=\"font-weight: 400;\">Protegir i exercir els nostres drets o respondre davant de reclamacions de qualsevol \u00edndole.<\/span><\/li>\n<\/ul>\n<ul>\n<li style=\"font-weight: 400;\" aria-level=\"1\"><span style=\"font-weight: 400;\">Si escau, enviament de comunicacions comercials relatives als b\u00e9ns o serveis que conformen la nostra activitat i\/o not\u00edcies o butlletins relacionats amb el nostre sector. La negativa a facilitar-nos l&#039;autoritzaci\u00f3 implicar\u00e0 la impossibilitat d&#039;enviar-li informaci\u00f3 per part de l&#039;entitat.<\/span><\/li>\n<\/ul>\n<ul>\n<li style=\"font-weight: 400;\" aria-level=\"1\"><span style=\"font-weight: 400;\">Si escau, gestionar la seva participaci\u00f3 en concursos i promocions que faci l&#039;entitat. La seva negativa a facilitar-nos lautoritzaci\u00f3 implicar\u00e0 la impossibilitat de participar.<\/span><\/li>\n<li style=\"font-weight: 400;\" aria-level=\"1\"><span style=\"font-weight: 400;\">Si escau, enviar enquestes de satisfacci\u00f3 i\/o qualitat. La negativa a facilitar-nos l&#039;autoritzaci\u00f3 implicar\u00e0 la impossibilitat d&#039;avaluar el servei prestat.<\/span><\/li>\n<\/ul>\n<p><br \/><br \/><b><\/b><\/p>\n<h4><b>3. BASE JUR\u00cdDICA DEL TRACTAMENT<\/b><\/h4>\n<p>\u00a0<\/p>\n<p><b>USUARIS\/NAVEGANTS DE LA P\u00c0GINA WEB DEL RESPONSABLE<\/b><\/p>\n<p>\u00a0<\/p>\n<ul>\n<li style=\"font-weight: 400;\" aria-level=\"1\"><span style=\"font-weight: 400;\">Al consentiment que ens has prestat per tractar les teves dades amb les finalitats indicades. La negativa a facilitar les vostres dades personals comport\u00e9s la impossibilitat de tractar les vostres dades amb les finalitats esmentades.<\/span><\/li>\n<li style=\"font-weight: 400;\" aria-level=\"1\"><span style=\"font-weight: 400;\">Per complir les obligacions legals que se&#039;ns apliquen. En aquest cas, linteressat no podr\u00e0 negar-se al tractament de les dades personals.<\/span><\/li>\n<li style=\"font-weight: 400;\" aria-level=\"1\"><span style=\"font-weight: 400;\">En el nostre inter\u00e8s leg\u00edtim de protegir la nostra imatge, negoci i traject\u00f2ria evitant atacs a la nostra p\u00e0gina web. En aquest cas, linteressat no podr\u00e0 negar-se al tractament de les dades personals, encara que podr\u00e0 exercir, si escau, els drets reconeguts en lapartat \u00abdrets\u00bb de la present pol\u00edtica.<\/span><\/li>\n<\/ul>\n<p><br \/><b><\/b><\/p>\n<h4><b>4. COMPLEMENTS I EINES DEL LLOC WEB<\/b><\/h4>\n<p><b>Google maps<\/b><\/p>\n<p><span style=\"font-weight: 400;\">Utilitzem Google Maps (API) amb la finalitat de demostrar-li mapes interactius directament al nostre lloc web i permetre-li utilitzar les seves funcions. A aquest efecte, heu de tenir en compte que, en utilitzar el servei, Google demanar\u00e0 i emmagatzemar\u00e0 informaci\u00f3 sobre el seu \u00fas. Us informem que l&#039;\u00fas de Google pot comportar Transfer\u00e8ncies Internacionals de Dades no basades en una decisi\u00f3 d&#039;adequaci\u00f3 de la Comissi\u00f3 Europea ni en l&#039;oferiment de garanties adequades, per la qual cosa no compten amb un nivell idoni de protecci\u00f3 de conformitat amb all\u00f2 que disposa el RGPD. Als efectes oportuns, us informem que aquest fet pot comportar certs riscos per a la protecci\u00f3 de les vostres dades de car\u00e0cter personal. Aquests riscos derivats poden incloure que no hi hagi una autoritat supervisora de protecci\u00f3 equivalent i\/o uns principis de protecci\u00f3 de tractament de dades i\/o uns drets de protecci\u00f3 dels interessats equivalents. Per tot aix\u00f2, us recomanem que, de forma pr\u00e8via, llegiu detingudament la pol\u00edtica de privadesa del nostre prove\u00efdor fent clic <\/span><span style=\"font-weight: 400;\">aqu\u00ed<\/span><span style=\"font-weight: 400;\">. <\/span><span style=\"font-weight: 400;\">[HIPERENLLA\u00c7AR POL\u00cdTICA PRIVACITAT DEL PROVE\u00cfDOR\u00a0 <\/span><span style=\"font-weight: 400;\">https:\/\/policies.google.com\/privacy?hl=es<\/span><span style=\"font-weight: 400;\">]<\/span><\/p>\n<p>\u00a0<\/p>\n<p><b>Youtube\u00a0<\/b><\/p>\n<p><span style=\"font-weight: 400;\">El nostre lloc web utilitza complements de la plataforma YouTube amb tecnologia oferida per Google. Youtube nom\u00e9s associar\u00e0 el vostre comportament de navegaci\u00f3 al vostre perfil personal si teniu iniciada la sessi\u00f3 al vostre compte. Pots evitar-ho tancant la sessi\u00f3.\u00a0<\/span><\/p>\n<p><span style=\"font-weight: 400;\">Us recomanem que, de forma pr\u00e8via, llegiu detingudament la pol\u00edtica de privadesa del nostre prove\u00efdor fent clic <\/span><span style=\"font-weight: 400;\">aqu\u00ed<\/span><span style=\"font-weight: 400;\">. <\/span><span style=\"font-weight: 400;\">[HIPERENLLA\u00c7AR POL\u00cdTICA PRIVACITAT DEL PROVE\u00cfDOR <\/span><span style=\"font-weight: 400;\">https:\/\/policies.google.com\/privacy?hl=es<\/span><span style=\"font-weight: 400;\">]<\/span><\/p>\n<p><span style=\"font-weight: 400;\">\u00a0<\/span><\/p>\n<h4><b>5. TERMINIS O CRITERIS DE CONSERVACI\u00d3 DE LES DADES<\/b><\/h4>\n<p><span style=\"font-weight: 400;\">Les dades personals proporcionades es conservaran durant el temps necessari per complir les finalitats per a les quals van ser recopilades inicialment.<\/span><\/p>\n<p>\u00a0<\/p>\n<p><span style=\"font-weight: 400;\">Una vegada que les dades deixin de ser necess\u00e0ries per al tractament en q\u00fcesti\u00f3, aquestes es mantindran degudament bloquejades per, si escau, posar-les a disposici\u00f3 de les administracions i organismes p\u00fablics competents, jutges i tribunals o el ministeri fiscal, durant el termini de prescripci\u00f3 de les accions que poguessin derivar-se de la relaci\u00f3 mantinguda amb el client i\/o els terminis de conservaci\u00f3 previstos legalment.<\/span><\/p>\n<p><br \/><b><\/b><\/p>\n<h4><b>6. DECISIONS AUTOMATITZADES I ELABORACI\u00d3 DE PERFILS\u00a0<\/b><\/h4>\n<p><span style=\"font-weight: 400;\">La p\u00e0gina web no pren decisions automatitzades ni elabora perfils.<\/span><\/p>\n<p><br \/><b><\/b><\/p>\n<h4><b>7. DESTINATARIS<\/b><\/h4>\n<p><span style=\"font-weight: 400;\">Durant el per\u00edode de durada del tractament de les vostres dades personals, l&#039;organitzaci\u00f3 podr\u00e0 cedir les vostres dades als destinataris seg\u00fcents:<\/span><\/p>\n<p>\u00a0<\/p>\n<ul>\n<li style=\"font-weight: 400;\" aria-level=\"1\"><span style=\"font-weight: 400;\">Jutges i Tribunals.<\/span><\/li>\n<li style=\"font-weight: 400;\" aria-level=\"1\"><span style=\"font-weight: 400;\">Forces i cossos de seguretat de l&#039;Estat.<\/span><\/li>\n<li style=\"font-weight: 400;\" aria-level=\"1\"><span style=\"font-weight: 400;\">Altres autoritats o organismes p\u00fablics competents, quan el responsable tinga l&#039;obligaci\u00f3 legal de facilitar les dades personals.\u00a0<\/span><\/li>\n<li style=\"font-weight: 400;\" aria-level=\"1\"><span style=\"font-weight: 400;\">Si escau, a aquells Encarregats de Tractament que ens brindin serveis.<\/span><\/li>\n<\/ul>\n<p><br \/><b><\/b><\/p>\n<h4><b>8. TRANSFER\u00c8NCIES INTERNACIONALS DE DADES<\/b><\/h4>\n<p><span style=\"font-weight: 400;\">L&#039;organitzaci\u00f3 no realitza cap Transfer\u00e8ncia Internacional de Dades. En cas que posteriorment fos necessari fer transfer\u00e8ncies internacionals de dades, es verificar\u00e0 el grau de protecci\u00f3 del pa\u00eds de destinaci\u00f3 i s&#039;adoptaran les garanties exigides per la normativa.<\/span><\/p>\n<p><br \/><b><\/b><\/p>\n<h4><b>9. XARXES SOCIALS<\/b><\/h4>\n<p><span style=\"font-weight: 400;\">Amb la finalitat de fer-lo part\u00edcip de la nostra activitat, i que pugui estar al corrent de les nostres novetats, us informem que EVA GRIS BOSCH<\/span> <span style=\"font-weight: 400;\">t\u00e9 creat un perfil a les Xarxes Socials.\u00a0<\/span><\/p>\n<p>\u00a0<\/p>\n<p><span style=\"font-weight: 400;\">Tots els usuaris tenen loportunitat dunir-se a les nostres xarxes socials o grups. No obstant aix\u00f2, heu de tenir en compte que, llevat que us sol\u00b7licitem les vostres dades directament (per exemple, mitjan\u00e7ant accions de m\u00e0rqueting, concursos, promocions, o qualsevol altra forma v\u00e0lida), les vostres dades pertanyeran a la Xarxa Social corresponent, per la qual cosa us recomanem que llegiu detingudament les vostres condicions d&#039;\u00fas i pol\u00edtiques de privadesa, aix\u00ed com, s&#039;asseguri de configurar les vostres prefer\u00e8ncies quant al tractament de les dades.\u00a0<\/span><\/p>\n<p>\u00a0<\/p>\n<p><span style=\"font-weight: 400;\">A continuaci\u00f3, detallem l&#039;enlla\u00e7 a la pol\u00edtica de privadesa a les diferents Xarxes Socials en qu\u00e8 tenim pres\u00e8ncia, perqu\u00e8 pugui accedir en tot moment a les pol\u00edtiques de privadesa i configurar el seu perfil per garantir la seva privadesa:<\/span><\/p>\n<p>\u00a0<\/p>\n<p><b>Facebook: <\/b><span style=\"font-weight: 400;\">https:\/\/es-es.facebook.com\/privacy\/policy\/?entry_point=facebook_page_footer<\/span><span style=\"font-weight: 400;\">\u00a0<\/span><\/p>\n<p><b>Youtube<\/b><span style=\"font-weight: 400;\">:<\/span><a href=\"https:\/\/www.youtube.com\/yt\/policyandsafety\/es\/\"><span style=\"font-weight: 400;\">https:\/\/www.youtube.com\/intl\/ALL_es\/howyoutubeworks\/our-commitments\/protecting-user-data\/<\/span><\/a><\/p>\n<p><b>Instagram:<\/b> <span style=\"font-weight: 400;\">https:\/\/privacycenter.instagram.com\/<\/span><\/p>\n<p><br \/><b><\/b><\/p>\n<h4><b>10. DRETS<\/b><\/h4>\n<p><span style=\"font-weight: 400;\">Els interessats podran sol\u00b7licitar m\u00e9s informaci\u00f3 sobre el tractament de les seves dades personals aix\u00ed com exercir en qualsevol moment i, de forma gratu\u00efta, els drets d&#039;acc\u00e9s, rectificaci\u00f3 i supressi\u00f3, aix\u00ed com sol\u00b7licitar que es limiti el tractament de les dades personals, oposar-s&#039;hi , sol\u00b7licitar la portabilitat d&#039;aquests (sempre que sigui t\u00e8cnicament possible) o retirar el consentiment prestat i, si escau, si no \u00e9s objecte d&#039;una decisi\u00f3 basada \u00fanicament en un tractament automatitzat, incl\u00f2s l&#039;elaboraci\u00f3 de perfils.<\/span><\/p>\n<p>\u00a0<\/p>\n<p><span style=\"font-weight: 400;\">Per fer-ho, podreu emprar els formularis habilitats per l&#039;organitzaci\u00f3, o b\u00e9 dirigir un escrit a l&#039;adre\u00e7a postal o correu electr\u00f2nic referenciats a l&#039;encap\u00e7alament. Als efectes oportuns, us informem que se us podr\u00e0 sol\u00b7licitar el vostre DNI o qualsevol altre document an\u00e0leg, amb la finalitat d&#039;acreditar la vostra identitat, sempre que aix\u00f2 no es pugui fer per altres mitjans menys intrusius.\u00a0<\/span><\/p>\n<p>\u00a0<\/p>\n<p><span style=\"font-weight: 400;\">En el cas que sentiu vulnerats els vostres drets pel que fa a la protecci\u00f3 de les vostres dades personals, especialment quan no heu obtingut satisfacci\u00f3 en l&#039;exercici dels vostres drets, podeu presentar una reclamaci\u00f3 davant l&#039;Autoritat de Control en mat\u00e8ria de Protecci\u00f3 de Dades competent (Ag\u00e8ncia Espanyola de Protecci\u00f3 de Dades), a trav\u00e9s del vostre lloc web <\/span><span style=\"font-weight: 400;\">www.aepd.es<\/span><span style=\"font-weight: 400;\">\u00a0<\/span><\/p>\n<p><br \/><b><\/b><\/p>\n<h4><b>11. VERACITAT DE LES DADES<\/b><\/h4>\n<p><span style=\"font-weight: 400;\">L&#039;interessat garanteix que les dades aportades s\u00f3n vertaderes, exactes, completes i es troben actualitzades; comprometent-se a informar de qualsevol canvi respecte de les dades que aport\u00e9s, pels canals habilitats a aquest efecte i indicats al punt u de la present pol\u00edtica. Ser\u00e0 responsable de qualsevol dany o perjudici, tant directe com indirecte, que pugui ocasionar com a conseq\u00fc\u00e8ncia de l&#039;incompliment de la present obligaci\u00f3.<\/span><\/p>\n<p>\u00a0<\/p>\n<p><span style=\"font-weight: 400;\">En cas que l&#039;usuari faciliti dades de tercers, declara que compta amb el consentiment dels interessats i es compromet a traslladar-li la informaci\u00f3 continguda en aquesta cl\u00e0usula, eximint l&#039;organitzaci\u00f3 de qualsevol responsabilitat derivada per la manca de compliment de la present obligaci\u00f3 .<\/span><\/p>\n<p><br \/><b><\/b><\/p>\n<h4><b>12. MODIFICACIONS I ACTUALITZACI\u00d3<\/b><\/h4>\n<p><span style=\"font-weight: 400;\">Aquesta pol\u00edtica de privadesa pot veure&#039;s modificada\/actualitzada en funci\u00f3 de les exig\u00e8ncies legals establertes o amb la finalitat d&#039;adaptar aquesta pol\u00edtica a les instruccions dictades per l&#039;Ag\u00e8ncia Espanyola de Protecci\u00f3 de Dades, oa conseq\u00fc\u00e8ncia de canvis al nostre lloc web. Per aquesta ra\u00f3, aconsellem als usuaris que visitin peri\u00f2dicament la nostra pol\u00edtica de privadesa.<\/span><\/p>\n<p><span style=\"font-weight: 400;\">Si teniu dubtes sobre aquesta pol\u00edtica, podeu contactar amb EVA GRIS BOSCH a trav\u00e9s dels formularis habilitats per l&#039;organitzaci\u00f3, o b\u00e9 dirigir un escrit a l&#039;adre\u00e7a postal o correu electr\u00f2nic referenciats a l&#039;encap\u00e7alament.<\/span><\/p>\n<p>\u00a0<\/p>\n<p><span style=\"font-weight: 400;\">\u00daltima revisi\u00f3 21 de Febrer de 2023<\/span><\/p>\n\t\t\t\t\t\t\t\t<\/div>\n\t\t\t\t<\/div>\n\t\t\t\t\t<\/div>\n\t\t\t\t<\/div>\n\t\t\t\t<\/div>","protected":false},"excerpt":{"rendered":"<p>POL\u00cdTICA DE PRIVACIDAD &nbsp; El objetivo de esta pol\u00edtica es informar a los interesados acerca de los distintos tratamientos realizados por esta organizaci\u00f3n mediante la p\u00e1gina web y que afecten [&hellip;]<\/p>","protected":false},"author":1,"featured_media":0,"parent":0,"menu_order":0,"comment_status":"closed","ping_status":"closed","template":"","meta":{"_joinchat":[],"footnotes":""},"class_list":["post-6425","page","type-page","status-publish","hentry"],"yoast_head":"<!-- This site is optimized with the Yoast SEO plugin v25.3.1 - https:\/\/yoast.com\/wordpress\/plugins\/seo\/ -->\n<title>Pol\u00edtica de privacidad | Eva Gris en Cornell\u00e0<\/title>\n<meta name=\"description\" content=\"Conoce nuestra pol\u00edtica de privacidad y c\u00f3mo protegemos tus datos personales cuando interact\u00faas con nuestra web y servicios.\" \/>\n<meta name=\"robots\" content=\"index, follow, max-snippet:-1, max-image-preview:large, max-video-preview:-1\" \/>\n<link rel=\"canonical\" href=\"https:\/\/evagrisdansa.com\/ca\/politica-de-privacidad\/\" \/>\n<meta property=\"og:locale\" content=\"ca_ES\" \/>\n<meta property=\"og:type\" content=\"article\" \/>\n<meta property=\"og:title\" content=\"Pol\u00edtica de privacidad | Eva Gris en Cornell\u00e0\" \/>\n<meta property=\"og:description\" content=\"Conoce nuestra pol\u00edtica de privacidad y c\u00f3mo protegemos tus datos personales cuando interact\u00faas con nuestra web y servicios.\" \/>\n<meta property=\"og:url\" content=\"https:\/\/evagrisdansa.com\/ca\/politica-de-privacidad\/\" \/>\n<meta property=\"og:site_name\" content=\"Eva Gris \u00b7 Escola de dansa i cant\" \/>\n<meta property=\"article:modified_time\" content=\"2024-09-23T06:10:39+00:00\" \/>\n<meta name=\"twitter:card\" content=\"summary_large_image\" \/>\n<meta name=\"twitter:label1\" content=\"Temps estimat de lectura\" \/>\n\t<meta name=\"twitter:data1\" content=\"7 minuts\" \/>\n<script type=\"application\/ld+json\" class=\"yoast-schema-graph\">{\"@context\":\"https:\/\/schema.org\",\"@graph\":[{\"@type\":\"WebPage\",\"@id\":\"https:\/\/evagrisdansa.com\/politica-de-privacidad\/\",\"url\":\"https:\/\/evagrisdansa.com\/politica-de-privacidad\/\",\"name\":\"Pol\u00edtica de privacidad | Eva Gris en Cornell\u00e0\",\"isPartOf\":{\"@id\":\"https:\/\/evagrisdansa.com\/#website\"},\"datePublished\":\"2020-07-28T07:39:00+00:00\",\"dateModified\":\"2024-09-23T06:10:39+00:00\",\"description\":\"Conoce nuestra pol\u00edtica de privacidad y c\u00f3mo protegemos tus datos personales cuando interact\u00faas con nuestra web y servicios.\",\"breadcrumb\":{\"@id\":\"https:\/\/evagrisdansa.com\/politica-de-privacidad\/#breadcrumb\"},\"inLanguage\":\"ca\",\"potentialAction\":[{\"@type\":\"ReadAction\",\"target\":[\"https:\/\/evagrisdansa.com\/politica-de-privacidad\/\"]}]},{\"@type\":\"BreadcrumbList\",\"@id\":\"https:\/\/evagrisdansa.com\/politica-de-privacidad\/#breadcrumb\",\"itemListElement\":[{\"@type\":\"ListItem\",\"position\":1,\"name\":\"Portada\",\"item\":\"https:\/\/evagrisdansa.com\/\"},{\"@type\":\"ListItem\",\"position\":2,\"name\":\"Pol\u00edtica de privacidad\"}]},{\"@type\":\"WebSite\",\"@id\":\"https:\/\/evagrisdansa.com\/#website\",\"url\":\"https:\/\/evagrisdansa.com\/\",\"name\":\"Eva Gris \u00b7 Escola de dansa i cant\",\"description\":\"Eva Gris \u00b7 Escuela de danza, canto y teatro musical en Cornell\u00e0\",\"potentialAction\":[{\"@type\":\"SearchAction\",\"target\":{\"@type\":\"EntryPoint\",\"urlTemplate\":\"https:\/\/evagrisdansa.com\/?s={search_term_string}\"},\"query-input\":{\"@type\":\"PropertyValueSpecification\",\"valueRequired\":true,\"valueName\":\"search_term_string\"}}],\"inLanguage\":\"ca\"}]}<\/script>\n<!-- \/ Yoast SEO plugin. -->","yoast_head_json":{"title":"Pol\u00edtica de privacidad | Eva Gris en Cornell\u00e0","description":"Conoce nuestra pol\u00edtica de privacidad y c\u00f3mo protegemos tus datos personales cuando interact\u00faas con nuestra web y servicios.","robots":{"index":"index","follow":"follow","max-snippet":"max-snippet:-1","max-image-preview":"max-image-preview:large","max-video-preview":"max-video-preview:-1"},"canonical":"https:\/\/evagrisdansa.com\/ca\/politica-de-privacidad\/","og_locale":"ca_ES","og_type":"article","og_title":"Pol\u00edtica de privacidad | Eva Gris en Cornell\u00e0","og_description":"Conoce nuestra pol\u00edtica de privacidad y c\u00f3mo protegemos tus datos personales cuando interact\u00faas con nuestra web y servicios.","og_url":"https:\/\/evagrisdansa.com\/ca\/politica-de-privacidad\/","og_site_name":"Eva Gris \u00b7 Escola de dansa i cant","article_modified_time":"2024-09-23T06:10:39+00:00","twitter_card":"summary_large_image","twitter_misc":{"Temps estimat de lectura":"7 minuts"},"schema":{"@context":"https:\/\/schema.org","@graph":[{"@type":"WebPage","@id":"https:\/\/evagrisdansa.com\/politica-de-privacidad\/","url":"https:\/\/evagrisdansa.com\/politica-de-privacidad\/","name":"Pol\u00edtica de privacidad | Eva Gris en Cornell\u00e0","isPartOf":{"@id":"https:\/\/evagrisdansa.com\/#website"},"datePublished":"2020-07-28T07:39:00+00:00","dateModified":"2024-09-23T06:10:39+00:00","description":"Conoce nuestra pol\u00edtica de privacidad y c\u00f3mo protegemos tus datos personales cuando interact\u00faas con nuestra web y servicios.","breadcrumb":{"@id":"https:\/\/evagrisdansa.com\/politica-de-privacidad\/#breadcrumb"},"inLanguage":"ca","potentialAction":[{"@type":"ReadAction","target":["https:\/\/evagrisdansa.com\/politica-de-privacidad\/"]}]},{"@type":"BreadcrumbList","@id":"https:\/\/evagrisdansa.com\/politica-de-privacidad\/#breadcrumb","itemListElement":[{"@type":"ListItem","position":1,"name":"Portada","item":"https:\/\/evagrisdansa.com\/"},{"@type":"ListItem","position":2,"name":"Pol\u00edtica de privacidad"}]},{"@type":"WebSite","@id":"https:\/\/evagrisdansa.com\/#website","url":"https:\/\/evagrisdansa.com\/","name":"Eva Gris \u00b7 Escola de dansa i cant","description":"Eva Gris \u00b7 Escuela de danza, canto y teatro musical en Cornell\u00e0","potentialAction":[{"@type":"SearchAction","target":{"@type":"EntryPoint","urlTemplate":"https:\/\/evagrisdansa.com\/?s={search_term_string}"},"query-input":{"@type":"PropertyValueSpecification","valueRequired":true,"valueName":"search_term_string"}}],"inLanguage":"ca"}]}},"_links":{"self":[{"href":"https:\/\/evagrisdansa.com\/ca\/wp-json\/wp\/v2\/pages\/6425","targetHints":{"allow":["GET"]}}],"collection":[{"href":"https:\/\/evagrisdansa.com\/ca\/wp-json\/wp\/v2\/pages"}],"about":[{"href":"https:\/\/evagrisdansa.com\/ca\/wp-json\/wp\/v2\/types\/page"}],"author":[{"embeddable":true,"href":"https:\/\/evagrisdansa.com\/ca\/wp-json\/wp\/v2\/users\/1"}],"replies":[{"embeddable":true,"href":"https:\/\/evagrisdansa.com\/ca\/wp-json\/wp\/v2\/comments?post=6425"}],"version-history":[{"count":9,"href":"https:\/\/evagrisdansa.com\/ca\/wp-json\/wp\/v2\/pages\/6425\/revisions"}],"predecessor-version":[{"id":14634,"href":"https:\/\/evagrisdansa.com\/ca\/wp-json\/wp\/v2\/pages\/6425\/revisions\/14634"}],"wp:attachment":[{"href":"https:\/\/evagrisdansa.com\/ca\/wp-json\/wp\/v2\/media?parent=6425"}],"curies":[{"name":"wp","href":"https:\/\/api.w.org\/{rel}","templated":true}]}}