{"id":6457,"date":"2020-07-28T08:32:14","date_gmt":"2020-07-28T08:32:14","guid":{"rendered":"http:\/\/evagrisdansa.com\/?page_id=6457"},"modified":"2024-09-23T06:14:49","modified_gmt":"2024-09-23T06:14:49","slug":"aviso-legal","status":"publish","type":"page","link":"https:\/\/evagrisdansa.com\/ca\/aviso-legal\/","title":{"rendered":"Av\u00eds legal"},"content":{"rendered":"<div data-elementor-type=\"wp-page\" data-elementor-id=\"6457\" class=\"elementor elementor-6457\">\n\t\t\t\t<div class=\"elementor-element elementor-element-537fe267 e-flex e-con-boxed e-con e-parent\" data-id=\"537fe267\" data-element_type=\"container\">\n\t\t\t\t\t<div class=\"e-con-inner\">\n\t\t\t\t<div class=\"elementor-element elementor-element-28574d9c elementor-widget elementor-widget-text-editor\" data-id=\"28574d9c\" data-element_type=\"widget\" data-widget_type=\"text-editor.default\">\n\t\t\t\t<div class=\"elementor-widget-container\">\n\t\t\t\t\t\t\t\t\t<p><\/p>\n<h1><strong>AV\u00cdS LEGAL<\/strong><\/h1>\n<p><\/p>\n<p><em><span style=\"font-weight: 400;\">De conformitat amb el que estableix la Llei 34\/2002, d&#039;11 de juliol, de serveis de la societat de la informaci\u00f3 i de comer\u00e7 electr\u00f2nic, es facilita la informaci\u00f3 seg\u00fcent<\/span>:<\/em><\/p>\n<p><\/p>\n<h4><strong>1. DADES IDENTIFICATIVES<\/strong><\/h4>\n<p><\/p>\n<p>Esteu visitant la p\u00e0gina web www.evagrisdansa.com titularitat d&#039;EVA GRIS BOSCH, amb domicili social a CARRER D&#039;EDUARD GIBERT I RIERA N\u00daM.<\/p>\n<p><\/p>\n<p>Podeu contactar amb el TITULAR per qualsevol dels seg\u00fcents mitjans:<\/p>\n<p><\/p>\n<p>Tel\u00e8fon: 933770946<\/p>\n<p><\/p>\n<p>Correu electr\u00f2nic de contacte: evagris@hotmail.com.<\/p>\n<p><\/p>\n<p><\/p>\n<h4 dir=\"ltr\" role=\"presentation\"><strong>2. USUARIS<\/strong><\/h4>\n<p>Mitjan\u00e7ant aquest document posem en el seu coneixement els termes i condicions que regulen l&#039;acc\u00e9s i l&#039;\u00fas del lloc web i\/o app del Titular, aix\u00ed com dels serveis i continguts associats. L&#039;acc\u00e9s o l&#039;\u00fas de qualsevol interessat implica l&#039;adquisici\u00f3 de la condici\u00f3 d&#039;usuari i, amb aquesta condici\u00f3, una s\u00e8rie de drets i obligacions.<\/p>\n<p dir=\"ltr\">Als efectes anteriorment descrits, us informem que \u00e9s de la vostra responsabilitat accedir a les condicions legals inserides en la present web, aix\u00ed com, a les pol\u00edtiques de privadesa, cookies o si escau, condicions de venda i llegir-les detingudament. Recomanem:<\/p>\n<ol>\n<li style=\"list-style-type: none;\">\n<ol>\n<li style=\"list-style-type: none;\">\n<ol>\n<li dir=\"ltr\" role=\"presentation\">Que visiti les mateixes cada vegada que pretengui accedir o utilitzar els serveis i continguts del lloc i\u00a0<\/li>\n<li dir=\"ltr\" role=\"presentation\">Que imprimiu o emmagatzemi en el vostre sistema una c\u00f2pia.<\/li>\n<\/ol>\n<\/li>\n<\/ol>\n<\/li>\n<\/ol>\n<p>\u00a0<\/p>\n<h4 dir=\"ltr\" role=\"presentation\"><strong>3. \u00daS DEL PORTAL<\/strong><\/h4>\n<p dir=\"ltr\">Aquest web proporciona l&#039;acc\u00e9s a multitud d&#039;informaci\u00f3, serveis, programes o dades (d&#039;ara endavant, \u201cels continguts\u201d) a Internet pertanyents al Titular o als seus llicenciants als quals l&#039;usuari pot tenir acc\u00e9s.<\/p>\n<p dir=\"ltr\">L\u00b4Usuari assumeix la responsabilitat de l\u00b4\u00fas del portal. Aquesta responsabilitat s&#039;est\u00e9n al registre necessari per accedir a determinats serveis o continguts. En aquest registre, l&#039;usuari ser\u00e0 responsable d&#039;aportar informaci\u00f3 vera\u00e7 i l\u00edcita. Com a conseq\u00fc\u00e8ncia d&#039;aquest registre, a l&#039;Usuari se li pot proporcionar una contrasenya de la qual ser\u00e0 tamb\u00e9 responsable, comprometent-se a fer-ne un \u00fas diligent i confidencial.<\/p>\n<p dir=\"ltr\">L&#039;Usuari es compromet a fer un \u00fas adequat dels continguts i serveis (per exemple, serveis de xat, f\u00f2rums de discussi\u00f3 o grups de not\u00edcies) que el Titular ofereix a trav\u00e9s del seu portal i, amb car\u00e0cter enunciatiu per\u00f2 no limitatiu, a no emprar-los per a:<\/p>\n<ul>\n<li style=\"list-style-type: none;\">\n<ul>\n<li style=\"list-style-type: none;\">\n<ul>\n<li dir=\"ltr\" role=\"presentation\">Inc\u00f3rrer en activitats il\u00b7l\u00edcites, il\u00b7legals o contr\u00e0ries a la bona fe i l&#039;ordre p\u00fablic.\u00a0<\/li>\n<li dir=\"ltr\" role=\"presentation\">Difondre continguts o propaganda racista, xen\u00f2foba, pornogr\u00e0fic-il\u00b7legal, d&#039;apologia del terrorisme o atemptat\u00f2ria contra els drets humans.\u00a0<\/li>\n<li dir=\"ltr\" role=\"presentation\">Provocar danys als sistemes f\u00edsics i l\u00f2gics del Titular, dels seus prove\u00efdors o de terceres persones, introduir o difondre a la xarxa virus inform\u00e0tics o qualssevol altres sistemes f\u00edsics o l\u00f2gics que siguin susceptibles de provocar els danys anteriorment esmentats.<\/li>\n<li dir=\"ltr\" role=\"presentation\">Intentar accedir i, si escau, utilitzar els comptes de correu electr\u00f2nic daltres usuaris i modificar o manipular els seus missatges.<\/li>\n<li dir=\"ltr\" role=\"presentation\">Utilitzar el lloc web ni les informacions que s&#039;hi contenen amb finalitats comercials, pol\u00edtiques, publicit\u00e0ries i per a qualsevol \u00fas comercial, sobretot en l&#039;enviament de correus electr\u00f2nics no sol\u00b7licitats.\u00a0<\/li>\n<\/ul>\n<\/li>\n<\/ul>\n<\/li>\n<\/ul>\n<p dir=\"ltr\">El Titular es reserva el dret de retirar tots aquells comentaris i aportacions que vulnerin el respecte a la dignitat de la persona, que siguin discriminatoris, xen\u00f2fobs, racistes, pornogr\u00e0fics, que atemptin contra la joventut o la inf\u00e0ncia, l&#039;ordre o la seguretat p\u00fablica o que, a parer seu, no resultaran adequats per a la seva publicaci\u00f3. En qualsevol cas, el Titular no ser\u00e0 responsable de les opinions abocades pels usuaris a trav\u00e9s dels f\u00f2rums, xats o altres eines de participaci\u00f3.<\/p>\n<h4 dir=\"ltr\" role=\"presentation\"><strong>4. PROTECCI\u00d3 DE DADES<\/strong><\/h4>\n<p dir=\"ltr\">Tot all\u00f2 relatiu al tractament de les seves dades personals es troba recollit a la <a href=\"https:\/\/evagrisdansa.com\/ca\/politica-de-privacidad\/\">pol\u00edtica de privadesa<\/a>.<\/p>\n<h4 dir=\"ltr\" role=\"presentation\"><strong>5. CONTINGUTS. PROPIETAT INTEL\u00b7LECTUAL I INDUSTRIAL<\/strong><\/h4>\n<p dir=\"ltr\">El Titular \u00e9s propietari de tots els drets de propietat intel\u00b7lectual i industrial de la seva p\u00e0gina web, aix\u00ed com dels elements continguts a la mateixa (a t\u00edtol enunciatiu: imatges, fotografies, so, \u00e0udio, v\u00eddeo, programari o textos, marques o logotips, combinacions de colors, estructura i disseny, selecci\u00f3 de materials usats, programes dordinador necessaris per al seu funcionament, acc\u00e9s i \u00fas, etc.), titularitat del Titular o b\u00e9 dels seus llicenciants.<\/p>\n<p dir=\"ltr\">Tots els drets reservats. En virtut del que disposen els articles 8 i 32.1, par\u00e0graf segon, de la Llei de propietat intel\u00b7lectual, queden expressament prohibides la reproducci\u00f3, la distribuci\u00f3 i la comunicaci\u00f3 p\u00fablica, inclosa la seva modalitat de posada a disposici\u00f3, de la totalitat o part dels continguts d&#039;aquesta p\u00e0gina web, amb finalitat comercial, en qualsevol suport i per qualsevol mitj\u00e0 t\u00e8cnic, sense l&#039;autoritzaci\u00f3 del Titular.<\/p>\n<h4 dir=\"ltr\" role=\"presentation\"><strong>6. EXCLUSI\u00d3 DE GARANTIES I RESPONSABILITAT<\/strong><\/h4>\n<p dir=\"ltr\">L&#039;Usuari reconeix que la utilitzaci\u00f3 de la p\u00e0gina web i dels seus continguts i serveis es desenvolupa sota la seva responsabilitat exclusiva. En concret, a t\u00edtol merament enunciatiu, el Titular no assumeix cap responsabilitat en els \u00e0mbits seg\u00fcents:<\/p>\n<ul>\n<li style=\"list-style-type: none;\">\n<ul>\n<li style=\"list-style-type: none;\">\n<ul>\n<li dir=\"ltr\" role=\"presentation\">La disponibilitat del funcionament de la p\u00e0gina web, els serveis i continguts i la qualitat o interoperabilitat.<\/li>\n<li dir=\"ltr\" role=\"presentation\">La finalitat per a la qual la p\u00e0gina web serveixi als objectius de l&#039;usuari.<\/li>\n<li dir=\"ltr\" role=\"presentation\">La infracci\u00f3 de la legislaci\u00f3 vigent per part de l&#039;usuari o tercers i, en concret, dels drets de propietat intel\u00b7lectual i industrial que siguin titularitat d&#039;altres persones o entitats.<\/li>\n<li dir=\"ltr\" role=\"presentation\">L&#039;exist\u00e8ncia de codis maliciosos o qualsevol altre element inform\u00e0tic nociu que pogu\u00e9s causar el sistema inform\u00e0tic de l&#039;usuari o de tercers. Correspon a l&#039;Usuari, en tot cas, disposar d&#039;eines adequades per a la detecci\u00f3 i la desinfecci\u00f3 d&#039;aquests elements.<\/li>\n<li dir=\"ltr\" role=\"presentation\">L&#039;acc\u00e9s fraudulent als continguts o serveis per tercers no autoritzats o, si s&#039;escau, la captura, l&#039;eliminaci\u00f3, l&#039;alteraci\u00f3, la modificaci\u00f3 o la manipulaci\u00f3 dels missatges i les comunicacions de qualsevol classe que aquests tercers pugui realitzar.<\/li>\n<li dir=\"ltr\" role=\"presentation\">Els danys produ\u00efts a equips inform\u00e0tics durant l&#039;acc\u00e9s a la p\u00e0gina web i els danys produ\u00efts als usuaris quan tinguin l&#039;origen en fallades o desconnexions a les xarxes de telecomunicacions que interrompin el servei.<\/li>\n<li dir=\"ltr\" role=\"presentation\">Els danys o perjudicis que es derivin de circumst\u00e0ncies esdevingudes per cas fortu\u00eft o for\u00e7a major.<\/li>\n<\/ul>\n<\/li>\n<\/ul>\n<\/li>\n<\/ul>\n<p dir=\"ltr\">En cas que hi hagi f\u00f2rums, l&#039;\u00fas dels mateixos o altres espais an\u00e0legs, cal tenir en compte que els missatges reflecteixen \u00fanicament l&#039;opini\u00f3 de l&#039;Usuari que els remet, i aquest \u00e9s l&#039;\u00fanic responsable dels mateixos. En conseq\u00fc\u00e8ncia, el titular no es fa responsable del contingut dels missatges enviats per l&#039;usuari.\u00a0<\/p>\n<h4 dir=\"ltr\" role=\"presentation\"><strong>7. MODIFICACI\u00d3 D&#039;AQUEST AV\u00cdS LEGAL I DURADA<\/strong><\/h4>\n<p dir=\"ltr\">El Titular es reserva el dret d&#039;efectuar sense previ av\u00eds les modificacions que consideri oportunes al seu portal, podent canviar, suprimir o afegir tants continguts i serveis que es prestin a trav\u00e9s d&#039;aquesta, com la forma com aquests apareguin representats o localitzats al vostre portal.<\/p>\n<p dir=\"ltr\">La vig\u00e8ncia de les condicions esmentades anir\u00e0 en funci\u00f3 de la seva exposici\u00f3 i estaran vigents fins que siguin modificades per altres degudament publicades.<\/p>\n<h4 dir=\"ltr\" role=\"presentation\"><strong>8. ENLLA\u00c7OS<\/strong><\/h4>\n<p dir=\"ltr\">En el cas que a <a href=\"https:\/\/evagrisdansa.com\/ca\/\">www.evagrisdansa.com<\/a> s&#039;incloguessin enlla\u00e7os o hipervincles cap a altres llocs d&#039;Internet, el Titular no exercir\u00e0 cap tipus de control sobre aquests llocs i continguts. En cap cas el Titular assumir\u00e0 cap responsabilitat pels continguts d&#039;algun enlla\u00e7 pertanyent a un lloc web ali\u00e8, ni garantir\u00e0 la disponibilitat t\u00e8cnica, qualitat, fiabilitat, exactitud, amplitud, veracitat, validesa i constitucionalitat de qualsevol mat\u00e8ria o informaci\u00f3 continguda en cap d&#039;aquests. hipervincles i altres llocs a Internet. Igualment, la inclusi\u00f3 d&#039;aquestes connexions externes no implicar\u00e0 cap mena d&#039;associaci\u00f3, fusi\u00f3 o participaci\u00f3 amb les entitats connectades.<\/p>\n<h4 dir=\"ltr\" role=\"presentation\"><strong>9. DRETS D&#039;EXCLUSI\u00d3<\/strong><\/h4>\n<p dir=\"ltr\">El Titular es reserva el dret a denegar o retirar l&#039;acc\u00e9s al portal i\/o als serveis oferts sense necessitat d&#039;advertiment previ, a inst\u00e0ncia pr\u00f2pia o d&#039;un tercer, a aquells usuaris que incompleixin el contingut d&#039;aquest av\u00eds legal.<\/p>\n<h4 dir=\"ltr\" role=\"presentation\"><strong>10. GENERALITATS<\/strong><\/h4>\n<p dir=\"ltr\">El Titular perseguir\u00e0 l&#039;incompliment de les presents condicions aix\u00ed com qualsevol utilitzaci\u00f3 indeguda del portal exercint totes les accions civils i penals que li puguin correspondre en dret.<\/p>\n<h4 dir=\"ltr\" role=\"presentation\"><strong>11. LEGISLACI\u00d3 APLICABLE I JURISDICCI\u00d3<\/strong><\/h4>\n<p dir=\"ltr\">La relaci\u00f3 entre el titular i l&#039;usuari es regir\u00e0 per la normativa espanyola vigent. Totes les disputes i reclamacions derivades d&#039;aquest av\u00eds legal les resoldran els jutjats i els tribunals espanyols del consumidor i usuari que resultin competents.<\/p>\n<h4 dir=\"ltr\" role=\"presentation\"><strong>12. MENORS D&#039;EDAT<\/strong><\/h4>\n<p dir=\"ltr\">Aquesta web dirigeix els seus serveis a usuaris de m\u00e9s de 18 anys. Els menors d&#039;aquesta edat no estan autoritzats a utilitzar els nostres serveis i, per tant, no ens han d&#039;enviar les dades personals. Informem que si es d\u00f3na aquesta circumst\u00e0ncia, el Titular no es fa responsable de les possibles conseq\u00fc\u00e8ncies que es puguin derivar de l&#039;incompliment de l&#039;av\u00eds que s&#039;estableix en aquesta mateixa cl\u00e0usula.<\/p>\n<h4 dir=\"ltr\" role=\"presentation\"><strong>13. MESURES DE SEGURETAT \u2013 SSL<\/strong><\/h4>\n<p dir=\"ltr\">El Titular ha contractat per al seu lloc web un certificat SSL (Secure Sockets Layer). Aquest certificat SSL permet protegir tota la informaci\u00f3 personal i confidencial que es pugui manejar en un lloc web, independentment de la informaci\u00f3 que s&#039;estigui transmetent, com ara des de qualsevol dels formularis de contacte del lloc web fins al servidor o les dades introdu\u00efdes per a la subscripci\u00f3 de butlletins de not\u00edcies, accessos a les \u00e0rees protegides, etc.<\/p>\n<p dir=\"ltr\">L&#039;adre\u00e7a del lloc web apareixer\u00e0 de color verd, activant-se el protocol \u201chttps\u201d que permet connexions segures des d&#039;un servidor web al navegador de l&#039;usuari.<\/p>\n<p dir=\"ltr\">\u00a0<\/p>\n<p dir=\"ltr\">\u00daltima revisi\u00f3: 21 de Febrer de 2023<\/p>\n<p><\/p>\t\t\t\t\t\t\t\t<\/div>\n\t\t\t\t<\/div>\n\t\t\t\t\t<\/div>\n\t\t\t\t<\/div>\n\t\t\t\t<\/div>","protected":false},"excerpt":{"rendered":"<p>AVISO LEGAL De conformidad con lo establecido en la Ley 34\/2002, de 11 de julio, de servicios de la sociedad de la informaci\u00f3n y de comercio electr\u00f3nico, se facilita la [&hellip;]<\/p>","protected":false},"author":1,"featured_media":0,"parent":0,"menu_order":0,"comment_status":"closed","ping_status":"closed","template":"","meta":{"_joinchat":[],"footnotes":""},"class_list":["post-6457","page","type-page","status-publish","hentry"],"yoast_head":"<!-- This site is optimized with the Yoast SEO plugin v25.3.1 - https:\/\/yoast.com\/wordpress\/plugins\/seo\/ -->\n<title>Aviso legal | Eva Gris en Cornell\u00e0<\/title>\n<meta name=\"description\" content=\"Consulta el aviso legal de nuestra p\u00e1gina web y conoce tus derechos como usuario de nuestros servicios.\" \/>\n<meta name=\"robots\" content=\"noindex, nofollow\" \/>\n<meta property=\"og:locale\" content=\"ca_ES\" \/>\n<meta property=\"og:type\" content=\"article\" \/>\n<meta property=\"og:title\" content=\"Aviso legal | Eva Gris en Cornell\u00e0\" \/>\n<meta property=\"og:description\" content=\"Consulta el aviso legal de nuestra p\u00e1gina web y conoce tus derechos como usuario de nuestros servicios.\" \/>\n<meta property=\"og:url\" content=\"https:\/\/evagrisdansa.com\/ca\/aviso-legal\/\" \/>\n<meta property=\"og:site_name\" content=\"Eva Gris \u00b7 Escola de dansa i cant\" \/>\n<meta property=\"article:modified_time\" content=\"2024-09-23T06:14:49+00:00\" \/>\n<meta name=\"twitter:card\" content=\"summary_large_image\" \/>\n<meta name=\"twitter:label1\" content=\"Temps estimat de lectura\" \/>\n\t<meta name=\"twitter:data1\" content=\"7 minuts\" \/>\n<script type=\"application\/ld+json\" class=\"yoast-schema-graph\">{\"@context\":\"https:\/\/schema.org\",\"@graph\":[{\"@type\":\"WebPage\",\"@id\":\"https:\/\/evagrisdansa.com\/aviso-legal\/\",\"url\":\"https:\/\/evagrisdansa.com\/aviso-legal\/\",\"name\":\"Aviso legal | Eva Gris en Cornell\u00e0\",\"isPartOf\":{\"@id\":\"https:\/\/evagrisdansa.com\/#website\"},\"datePublished\":\"2020-07-28T08:32:14+00:00\",\"dateModified\":\"2024-09-23T06:14:49+00:00\",\"description\":\"Consulta el aviso legal de nuestra p\u00e1gina web y conoce tus derechos como usuario de nuestros servicios.\",\"breadcrumb\":{\"@id\":\"https:\/\/evagrisdansa.com\/aviso-legal\/#breadcrumb\"},\"inLanguage\":\"ca\",\"potentialAction\":[{\"@type\":\"ReadAction\",\"target\":[\"https:\/\/evagrisdansa.com\/aviso-legal\/\"]}]},{\"@type\":\"BreadcrumbList\",\"@id\":\"https:\/\/evagrisdansa.com\/aviso-legal\/#breadcrumb\",\"itemListElement\":[{\"@type\":\"ListItem\",\"position\":1,\"name\":\"Portada\",\"item\":\"https:\/\/evagrisdansa.com\/\"},{\"@type\":\"ListItem\",\"position\":2,\"name\":\"Aviso legal\"}]},{\"@type\":\"WebSite\",\"@id\":\"https:\/\/evagrisdansa.com\/#website\",\"url\":\"https:\/\/evagrisdansa.com\/\",\"name\":\"Eva Gris \u00b7 Escola de dansa i cant\",\"description\":\"Eva Gris \u00b7 Escuela de danza, canto y teatro musical en Cornell\u00e0\",\"potentialAction\":[{\"@type\":\"SearchAction\",\"target\":{\"@type\":\"EntryPoint\",\"urlTemplate\":\"https:\/\/evagrisdansa.com\/?s={search_term_string}\"},\"query-input\":{\"@type\":\"PropertyValueSpecification\",\"valueRequired\":true,\"valueName\":\"search_term_string\"}}],\"inLanguage\":\"ca\"}]}<\/script>\n<!-- \/ Yoast SEO plugin. -->","yoast_head_json":{"title":"Aviso legal | Eva Gris en Cornell\u00e0","description":"Consulta el aviso legal de nuestra p\u00e1gina web y conoce tus derechos como usuario de nuestros servicios.","robots":{"index":"noindex","follow":"nofollow"},"og_locale":"ca_ES","og_type":"article","og_title":"Aviso legal | Eva Gris en Cornell\u00e0","og_description":"Consulta el aviso legal de nuestra p\u00e1gina web y conoce tus derechos como usuario de nuestros servicios.","og_url":"https:\/\/evagrisdansa.com\/ca\/aviso-legal\/","og_site_name":"Eva Gris \u00b7 Escola de dansa i cant","article_modified_time":"2024-09-23T06:14:49+00:00","twitter_card":"summary_large_image","twitter_misc":{"Temps estimat de lectura":"7 minuts"},"schema":{"@context":"https:\/\/schema.org","@graph":[{"@type":"WebPage","@id":"https:\/\/evagrisdansa.com\/aviso-legal\/","url":"https:\/\/evagrisdansa.com\/aviso-legal\/","name":"Aviso legal | Eva Gris en Cornell\u00e0","isPartOf":{"@id":"https:\/\/evagrisdansa.com\/#website"},"datePublished":"2020-07-28T08:32:14+00:00","dateModified":"2024-09-23T06:14:49+00:00","description":"Consulta el aviso legal de nuestra p\u00e1gina web y conoce tus derechos como usuario de nuestros servicios.","breadcrumb":{"@id":"https:\/\/evagrisdansa.com\/aviso-legal\/#breadcrumb"},"inLanguage":"ca","potentialAction":[{"@type":"ReadAction","target":["https:\/\/evagrisdansa.com\/aviso-legal\/"]}]},{"@type":"BreadcrumbList","@id":"https:\/\/evagrisdansa.com\/aviso-legal\/#breadcrumb","itemListElement":[{"@type":"ListItem","position":1,"name":"Portada","item":"https:\/\/evagrisdansa.com\/"},{"@type":"ListItem","position":2,"name":"Aviso legal"}]},{"@type":"WebSite","@id":"https:\/\/evagrisdansa.com\/#website","url":"https:\/\/evagrisdansa.com\/","name":"Eva Gris \u00b7 Escola de dansa i cant","description":"Eva Gris \u00b7 Escuela de danza, canto y teatro musical en Cornell\u00e0","potentialAction":[{"@type":"SearchAction","target":{"@type":"EntryPoint","urlTemplate":"https:\/\/evagrisdansa.com\/?s={search_term_string}"},"query-input":{"@type":"PropertyValueSpecification","valueRequired":true,"valueName":"search_term_string"}}],"inLanguage":"ca"}]}},"_links":{"self":[{"href":"https:\/\/evagrisdansa.com\/ca\/wp-json\/wp\/v2\/pages\/6457","targetHints":{"allow":["GET"]}}],"collection":[{"href":"https:\/\/evagrisdansa.com\/ca\/wp-json\/wp\/v2\/pages"}],"about":[{"href":"https:\/\/evagrisdansa.com\/ca\/wp-json\/wp\/v2\/types\/page"}],"author":[{"embeddable":true,"href":"https:\/\/evagrisdansa.com\/ca\/wp-json\/wp\/v2\/users\/1"}],"replies":[{"embeddable":true,"href":"https:\/\/evagrisdansa.com\/ca\/wp-json\/wp\/v2\/comments?post=6457"}],"version-history":[{"count":8,"href":"https:\/\/evagrisdansa.com\/ca\/wp-json\/wp\/v2\/pages\/6457\/revisions"}],"predecessor-version":[{"id":14638,"href":"https:\/\/evagrisdansa.com\/ca\/wp-json\/wp\/v2\/pages\/6457\/revisions\/14638"}],"wp:attachment":[{"href":"https:\/\/evagrisdansa.com\/ca\/wp-json\/wp\/v2\/media?parent=6457"}],"curies":[{"name":"wp","href":"https:\/\/api.w.org\/{rel}","templated":true}]}}