{"id":6460,"date":"2020-07-28T08:56:38","date_gmt":"2020-07-28T08:56:38","guid":{"rendered":"http:\/\/evagrisdansa.com\/?page_id=6460"},"modified":"2024-09-23T06:12:21","modified_gmt":"2024-09-23T06:12:21","slug":"politica-de-cookies","status":"publish","type":"page","link":"https:\/\/evagrisdansa.com\/ca\/politica-de-cookies\/","title":{"rendered":"Pol\u00edtica de cookies"},"content":{"rendered":"<div data-elementor-type=\"wp-page\" data-elementor-id=\"6460\" class=\"elementor elementor-6460\">\n\t\t\t\t<div class=\"elementor-element elementor-element-12fd6297 e-flex e-con-boxed e-con e-parent\" data-id=\"12fd6297\" data-element_type=\"container\">\n\t\t\t\t\t<div class=\"e-con-inner\">\n\t\t\t\t<div class=\"elementor-element elementor-element-409e87a8 elementor-widget elementor-widget-text-editor\" data-id=\"409e87a8\" data-element_type=\"widget\" data-widget_type=\"text-editor.default\">\n\t\t\t\t<div class=\"elementor-widget-container\">\n\t\t\t\t\t\t\t\t\t\n<h1>POL\u00cdTICA DE COOKIES<\/h1>\n<h4><strong>1. POL\u00cdTICA EXTENSA <\/strong><\/h4>\n\n<p><span style=\"font-weight: 400;\">L&#039;objectiu d&#039;aquesta pol\u00edtica \u00e9s informar els interessats sobre les cookies que empra aquesta p\u00e0gina web, de conformitat amb all\u00f2 establert a la Llei 34\/2002, d&#039;11 de juliol, de Serveis de la Societat de la Informaci\u00f3 i de Comer\u00e7 Electr\u00f2nic, i el Reglament (UE) 2016\/679 del Parlament Europeu i del Consell de 27 d&#039;abril del 2016<\/span>.<\/p>\n\n<h5><strong>1.2 \u00daS DE COOKIES. QU\u00c8 S\u00d3N LES COOKIES?<\/strong><\/h5>\n\n<p><span style=\"font-weight: 400;\">Les cookies s\u00f3n fitxers que es descarreguen al vostre Ordinador, Smartphone o Tablet en accedir a determinades p\u00e0gines web. La utilitzaci\u00f3 de cookies ofereix nombrosos avantatges en la prestaci\u00f3 de serveis de la Societat de la Informaci\u00f3, ja que, entre d&#039;altres:<\/span><\/p>\n<p style=\"padding-left: 80px;\"><span style=\"font-weight: 400;\">(a) facilita la navegaci\u00f3 de l&#039;usuari al Lloc Web;<\/span><\/p>\n<p style=\"padding-left: 80px;\"><span style=\"font-weight: 400;\">(b) facilita a l&#039;usuari l&#039;acc\u00e9s als diferents serveis que ofereix el Lloc Web;<\/span><\/p>\n<p style=\"padding-left: 80px;\"><span style=\"font-weight: 400;\">(c) evita a l&#039;usuari tornar a configurar les caracter\u00edstiques generals predefinides cada cop que accedeix al Lloc Web;<\/span><\/p>\n<p style=\"padding-left: 80px;\"><span style=\"font-weight: 400;\">(d) afavoreix la millora del funcionament i dels serveis prestats a trav\u00e9s del Lloc Web, despr\u00e9s de la corresponent an\u00e0lisi de la informaci\u00f3 obtinguda a trav\u00e9s de les cookies instal\u00b7lades;<\/span><\/p>\n<p style=\"padding-left: 80px;\"><span style=\"font-weight: 400;\">(e) permeten a un Lloc Web, entre altres coses, emmagatzemar i recuperar informaci\u00f3 sobre els h\u00e0bits de navegaci\u00f3 d&#039;un usuari o del seu equip i, depenent de la informaci\u00f3 que continguin i de la manera com utilitzi el seu equip, es poden utilitzar per a recon\u00e8ixer l&#039;usuari.\u00a0<\/span><\/p>\n<p>\u00a0<\/p>\n<p><span style=\"font-weight: 400;\">La majoria dels navegadors accepten com a est\u00e0ndard les galetes i, amb independ\u00e8ncia de les mateixes, permeten o impedeixen en els ajustaments de seguretat les galetes temporals o memoritzades.<\/span><\/p>\n<p><span style=\"font-weight: 400;\">Tingueu en compte que, per poder utilitzar i comptar amb una millor experi\u00e8ncia de navegaci\u00f3, cal que tingueu habilitades les cookies, especialment aquelles de car\u00e0cter t\u00e8cnic que resulten necess\u00e0ries perqu\u00e8 puguen identificar-vos com a usuari registrat cada vegada que accediu a la present web.<\/span><\/p>\n<p><span style=\"font-weight: 400;\">En cas de no voler rebre cookies, si us plau, configureu el vostre navegador d&#039;internet, perqu\u00e8 les esborri del disc dur del vostre ordinador, les bloquegeu o us avisi si \u00e9s el cas d&#039;instal\u00b7laci\u00f3 de les mateixes.\u00a0<\/span><b><\/b><\/p>\n<h5><b>2.2 QUINS TIPUS DE COOKIES UTILITZA AQUESTA P\u00c0GINA WEB?<\/b><b><\/b><\/h5>\n<p><b>Cookies utilitzades en aquest lloc web<\/b><\/p>\n<p><span style=\"font-weight: 400;\">Seguint les directrius de l&#039;Ag\u00e8ncia Espanyola de Protecci\u00f3 de Dades, procedim a detallar l&#039;\u00fas de les galetes que aquesta p\u00e0gina web empra, per tal de proporcionar-vos la m\u00e0xima informaci\u00f3 possible.<\/span><\/p>\n<p>\u00a0<\/p>\n<p><b>Cookies Pr\u00f2pies<\/b><\/p>\n<p><span style=\"font-weight: 400;\">S\u00f3n les que s&#039;envien a l&#039;equip terminal de l&#039;usuari des d&#039;un equip o domini gestionat pel mateix editor i des del qual es presta el servei sol\u00b7licitat per l&#039;usuari.<\/span><\/p>\n<p><span style=\"font-weight: 400;\">A continuaci\u00f3, detallem la llista de les galetes que utilitzem:<\/span><\/p>\n<table>\n<tbody>\n<tr>\n<td>\n<p><b>Nom<\/b><\/p>\n<\/td>\n<td>\n<p><b>Tipus<\/b><\/p>\n<\/td>\n<td>\n<p><b>Prove\u00efdor<\/b><\/p>\n<\/td>\n<td>\n<p><b>Finalitat<\/b><\/p>\n<\/td>\n<td>\n<p><b>Durada<\/b><\/p>\n<\/td>\n<\/tr>\n<tr>\n<td>\n<p><span style=\"font-weight: 400;\">EXEMPLE<\/span><\/p>\n<p><span style=\"font-weight: 400;\">ASP.NET Sessionld<\/span><\/p>\n<\/td>\n<td>\n<p><span style=\"font-weight: 400;\">Cookie de sessi\u00f3<\/span><\/p>\n<\/td>\n<td>\n<p><span style=\"font-weight: 400;\">Nom<\/span><\/p>\n<\/td>\n<td>\n<p><span style=\"font-weight: 400;\">Serveix per demanar i emmagatzemar les seves dades mentre accedeix a la nostra p\u00e0gina web, romanen al seu equip durant la visita.<\/span><\/p>\n<\/td>\n<td>\n<p><span style=\"font-weight: 400;\">Fins a finalitzar sessi\u00f3<\/span><\/p>\n<\/td>\n<\/tr>\n<\/tbody>\n<\/table>\n<p><b>Galetes de tercers<\/b><\/p>\n<p><span style=\"font-weight: 400;\">S\u00f3n aquelles que s&#039;envien a l&#039;equip terminal de l&#039;usuari des d&#039;un equip o domini que no \u00e9s gestionat per l&#039;editor, sin\u00f3 per una altra entitat que tracta les dades obtingudes a trav\u00e9s de les galetes.<\/span><\/p>\n<p><span style=\"font-weight: 400;\">A continuaci\u00f3, detallem la llista de les galetes que utilitzem:<\/span><\/p>\n<table>\n<tbody>\n<tr>\n<td>\n<p><b>Nom<\/b><\/p>\n<\/td>\n<td>\n<p><b>Tipus<\/b><\/p>\n<\/td>\n<td>\n<p><b>Prove\u00efdor<\/b><\/p>\n<\/td>\n<td>\n<p><b>Finalitat<\/b><\/p>\n<\/td>\n<td>\n<p><b>Durada<\/b><\/p>\n<\/td>\n<td>\n<p><b>M\u00e9s info.\u00a0<\/b><\/p>\n<\/td>\n<\/tr>\n<tr>\n<td>\n<p><span style=\"font-weight: 400;\">EXEMPLE<\/span><\/p>\n<p><span style=\"font-weight: 400;\">Google Analytics:<\/span><\/p>\n<p><span style=\"font-weight: 400;\">__ga,<\/span><\/p>\n<p><span style=\"font-weight: 400;\">__gat,<\/span><\/p>\n<p><span style=\"font-weight: 400;\">__gid<\/span><\/p>\n<\/td>\n<td>\n<p><span style=\"font-weight: 400;\">Cookies<\/span><\/p>\n<\/td>\n<td>\n<p><span style=\"font-weight: 400;\">Google<\/span><\/p>\n<\/td>\n<td>\n<p><span style=\"font-weight: 400;\">Serveixen per analitzar l&#039;experi\u00e8ncia de navegaci\u00f3 de l&#039;usuari, i permetre&#039;ns millorar la nostra WEB per adaptar-nos a les vostres necessitats. Normalment romanen un temps al navegador d&#039;usuari, fins que s&#039;esborrin les cookies del navegador o passi el temps definit per eliminar-lo<\/span><\/p>\n<\/td>\n<td>\n<p><span style=\"font-weight: 400;\">_ga: 2 anys;<\/span><\/p>\n<p><span style=\"font-weight: 400;\">_gat: durada de la sessi\u00f3;<\/span><\/p>\n<p><span style=\"font-weight: 400;\">_gid: 1 dia.<\/span><\/p>\n<\/td>\n<td>\n<p><a href=\"https:\/\/support.google.com\/analytics\/answer\/6004245?hl=es\"><span style=\"font-weight: 400;\">https:\/\/support.google.com\/analytics\/answer\/6004245?hl=es<\/span><\/a><span style=\"font-weight: 400;\">.<\/span><\/p>\n<\/td>\n<\/tr>\n<\/tbody>\n<\/table>\n<p>\u00a0<\/p>\n<p><span style=\"font-weight: 400;\">EVA GRIS BOSCH no es fa responsable, en cap cas, ni del contingut ni de la veracitat de les pol\u00edtiques i\/o condicions d&#039;\u00fas i privadesa dels tercers inclosos a trav\u00e9s dels enlla\u00e7os en aquesta pol\u00edtica.<\/span><b><\/b><\/p>\n<h5><b>2.3 CONSENTIMENT\u00a0<\/b><\/h5>\n<p><span style=\"font-weight: 400;\">En relaci\u00f3 amb la utilitzaci\u00f3 de cookies d&#039;aquest lloc web, l&#039;usuari autoritza i consenteix el seu \u00fas de la manera seg\u00fcent:<\/span><\/p>\n<p><span style=\"font-weight: 400;\">Quan l&#039;usuari accedeix a qualsevol p\u00e0gina de la web, veureu un av\u00eds on s&#039;indica que la p\u00e0gina web d&#039;EVA GRIS BOSCH utilitza cookies, l&#039;usuari pot acceptar o rebutjar-ne l&#039;\u00fas a trav\u00e9s del panell de configuraci\u00f3. En fer clic a acceptar, vost\u00e8 accepta l&#039;\u00fas de les nostres galetes i, si escau, les dels tercers. A aquest efecte, us indiquem que el panell de configuraci\u00f3\/privacitat permet la possibilitat d&#039;acceptar-les o rebutjar-les per tipologia.<\/span><b><\/b><\/p>\n<h5><b>2.4 TERMINIS O CRITERIS DE CONSERVACI\u00d3 DE LES DADES<\/b><\/h5>\n<p><span style=\"font-weight: 400;\">Les dades obtingudes a trav\u00e9s de l&#039;\u00fas de les cookies per vost\u00e8 seleccionades, seran conservades durant el temps necessari per complir les finalitats per als quals van ser recopilades i durant el per\u00edode de temps establert a l&#039;apartat \u00ab<\/span><i><span style=\"font-weight: 400;\">QUINS TIPUS DE COOKIES UTILITZA AQUESTA P\u00c0GINA WEB<\/span><\/i><span style=\"font-weight: 400;\">\u00bb de la present pol\u00edtica, per a cadascuna de les cookies instal\u00b7lades al dispositiu.<\/span><\/p>\n<h5><b>2.5 COM BLOQUEJAR REVOCAR O ELIMINAR LES COOKIES INSTALADES<\/b><\/h5>\n<p><span style=\"font-weight: 400;\">Podeu permetre, bloquejar, revocar o eliminar les cookies instal\u00b7lades al vostre equip mitjan\u00e7ant la configuraci\u00f3 de les opcions del vostre navegador. Podeu trobar informaci\u00f3 sobre com fer-ho, en relaci\u00f3 amb els navegadors m\u00e9s comuns, als links que s&#039;inclouen a continuaci\u00f3:<\/span><span style=\"font-weight: 400;\">\u00a0<\/span><\/p>\n<ul>\n<li style=\"font-weight: 400;\" aria-level=\"1\"><span style=\"font-weight: 400;\">\u00a0Explorer: <\/span><a href=\"https:\/\/support.microsoft.com\/es-es\/kb\/278835\"><span style=\"font-weight: 400;\">https:\/\/support.microsoft.com\/es-es\/kb\/278835<\/span><\/a><\/li>\n<li style=\"font-weight: 400;\" aria-level=\"1\"><span style=\"font-weight: 400;\">\u00a0Microsoft Edge: <\/span><a href=\"https:\/\/privacy.microsoft.com\/es-es\/windows-10-microsoft-edge-and-privacy\"><span style=\"font-weight: 400;\">https:\/\/privacy.microsoft.com\/es-es\/windows-10-microsoft-edge-and-privacy<\/span><\/a><\/li>\n<li style=\"font-weight: 400;\" aria-level=\"1\"><span style=\"font-weight: 400;\">Chrome:<\/span><a href=\"http:\/\/support.google.com\/chrome\/bin\/answer.py?hl=es&amp;answer=95647\"><span style=\"font-weight: 400;\">https:\/\/support.google.com\/chrome\/answer\/95647?co=GENIE.Platform%3DDesktop&amp;hl=esttp:\/\/support.google.com\/chrome\/bin\/answer.py?hl=es&amp;answer=95647<\/span><\/a><\/li>\n<li style=\"font-weight: 400;\" aria-level=\"1\"><span style=\"font-weight: 400;\">\u00a0Firefox: <\/span><a href=\"http:\/\/support.mozilla.org\/es\/kb\/Borrar%20cookies\"><span style=\"font-weight: 400;\">http:\/\/support.mozilla.org\/es\/kb\/Borrar%20cookies<\/span><\/a><\/li>\n<li style=\"font-weight: 400;\" aria-level=\"1\"><span style=\"font-weight: 400;\">\u00a0Safari: <\/span><a href=\"http:\/\/support.apple.com\/kb\/ph5042\"><span style=\"font-weight: 400;\">http:\/\/support.apple.com\/kb\/ph5042<\/span><\/a><span style=\"font-weight: 400;\">.<\/span><\/li>\n<li style=\"font-weight: 400;\" aria-level=\"1\"><span style=\"font-weight: 400;\">\u00a0Opera: <\/span><a href=\"https:\/\/help.opera.com\/en\/latest\/web-preferences\/#cookies\"><span style=\"font-weight: 400;\">https:\/\/help.opera.com\/en\/latest\/web-preferences\/#cookies<\/span><\/a><\/li>\n<\/ul>\n<p><span style=\"font-weight: 400;\">Per poder revocar les cookies inicialment acceptades, feu clic a <\/span><span style=\"font-weight: 400;\">Revocar galetes.<\/span><\/p>\n<h5><b>2.6 TRANSFER\u00c8NCIES INTERNACIONALS DE DADES<\/b><\/h5>\n<p><span style=\"font-weight: 400;\">En compliment del que estableix el Reglament Europeu 2016\/679 del Parlament Europeu i del Consell de 27 d&#039;abril de 2016, i la Llei org\u00e0nica 3\/2018, de 5 de desembre, de protecci\u00f3 de dades personals i garantia dels drets digitals, t&#039;informem que, com a conseq\u00fc\u00e8ncia dels prove\u00efdors empleats, l&#039;entitat realitza les transfer\u00e8ncies internacionals de dades seg\u00fcents a destinataris establerts fora de l&#039;Espai<\/span> <span style=\"font-weight: 400;\">Econ\u00f2mic Europeu (EEE):<\/span><\/p>\n<table>\n<tbody>\n<tr>\n<td>\n<p><b>Pa\u00eds<\/b><\/p>\n<\/td>\n<td>\n<p><b>Finalitat<\/b><\/p>\n<\/td>\n<td>\n<p><b>Tipologies de Dades<\/b><\/p>\n<\/td>\n<td>\n<p><b>Garantia<\/b><\/p>\n<\/td>\n<\/tr>\n<tr>\n<td>\n<p><b>EUA<\/b><\/p>\n<\/td>\n<td>\n<p><span style=\"font-weight: 400;\">MESURAMENT I AN\u00c0LISI\u00a0\u00a0<\/span><\/p>\n<\/td>\n<td>\n<p><span style=\"font-weight: 400;\">-Dades identificatives: IP, ID d&#039;usuari\u00a0<\/span><\/p>\n<\/td>\n<td>\n<p><span style=\"font-weight: 400;\">Excepci\u00f3 de l&#039;art. 49.1.a) RGPD -Consentiment expr\u00e9s de l&#039;interessat<\/span><\/p>\n<\/td>\n<\/tr>\n<\/tbody>\n<\/table>\n<p>\u00a0<\/p>\n<p><span style=\"font-weight: 400;\">Us informem que les referides Transfer\u00e8ncies Internacionals de Dades no estan basades en una decisi\u00f3 d&#039;adequaci\u00f3 de la Comissi\u00f3 Europea ni en l&#039;oferiment de garanties adequades, per la qual cosa no compten amb un nivell idoni de protecci\u00f3 de conformitat amb el que disposa el RGPD. Als efectes oportuns, us informem que aquest fet pot comportar certs riscos per a la protecci\u00f3 de les vostres dades de car\u00e0cter personal. Aquests riscos derivats poden incloure que no hi hagi una autoritat supervisora de protecci\u00f3 equivalent i\/o uns principis de protecci\u00f3 de tractament de dades i\/o uns drets de protecci\u00f3 dels interessats equivalents<\/span><span style=\"font-weight: 400;\">.\u00a0<\/span><\/p>\n<p><span style=\"font-weight: 400;\">Per a m\u00e9s informaci\u00f3, visiteu la nostra <\/span><a href=\"https:\/\/evagrisdansa.com\/ca\/politica-de-privacidad\/\"><span style=\"font-weight: 400;\">pol\u00edtica de privadesa<\/span><\/a><span style=\"font-weight: 400;\">.<\/span><\/p>\n<h5><b>2.7 DESTINATARIS DE LA INFORMACI\u00d3<\/b><\/h5>\n<p><span style=\"font-weight: 400;\">Us informem que les empreses col\u00b7laboradores detallades al Panell de Configuraci\u00f3 tenen acc\u00e9s a la informaci\u00f3 obtinguda a trav\u00e9s de les cookies del lloc web. Aix\u00ed mateix, us informem que alguns dels nostres prove\u00efdors aix\u00ed com empreses col\u00b7laboradores poden realitzar transfer\u00e8ncies a tercers pa\u00efsos. A aquest efecte, us recomanem que visiteu les seves respectives pol\u00edtiques de privadesa, les quals es troben accessibles a trav\u00e9s dels enlla\u00e7os facilitats al Panell de Configuraci\u00f3.<\/span><b><\/b><\/p>\n<h5><b>2.8 MODIFICACIONS. ACTUALITZACI\u00d3\u00a0<\/b><\/h5>\n<p><span style=\"font-weight: 400;\">Aquesta pol\u00edtica de cookies es pot veure modificada\/actualitzada en funci\u00f3 de les exig\u00e8ncies legals establertes o amb la finalitat d&#039;adaptar aquesta pol\u00edtica a les instruccions dictades per l&#039;Ag\u00e8ncia Espanyola de Protecci\u00f3 de Dades o per actualitzaci\u00f3 del nostre lloc web. Per aix\u00f2, aconsellem als usuaris que visitin peri\u00f2dicament la nostra pol\u00edtica de cookies.\u00a0<\/span><\/p>\n<p><span style=\"font-weight: 400;\">Si teniu dubtes sobre aquesta pol\u00edtica de cookies, podeu contactar amb EVA GRIS BOSCH a trav\u00e9s del seg\u00fcent correu electr\u00f2nic <\/span><span style=\"font-weight: 400;\">evagris@hotmail.com<\/span><\/p>\n<p>\u00a0<\/p>\n<p><span style=\"font-weight: 400;\">Per obtenir informaci\u00f3 addicional sobre el tractament de les vostres dades personals acudiu a la nostra <\/span><a href=\"https:\/\/evagrisdansa.com\/ca\/politica-de-privacidad\/\"><span style=\"font-weight: 400;\">Pol\u00edtica de Privadesa.<\/span><\/a><\/p>\n<p>\u00a0<\/p>\n<p><span style=\"font-weight: 400;\">\u00daltima revisi\u00f3 21 de Febrer de 2023<\/span><\/p>\n\t\t\t\t\t\t\t\t<\/div>\n\t\t\t\t<\/div>\n\t\t\t\t\t<\/div>\n\t\t\t\t<\/div>\n\t\t\t\t<\/div>","protected":false},"excerpt":{"rendered":"<p>POL\u00cdTICA DE COOKIES 1. POL\u00cdTICA EXTENSA L&#039;objectiu d&#039;aquesta pol\u00edtica \u00e9s informar els interessats sobre les galetes que empra aquesta p\u00e0gina web, de conformitat amb all\u00f2 establert [\u2026]<\/p>","protected":false},"author":1,"featured_media":0,"parent":0,"menu_order":0,"comment_status":"closed","ping_status":"closed","template":"","meta":{"_joinchat":[],"footnotes":""},"class_list":["post-6460","page","type-page","status-publish","hentry"],"yoast_head":"<!-- This site is optimized with the Yoast SEO plugin v25.3.1 - https:\/\/yoast.com\/wordpress\/plugins\/seo\/ -->\n<title>Pol\u00edtica de cookies | Eva Gris en Cornell\u00e0<\/title>\n<meta name=\"description\" content=\"Descubre c\u00f3mo usamos las cookies para mejorar tu experiencia en nuestra web. Consulta nuestra pol\u00edtica de cookies para m\u00e1s detalles.\" \/>\n<meta name=\"robots\" content=\"index, follow, max-snippet:-1, max-image-preview:large, max-video-preview:-1\" \/>\n<link rel=\"canonical\" href=\"https:\/\/evagrisdansa.com\/ca\/politica-de-cookies\/\" \/>\n<meta property=\"og:locale\" content=\"ca_ES\" \/>\n<meta property=\"og:type\" content=\"article\" \/>\n<meta property=\"og:title\" content=\"Pol\u00edtica de cookies | Eva Gris en Cornell\u00e0\" \/>\n<meta property=\"og:description\" content=\"Descubre c\u00f3mo usamos las cookies para mejorar tu experiencia en nuestra web. Consulta nuestra pol\u00edtica de cookies para m\u00e1s detalles.\" \/>\n<meta property=\"og:url\" content=\"https:\/\/evagrisdansa.com\/ca\/politica-de-cookies\/\" \/>\n<meta property=\"og:site_name\" content=\"Eva Gris \u00b7 Escola de dansa i cant\" \/>\n<meta property=\"article:modified_time\" content=\"2024-09-23T06:12:21+00:00\" \/>\n<meta name=\"twitter:card\" content=\"summary_large_image\" \/>\n<meta name=\"twitter:label1\" content=\"Temps estimat de lectura\" \/>\n\t<meta name=\"twitter:data1\" content=\"6 minuts\" \/>\n<script type=\"application\/ld+json\" class=\"yoast-schema-graph\">{\"@context\":\"https:\/\/schema.org\",\"@graph\":[{\"@type\":\"WebPage\",\"@id\":\"https:\/\/evagrisdansa.com\/politica-de-cookies\/\",\"url\":\"https:\/\/evagrisdansa.com\/politica-de-cookies\/\",\"name\":\"Pol\u00edtica de cookies | Eva Gris en Cornell\u00e0\",\"isPartOf\":{\"@id\":\"https:\/\/evagrisdansa.com\/#website\"},\"datePublished\":\"2020-07-28T08:56:38+00:00\",\"dateModified\":\"2024-09-23T06:12:21+00:00\",\"description\":\"Descubre c\u00f3mo usamos las cookies para mejorar tu experiencia en nuestra web. Consulta nuestra pol\u00edtica de cookies para m\u00e1s detalles.\",\"breadcrumb\":{\"@id\":\"https:\/\/evagrisdansa.com\/politica-de-cookies\/#breadcrumb\"},\"inLanguage\":\"ca\",\"potentialAction\":[{\"@type\":\"ReadAction\",\"target\":[\"https:\/\/evagrisdansa.com\/politica-de-cookies\/\"]}]},{\"@type\":\"BreadcrumbList\",\"@id\":\"https:\/\/evagrisdansa.com\/politica-de-cookies\/#breadcrumb\",\"itemListElement\":[{\"@type\":\"ListItem\",\"position\":1,\"name\":\"Portada\",\"item\":\"https:\/\/evagrisdansa.com\/\"},{\"@type\":\"ListItem\",\"position\":2,\"name\":\"Pol\u00edtica de cookies\"}]},{\"@type\":\"WebSite\",\"@id\":\"https:\/\/evagrisdansa.com\/#website\",\"url\":\"https:\/\/evagrisdansa.com\/\",\"name\":\"Eva Gris \u00b7 Escola de dansa i cant\",\"description\":\"Eva Gris \u00b7 Escuela de danza, canto y teatro musical en Cornell\u00e0\",\"potentialAction\":[{\"@type\":\"SearchAction\",\"target\":{\"@type\":\"EntryPoint\",\"urlTemplate\":\"https:\/\/evagrisdansa.com\/?s={search_term_string}\"},\"query-input\":{\"@type\":\"PropertyValueSpecification\",\"valueRequired\":true,\"valueName\":\"search_term_string\"}}],\"inLanguage\":\"ca\"}]}<\/script>\n<!-- \/ Yoast SEO plugin. -->","yoast_head_json":{"title":"Pol\u00edtica de cookies | Eva Gris en Cornell\u00e0","description":"Descubre c\u00f3mo usamos las cookies para mejorar tu experiencia en nuestra web. Consulta nuestra pol\u00edtica de cookies para m\u00e1s detalles.","robots":{"index":"index","follow":"follow","max-snippet":"max-snippet:-1","max-image-preview":"max-image-preview:large","max-video-preview":"max-video-preview:-1"},"canonical":"https:\/\/evagrisdansa.com\/ca\/politica-de-cookies\/","og_locale":"ca_ES","og_type":"article","og_title":"Pol\u00edtica de cookies | Eva Gris en Cornell\u00e0","og_description":"Descubre c\u00f3mo usamos las cookies para mejorar tu experiencia en nuestra web. Consulta nuestra pol\u00edtica de cookies para m\u00e1s detalles.","og_url":"https:\/\/evagrisdansa.com\/ca\/politica-de-cookies\/","og_site_name":"Eva Gris \u00b7 Escola de dansa i cant","article_modified_time":"2024-09-23T06:12:21+00:00","twitter_card":"summary_large_image","twitter_misc":{"Temps estimat de lectura":"6 minuts"},"schema":{"@context":"https:\/\/schema.org","@graph":[{"@type":"WebPage","@id":"https:\/\/evagrisdansa.com\/politica-de-cookies\/","url":"https:\/\/evagrisdansa.com\/politica-de-cookies\/","name":"Pol\u00edtica de cookies | Eva Gris en Cornell\u00e0","isPartOf":{"@id":"https:\/\/evagrisdansa.com\/#website"},"datePublished":"2020-07-28T08:56:38+00:00","dateModified":"2024-09-23T06:12:21+00:00","description":"Descubre c\u00f3mo usamos las cookies para mejorar tu experiencia en nuestra web. Consulta nuestra pol\u00edtica de cookies para m\u00e1s detalles.","breadcrumb":{"@id":"https:\/\/evagrisdansa.com\/politica-de-cookies\/#breadcrumb"},"inLanguage":"ca","potentialAction":[{"@type":"ReadAction","target":["https:\/\/evagrisdansa.com\/politica-de-cookies\/"]}]},{"@type":"BreadcrumbList","@id":"https:\/\/evagrisdansa.com\/politica-de-cookies\/#breadcrumb","itemListElement":[{"@type":"ListItem","position":1,"name":"Portada","item":"https:\/\/evagrisdansa.com\/"},{"@type":"ListItem","position":2,"name":"Pol\u00edtica de cookies"}]},{"@type":"WebSite","@id":"https:\/\/evagrisdansa.com\/#website","url":"https:\/\/evagrisdansa.com\/","name":"Eva Gris \u00b7 Escola de dansa i cant","description":"Eva Gris \u00b7 Escuela de danza, canto y teatro musical en Cornell\u00e0","potentialAction":[{"@type":"SearchAction","target":{"@type":"EntryPoint","urlTemplate":"https:\/\/evagrisdansa.com\/?s={search_term_string}"},"query-input":{"@type":"PropertyValueSpecification","valueRequired":true,"valueName":"search_term_string"}}],"inLanguage":"ca"}]}},"_links":{"self":[{"href":"https:\/\/evagrisdansa.com\/ca\/wp-json\/wp\/v2\/pages\/6460","targetHints":{"allow":["GET"]}}],"collection":[{"href":"https:\/\/evagrisdansa.com\/ca\/wp-json\/wp\/v2\/pages"}],"about":[{"href":"https:\/\/evagrisdansa.com\/ca\/wp-json\/wp\/v2\/types\/page"}],"author":[{"embeddable":true,"href":"https:\/\/evagrisdansa.com\/ca\/wp-json\/wp\/v2\/users\/1"}],"replies":[{"embeddable":true,"href":"https:\/\/evagrisdansa.com\/ca\/wp-json\/wp\/v2\/comments?post=6460"}],"version-history":[{"count":12,"href":"https:\/\/evagrisdansa.com\/ca\/wp-json\/wp\/v2\/pages\/6460\/revisions"}],"predecessor-version":[{"id":14636,"href":"https:\/\/evagrisdansa.com\/ca\/wp-json\/wp\/v2\/pages\/6460\/revisions\/14636"}],"wp:attachment":[{"href":"https:\/\/evagrisdansa.com\/ca\/wp-json\/wp\/v2\/media?parent=6460"}],"curies":[{"name":"wp","href":"https:\/\/api.w.org\/{rel}","templated":true}]}}